{"id":45789,"date":"2025-04-10T12:11:14","date_gmt":"2025-04-10T10:11:14","guid":{"rendered":"https:\/\/myspainfood.com\/producto\/vermuta-kokteilis-los-cantabros-025-lata-by-jairo-cuetao-pudeles-pildits-bodegas-igarmi\/"},"modified":"2026-01-29T12:55:29","modified_gmt":"2026-01-29T11:55:29","slug":"vermuta-kokteilis-los-cantabros-025-lata-by-jairo-cuetao-pudeles-pildits-bodegas-igarmi","status":"publish","type":"product","link":"https:\/\/myspainfood.com\/lv\/producto\/vermuta-kokteilis-los-cantabros-025-lata-by-jairo-cuetao-pudeles-pildits-bodegas-igarmi\/","title":{"rendered":"Vermuta kokteilis los C\u00e1ntabros 0,25 Lata by Jairo Cuetao pudel\u0113s pild\u012bts bodegas Igarmi"},"content":{"rendered":"<p>Verm\u00fa los C\u00e1ntabros ir velt\u012bjums visiem tiem v\u012brie\u0161iem un sieviet\u0113m, kuri ir zin\u0101ju\u0161i, k\u0101 saglab\u0101t un izplat\u012bt m\u016bsu kult\u016bru.<\/p>\n<p>Ar\u012b m\u016bsu saknes un trad\u012bcijas, ko pavada gadatirgi, festiv\u0101li, sp\u0113les un gastronomija no j\u016bras l\u012bdz m\u016bsu m\u012b\u013c\u0101s Kantabrijas kalniem.<\/p>\n<p>\u0160o produktu pudel\u0113s iepilda Bodegas Igarmi.  <\/p>\n<p>Bodegas Igarmi ir trad\u012bciju turpin\u0101jums, kas kop\u0161 1890. gada raksturojas ar kvalit\u0101ti un klientu apkalpo\u0161anu.<\/p>\n<p>\u0122imenes uz\u0146\u0113mums, kura aizraut\u012bba un aizrau\u0161an\u0101s ar v\u012bnu ir \u013c\u0101vusi pild\u012bt pudel\u0113s un tirgot v\u012bnus ar nep\u0101rsp\u0113jamu kvalit\u0101tes un cenas attiec\u012bbu, ko augstu nov\u0113rt\u0113 tirgus un pat\u0113r\u0113t\u0101ji.<\/p>\n<p>Bodegas Igarmi ir 3000 m\u00b2 lielas telpas Heras pils\u0113t\u0101, kur\u0101s uzglab\u0101 aptuveni vienu miljonu litru v\u012bna.<\/p>\n<p>T\u0101 ir ar\u012b liel\u0101k\u0101 v\u012bna dar\u012btava Kantabrij\u0101.<\/p>\n<p>Vi\u0146i ir lielisks vair\u0101k nek\u0101 30 cilv\u0113ku kolekt\u012bvs, kura m\u0113r\u0137is ir nodro\u0161in\u0101t klientam vislab\u0101ko produktu un vislab\u0101ko apkalpo\u0161anu, ar ko m\u0113s izce\u013camies.<\/p>\n<p>Vi\u0146iem ir 20 transportl\u012bdzek\u013cu autoparks, kas nodro\u0161ina produktu pieg\u0101di un izplat\u012b\u0161anu vis\u0101 Kantabrij\u0101 un kaimi\u0146u re\u0123ionos.<\/p>\n<p>Ja v\u0113laties ieg\u0101d\u0101ties Vermouth Los C\u00e1ntabros 5 litres Bag in Box vai k\u0101du citu dz\u0113rienu, nekautr\u0113jieties iel\u016bkoties m\u016bsu tie\u0161saistes katalog\u0101, lai iepaz\u012btos ar m\u016bsu pla\u0161o dz\u0113rienu kl\u0101stu.<\/p>\n<p>Lai ieg\u016btu vair\u0101k inform\u0101cijas, rakstiet mums.<\/p>\n","protected":false},"excerpt":{"rendered":"<p>Verm\u00fa los C\u00e1ntabros ir velt\u012bjums visiem tiem v\u012brie\u0161iem un sieviet\u0113m, kuri ir zin\u0101ju\u0161i, k\u0101 saglab\u0101t un izplat\u012bt m\u016bsu kult\u016bru. Ar\u012b m\u016bsu saknes un trad\u012bcijas, ko pavada gadatirgi, festiv\u0101li, sp\u0113les un gastronomija no j\u016bras l\u012bdz m\u016bsu m\u012b\u013c\u0101s Kantabrijas kalniem. \u0160o produktu pudel\u0113s iepilda Bodegas Igarmi. Bodegas Igarmi ir trad\u012bciju turpin\u0101jums, kas kop\u0161 1890. gada raksturojas ar [&hellip;]<\/p>\n","protected":false},"featured_media":45795,"template":"","meta":{"_et_pb_use_builder":"","_et_pb_old_content":"","_et_gb_content_width":""},"product_brand":[1244,1245],"product_cat":[4859,6162],"product_tag":[6163],"class_list":{"0":"post-45789","1":"product","2":"type-product","3":"status-publish","4":"has-post-thumbnail","6":"product_brand-igarmi","7":"product_brand-los-cantabros","8":"product_cat-dzerieni","9":"product_cat-vermuts","10":"product_tag-igarmi-lv","12":"first","13":"outofstock","14":"featured","15":"taxable","16":"shipping-taxable","17":"product-type-variable"},"_links":{"self":[{"href":"https:\/\/myspainfood.com\/lv\/wp-json\/wp\/v2\/product\/45789","targetHints":{"allow":["GET"]}}],"collection":[{"href":"https:\/\/myspainfood.com\/lv\/wp-json\/wp\/v2\/product"}],"about":[{"href":"https:\/\/myspainfood.com\/lv\/wp-json\/wp\/v2\/types\/product"}],"wp:featuredmedia":[{"embeddable":true,"href":"https:\/\/myspainfood.com\/lv\/wp-json\/wp\/v2\/media\/45795"}],"wp:attachment":[{"href":"https:\/\/myspainfood.com\/lv\/wp-json\/wp\/v2\/media?parent=45789"}],"wp:term":[{"taxonomy":"product_brand","embeddable":true,"href":"https:\/\/myspainfood.com\/lv\/wp-json\/wp\/v2\/product_brand?post=45789"},{"taxonomy":"product_cat","embeddable":true,"href":"https:\/\/myspainfood.com\/lv\/wp-json\/wp\/v2\/product_cat?post=45789"},{"taxonomy":"product_tag","embeddable":true,"href":"https:\/\/myspainfood.com\/lv\/wp-json\/wp\/v2\/product_tag?post=45789"}],"curies":[{"name":"wp","href":"https:\/\/api.w.org\/{rel}","templated":true}]}}