{"id":45832,"date":"2025-04-10T12:11:27","date_gmt":"2025-04-10T10:11:27","guid":{"rendered":"https:\/\/myspainfood.com\/producto\/olu-zeltijums-ar-ansovu-bokeo-4-gab\/"},"modified":"2025-06-24T13:03:51","modified_gmt":"2025-06-24T11:03:51","slug":"olu-zeltijums-ar-ansovu-bokeo-4-gab","status":"publish","type":"product","link":"https:\/\/myspainfood.com\/lv\/producto\/olu-zeltijums-ar-ansovu-bokeo-4-gab\/","title":{"rendered":"Olu zelt\u012bjums ar an\u0161ovu Bokeo 4 gab."},"content":{"rendered":"<p>\u017dilda ar an\u0161oviem, paipalu olu, ol\u012bv\u0101m, pild\u012bt\u0101m ar an\u0161oviem, piparra un sarkanajiem pipariem.<\/p>\n","protected":false},"excerpt":{"rendered":"<p>\u017dilda ar an\u0161oviem, paipalu olu, ol\u012bv\u0101m, pild\u012bt\u0101m ar an\u0161oviem, piparra un sarkanajiem pipariem.<\/p>\n","protected":false},"featured_media":29349,"template":"","meta":{"_et_pb_use_builder":"","_et_pb_old_content":"","_et_gb_content_width":""},"product_brand":[1277],"product_cat":[1904,1821,1731,1729,1824,2335,1963],"product_tag":[],"class_list":{"0":"post-45832","1":"product","2":"type-product","3":"status-publish","4":"has-post-thumbnail","6":"product_brand-bokeo","7":"product_cat-ansovi-lv","8":"product_cat-cold","9":"product_cat-olivas","10":"product_cat-pickles-lv","11":"product_cat-pintxos-lv","12":"product_cat-pipari","13":"product_cat-saglaba","14":"product_shipping_class-aukstuma-sutijums","16":"first","17":"outofstock","18":"taxable","19":"shipping-taxable","20":"product-type-variable"},"_links":{"self":[{"href":"https:\/\/myspainfood.com\/lv\/wp-json\/wp\/v2\/product\/45832","targetHints":{"allow":["GET"]}}],"collection":[{"href":"https:\/\/myspainfood.com\/lv\/wp-json\/wp\/v2\/product"}],"about":[{"href":"https:\/\/myspainfood.com\/lv\/wp-json\/wp\/v2\/types\/product"}],"wp:featuredmedia":[{"embeddable":true,"href":"https:\/\/myspainfood.com\/lv\/wp-json\/wp\/v2\/media\/29349"}],"wp:attachment":[{"href":"https:\/\/myspainfood.com\/lv\/wp-json\/wp\/v2\/media?parent=45832"}],"wp:term":[{"taxonomy":"product_brand","embeddable":true,"href":"https:\/\/myspainfood.com\/lv\/wp-json\/wp\/v2\/product_brand?post=45832"},{"taxonomy":"product_cat","embeddable":true,"href":"https:\/\/myspainfood.com\/lv\/wp-json\/wp\/v2\/product_cat?post=45832"},{"taxonomy":"product_tag","embeddable":true,"href":"https:\/\/myspainfood.com\/lv\/wp-json\/wp\/v2\/product_tag?post=45832"}],"curies":[{"name":"wp","href":"https:\/\/api.w.org\/{rel}","templated":true}]}}