{"id":45894,"date":"2025-04-10T12:11:27","date_gmt":"2025-04-10T10:11:27","guid":{"rendered":"https:\/\/myspainfood.com\/producto\/don-bosco-polvorones-700-gramu-kaste-la-ponderosa\/"},"modified":"2025-04-10T12:11:27","modified_gmt":"2025-04-10T10:11:27","slug":"don-bosco-polvorones-700-gramu-kaste-la-ponderosa","status":"publish","type":"product","link":"https:\/\/myspainfood.com\/lv\/producto\/don-bosco-polvorones-700-gramu-kaste-la-ponderosa\/","title":{"rendered":"Don Bosco polvorones 700 gramu kaste La Ponderosa"},"content":{"rendered":"<p>Apraksts<\/p>\n<p> \u0160aj\u0101 mini sortimenta maisi\u0146\u0101 700 grs j\u016bs atrad\u012bsiet vistradicion\u0101l\u0101kos Ziemassv\u0113tku \u0113dienus.  <\/p>\n","protected":false},"excerpt":{"rendered":"<p>Apraksts \u0160aj\u0101 mini sortimenta maisi\u0146\u0101 700 grs j\u016bs atrad\u012bsiet vistradicion\u0101l\u0101kos Ziemassv\u0113tku \u0113dienus.<\/p>\n","protected":false},"featured_media":45900,"template":"","meta":{"_et_pb_use_builder":"","_et_pb_old_content":"","_et_gb_content_width":""},"product_brand":[1417],"product_cat":[1963,7726],"product_tag":[],"class_list":{"0":"post-45894","1":"product","2":"type-product","3":"status-publish","4":"has-post-thumbnail","6":"product_brand-la-ponderosa","7":"product_cat-saglaba","8":"product_cat-ziemassvetku-ipasais","10":"first","11":"outofstock","12":"taxable","13":"shipping-taxable","14":"product-type-variable"},"_links":{"self":[{"href":"https:\/\/myspainfood.com\/lv\/wp-json\/wp\/v2\/product\/45894","targetHints":{"allow":["GET"]}}],"collection":[{"href":"https:\/\/myspainfood.com\/lv\/wp-json\/wp\/v2\/product"}],"about":[{"href":"https:\/\/myspainfood.com\/lv\/wp-json\/wp\/v2\/types\/product"}],"wp:featuredmedia":[{"embeddable":true,"href":"https:\/\/myspainfood.com\/lv\/wp-json\/wp\/v2\/media\/45900"}],"wp:attachment":[{"href":"https:\/\/myspainfood.com\/lv\/wp-json\/wp\/v2\/media?parent=45894"}],"wp:term":[{"taxonomy":"product_brand","embeddable":true,"href":"https:\/\/myspainfood.com\/lv\/wp-json\/wp\/v2\/product_brand?post=45894"},{"taxonomy":"product_cat","embeddable":true,"href":"https:\/\/myspainfood.com\/lv\/wp-json\/wp\/v2\/product_cat?post=45894"},{"taxonomy":"product_tag","embeddable":true,"href":"https:\/\/myspainfood.com\/lv\/wp-json\/wp\/v2\/product_tag?post=45894"}],"curies":[{"name":"wp","href":"https:\/\/api.w.org\/{rel}","templated":true}]}}