{"id":45918,"date":"2025-04-10T12:11:27","date_gmt":"2025-04-10T10:11:27","guid":{"rendered":"https:\/\/myspainfood.com\/producto\/sortimenta-maisins-400-grami-la-ponderosa\/"},"modified":"2025-04-10T12:11:27","modified_gmt":"2025-04-10T10:11:27","slug":"sortimenta-maisins-400-grami-la-ponderosa","status":"publish","type":"product","link":"https:\/\/myspainfood.com\/lv\/producto\/sortimenta-maisins-400-grami-la-ponderosa\/","title":{"rendered":"Sortimenta maisi\u0146\u0161 400 grami La Ponderosa"},"content":{"rendered":"<p>Apraksts<\/p>\n<p>\u0160aj\u0101 sortiment\u0101 mini maisi\u0146\u0101 400 grs j\u016bs atrad\u012bsiet tradicion\u0101los Ziemassv\u0113tku produktus. Vien\u0101 produkt\u0101 atrad\u012bsiet: <\/p>\n<p>- V\u012bns un mande\u013cu p\u012br\u0101dzi\u0146i. M\u016bsu izsmalcin\u0101t\u0101 v\u012bna donuta mini versija. Apa\u013cas formas, ar caurumu centr\u0101, gatavoti no sald\u0101 v\u012bna, mandel\u0113m, sezama s\u0113kl\u0101m un p\u016bdercukura.  <\/p>\n<p>- Polvoroncitos de almendra. Kas b\u016btu Ziemassv\u0113tki bez tradicion\u0101lajiem polvoronones? Lai gan m\u016bsu polvoroncitos ir maz\u0101kas nek\u0101 ori\u0123in\u0101l\u0101s, t\u0101s saglab\u0101 mande\u013cu gar\u0161u.  <\/p>\n<p>- Kan\u0113\u013ca pl\u0101tsmaize. Ziemassv\u0113tku karalis kop\u0101 ar polvoronu. M\u016bsu mantecado mini versiju gatavo no t\u0101m pa\u0161\u0101m sast\u0101vda\u013c\u0101m: sviesta, miltiem, maltu mande\u013cu, sezama s\u0113kl\u0101m un kan\u0113\u013ca.  <\/p>\n<p>Sast\u0101vda\u013cas<\/p>\n<p>Mini kan\u0113\u013ca sviests: kvie\u0161u milti, cukurs, Iberijas spe\u0137is (antioksidants: E-320), kan\u0113lis (1%) un sezama s\u0113klas. Var satur\u0113t riekstu, zemesriekstu un sulf\u012btu p\u0113das. <\/p>\n<p>Mini mande\u013cu polvorons: kvie\u0161u milti, cukurs, Ib\u0113rijas salu spe\u0137is (antioksidants: E-320), mandeles (8 %), kan\u0113lis, krustnagli\u0146as un citronu aromatiz\u0113t\u0101js. Var satur\u0113t zemesriekstu, sezama un sulf\u012btu p\u0113das. <\/p>\n<p>V\u012bna un mande\u013cu minidonati\u0146\u0161: kvie\u0161u milti, Ib\u0113rijas sal\u0101tu spe\u0137is (antioksidants: E-320), cukurs, v\u012bns (satur sulf\u012btus) (12 %), mandeles (5 %), an\u012bss, kan\u0113lis, sezama s\u0113klas, an\u012bsa arom\u0101ts un citrona arom\u0101ts. Var satur\u0113t zemesriekstu p\u0113das. <\/p>\n<p>Alerg\u0113ni<\/p>\n<p>Satur lipekli, riekstus, sezamu un sulf\u012btus. Var satur\u0113t zemesriekstu p\u0113das. <\/p>\n","protected":false},"excerpt":{"rendered":"<p>Apraksts \u0160aj\u0101 sortiment\u0101 mini maisi\u0146\u0101 400 grs j\u016bs atrad\u012bsiet tradicion\u0101los Ziemassv\u0113tku produktus. Vien\u0101 produkt\u0101 atrad\u012bsiet: - V\u012bns un mande\u013cu p\u012br\u0101dzi\u0146i. M\u016bsu izsmalcin\u0101t\u0101 v\u012bna donuta mini versija. Apa\u013cas formas, ar caurumu centr\u0101, gatavoti no sald\u0101 v\u012bna, mandel\u0113m, sezama s\u0113kl\u0101m un p\u016bdercukura. - Polvoroncitos de almendra. Kas b\u016btu Ziemassv\u0113tki bez tradicion\u0101lajiem polvoronones? Lai gan m\u016bsu polvoroncitos ir [&hellip;]<\/p>\n","protected":false},"featured_media":45925,"template":"","meta":{"_et_pb_use_builder":"","_et_pb_old_content":"","_et_gb_content_width":""},"product_brand":[1417],"product_cat":[1963,7726],"product_tag":[],"class_list":{"0":"post-45918","1":"product","2":"type-product","3":"status-publish","4":"has-post-thumbnail","6":"product_brand-la-ponderosa","7":"product_cat-saglaba","8":"product_cat-ziemassvetku-ipasais","10":"first","11":"outofstock","12":"taxable","13":"shipping-taxable","14":"product-type-variable"},"_links":{"self":[{"href":"https:\/\/myspainfood.com\/lv\/wp-json\/wp\/v2\/product\/45918","targetHints":{"allow":["GET"]}}],"collection":[{"href":"https:\/\/myspainfood.com\/lv\/wp-json\/wp\/v2\/product"}],"about":[{"href":"https:\/\/myspainfood.com\/lv\/wp-json\/wp\/v2\/types\/product"}],"wp:featuredmedia":[{"embeddable":true,"href":"https:\/\/myspainfood.com\/lv\/wp-json\/wp\/v2\/media\/45925"}],"wp:attachment":[{"href":"https:\/\/myspainfood.com\/lv\/wp-json\/wp\/v2\/media?parent=45918"}],"wp:term":[{"taxonomy":"product_brand","embeddable":true,"href":"https:\/\/myspainfood.com\/lv\/wp-json\/wp\/v2\/product_brand?post=45918"},{"taxonomy":"product_cat","embeddable":true,"href":"https:\/\/myspainfood.com\/lv\/wp-json\/wp\/v2\/product_cat?post=45918"},{"taxonomy":"product_tag","embeddable":true,"href":"https:\/\/myspainfood.com\/lv\/wp-json\/wp\/v2\/product_tag?post=45918"}],"curies":[{"name":"wp","href":"https:\/\/api.w.org\/{rel}","templated":true}]}}