{"id":45926,"date":"2025-04-10T12:11:27","date_gmt":"2025-04-10T10:11:27","guid":{"rendered":"https:\/\/myspainfood.com\/producto\/pasmaju-platsmaize-500-gramu-maisina-la-ponderosa\/"},"modified":"2025-04-10T12:11:27","modified_gmt":"2025-04-10T10:11:27","slug":"pasmaju-platsmaize-500-gramu-maisina-la-ponderosa","status":"publish","type":"product","link":"https:\/\/myspainfood.com\/lv\/producto\/pasmaju-platsmaize-500-gramu-maisina-la-ponderosa\/","title":{"rendered":"Pa\u0161m\u0101ju pl\u0101tsmaize 500 gramu maisi\u0146\u0101 La Ponderosa"},"content":{"rendered":"<p>\u0160okol\u0101des, citrona, kan\u0113\u013ca&#8230; Tirg\u016b ir daudz mantekado gar\u0161u, bet, ja ir t\u0101das, kas oblig\u0101ti j\u0101iek\u013cauj Ziemassv\u0113tku gald\u0101, tad t\u0101s ir m\u0101j\u0101s gatavotas mantekado. Kvalit\u0101tes apvienojums, jo m\u016bsu m\u0101j\u0101s gatavot\u0101s mantecados tiek gatavotas no lab\u0101kaj\u0101m sast\u0101vda\u013c\u0101m, ar meistar\u012bbu un trad\u012bcij\u0101m, kas m\u016bsu valst\u012b tiek tirgotas jau gadiem ilgi, padara t\u0101s par vienu no visvair\u0101k p\u0101rdotajiem produktiem m\u016bsu klientu vid\u016b. <\/p>\n<p>Sast\u0101vda\u013cas:<\/p>\n<p>Kvie\u0161u milti, cukurs, Iberijas spe\u0137is (antioksidants: E-320), kan\u0113lis un sezama s\u0113klas. Var satur\u0113t riekstu, zemesriekstu un sulf\u012btu atliekas. <\/p>\n<p>Alerg\u0113ni<\/p>\n<p>Satur lipekli un sezamu. Var satur\u0113t riekstu, zemesriekstu un sulf\u012btu p\u0113das. <\/p>\n","protected":false},"excerpt":{"rendered":"<p>\u0160okol\u0101des, citrona, kan\u0113\u013ca&#8230; Tirg\u016b ir daudz mantekado gar\u0161u, bet, ja ir t\u0101das, kas oblig\u0101ti j\u0101iek\u013cauj Ziemassv\u0113tku gald\u0101, tad t\u0101s ir m\u0101j\u0101s gatavotas mantekado. Kvalit\u0101tes apvienojums, jo m\u016bsu m\u0101j\u0101s gatavot\u0101s mantecados tiek gatavotas no lab\u0101kaj\u0101m sast\u0101vda\u013c\u0101m, ar meistar\u012bbu un trad\u012bcij\u0101m, kas m\u016bsu valst\u012b tiek tirgotas jau gadiem ilgi, padara t\u0101s par vienu no visvair\u0101k p\u0101rdotajiem produktiem [&hellip;]<\/p>\n","protected":false},"featured_media":45932,"template":"","meta":{"_et_pb_use_builder":"","_et_pb_old_content":"","_et_gb_content_width":""},"product_brand":[1417],"product_cat":[1963,7726],"product_tag":[],"class_list":{"0":"post-45926","1":"product","2":"type-product","3":"status-publish","4":"has-post-thumbnail","6":"product_brand-la-ponderosa","7":"product_cat-saglaba","8":"product_cat-ziemassvetku-ipasais","10":"first","11":"outofstock","12":"taxable","13":"shipping-taxable","14":"product-type-variable"},"_links":{"self":[{"href":"https:\/\/myspainfood.com\/lv\/wp-json\/wp\/v2\/product\/45926","targetHints":{"allow":["GET"]}}],"collection":[{"href":"https:\/\/myspainfood.com\/lv\/wp-json\/wp\/v2\/product"}],"about":[{"href":"https:\/\/myspainfood.com\/lv\/wp-json\/wp\/v2\/types\/product"}],"wp:featuredmedia":[{"embeddable":true,"href":"https:\/\/myspainfood.com\/lv\/wp-json\/wp\/v2\/media\/45932"}],"wp:attachment":[{"href":"https:\/\/myspainfood.com\/lv\/wp-json\/wp\/v2\/media?parent=45926"}],"wp:term":[{"taxonomy":"product_brand","embeddable":true,"href":"https:\/\/myspainfood.com\/lv\/wp-json\/wp\/v2\/product_brand?post=45926"},{"taxonomy":"product_cat","embeddable":true,"href":"https:\/\/myspainfood.com\/lv\/wp-json\/wp\/v2\/product_cat?post=45926"},{"taxonomy":"product_tag","embeddable":true,"href":"https:\/\/myspainfood.com\/lv\/wp-json\/wp\/v2\/product_tag?post=45926"}],"curies":[{"name":"wp","href":"https:\/\/api.w.org\/{rel}","templated":true}]}}