{"id":46139,"date":"2025-04-10T12:12:05","date_gmt":"2025-04-10T10:12:05","guid":{"rendered":"https:\/\/myspainfood.com\/producto\/la-vieja-fabrica-bitter-orange-marmelade-280-g\/"},"modified":"2025-04-10T12:12:05","modified_gmt":"2025-04-10T10:12:05","slug":"la-vieja-fabrica-bitter-orange-marmelade-280-g","status":"publish","type":"product","link":"https:\/\/myspainfood.com\/lv\/producto\/la-vieja-fabrica-bitter-orange-marmelade-280-g\/","title":{"rendered":"La Vieja F\u00e1brica Bitter Orange marmel\u0101de 280 g"},"content":{"rendered":"<p>La Vieja F\u00e1brica r\u016bgto apels\u012bnu marmel\u0101de ir tradicion\u0101ls sp\u0101\u0146u produkts, kas izce\u013cas ar autentisku un gardu gar\u0161u. T\u0101 tiek gatavota no lab\u0101kajiem r\u016bgtajiem apels\u012bniem p\u0113c tradicion\u0101l\u0101m recept\u0113m, un t\u0101 nodro\u0161ina perfektu salduma un r\u016bgtuma l\u012bdzsvaru. \u0160\u012b marmel\u0101de ir ide\u0101li piem\u0113rota brokast\u012bm, uzkod\u0101m vai desertiem, un t\u0101 ir baud\u012bjums, kas uz j\u016bsu galda atkl\u0101j Sp\u0101nijas tradicion\u0101lo gar\u0161u bag\u0101t\u012bbu.  <\/p>\n<p>&nbsp;<\/p>\n<p><span class=\"info-key \"><strong>P\u0101rtikas produkta nosaukums<\/strong>:<\/span> r\u016bgt\u0101 apels\u012bnu marmel\u0101de<\/p>\n<p><span class=\"info-key \"><strong>Uz\u0146\u0113m\u0113ja nosaukums:<\/strong><\/span> \u00c1ngel Camacho Alimentaci\u00f3n, S.L.<\/p>\n<p><span class=\"info-key \"><strong>Operatora adrese:<\/strong><\/span> Avda. del Pilar, 6 - 41530 Mor\u00f3n de la Frontera (Sevilla)<\/p>\n<p><span class=\"info-key \"><strong>P\u0101rtikas produkta izcelsmes vieta:<\/strong><\/span> Sp\u0101nijas izcelsmes produkts.<\/p>\n<p><span class=\"info-key \"><strong>Neto daudzums<\/strong>:<\/span> 365 g<\/p>\n<p><span class=\"info-key \"><strong>Cita oblig\u0101ti nor\u0101d\u0101m\u0101 inform\u0101cija mar\u0137\u0113jum\u0101<\/strong>:<\/span> Izgatavots no 40 g apels\u012bnu 100 g.<\/p>\n<p><strong>Kop\u0113jais cukura saturs<\/strong> 65 g uz 100 g.<\/p>\n","protected":false},"excerpt":{"rendered":"<p>La Vieja F\u00e1brica r\u016bgto apels\u012bnu marmel\u0101de ir tradicion\u0101ls sp\u0101\u0146u produkts, kas izce\u013cas ar autentisku un gardu gar\u0161u. T\u0101 tiek gatavota no lab\u0101kajiem r\u016bgtajiem apels\u012bniem p\u0113c tradicion\u0101l\u0101m recept\u0113m, un t\u0101 nodro\u0161ina perfektu salduma un r\u016bgtuma l\u012bdzsvaru. \u0160\u012b marmel\u0101de ir ide\u0101li piem\u0113rota brokast\u012bm, uzkod\u0101m vai desertiem, un t\u0101 ir baud\u012bjums, kas uz j\u016bsu galda atkl\u0101j Sp\u0101nijas tradicion\u0101lo [&hellip;]<\/p>\n","protected":false},"featured_media":46142,"template":"","meta":{"_et_pb_use_builder":"","_et_pb_old_content":"","_et_gb_content_width":""},"product_brand":[1460],"product_cat":[1963],"product_tag":[],"class_list":{"0":"post-46139","1":"product","2":"type-product","3":"status-publish","4":"has-post-thumbnail","6":"product_brand-la-vieja-fabrica","7":"product_cat-saglaba","9":"first","10":"outofstock","11":"taxable","12":"shipping-taxable","13":"product-type-variable"},"_links":{"self":[{"href":"https:\/\/myspainfood.com\/lv\/wp-json\/wp\/v2\/product\/46139","targetHints":{"allow":["GET"]}}],"collection":[{"href":"https:\/\/myspainfood.com\/lv\/wp-json\/wp\/v2\/product"}],"about":[{"href":"https:\/\/myspainfood.com\/lv\/wp-json\/wp\/v2\/types\/product"}],"wp:featuredmedia":[{"embeddable":true,"href":"https:\/\/myspainfood.com\/lv\/wp-json\/wp\/v2\/media\/46142"}],"wp:attachment":[{"href":"https:\/\/myspainfood.com\/lv\/wp-json\/wp\/v2\/media?parent=46139"}],"wp:term":[{"taxonomy":"product_brand","embeddable":true,"href":"https:\/\/myspainfood.com\/lv\/wp-json\/wp\/v2\/product_brand?post=46139"},{"taxonomy":"product_cat","embeddable":true,"href":"https:\/\/myspainfood.com\/lv\/wp-json\/wp\/v2\/product_cat?post=46139"},{"taxonomy":"product_tag","embeddable":true,"href":"https:\/\/myspainfood.com\/lv\/wp-json\/wp\/v2\/product_tag?post=46139"}],"curies":[{"name":"wp","href":"https:\/\/api.w.org\/{rel}","templated":true}]}}