{"id":46163,"date":"2025-04-10T12:12:05","date_gmt":"2025-04-10T10:12:05","guid":{"rendered":"https:\/\/myspainfood.com\/producto\/santos-sodupe-rioja-rose-daleji-salds-pekadora-rioja\/"},"modified":"2026-01-29T12:39:39","modified_gmt":"2026-01-29T11:39:39","slug":"santos-sodupe-rioja-rose-daleji-salds-pekadora-rioja","status":"publish","type":"product","link":"https:\/\/myspainfood.com\/lv\/producto\/santos-sodupe-rioja-rose-daleji-salds-pekadora-rioja\/","title":{"rendered":"Santos Sodupe Rioja Ros\u00e9 da\u013c\u0113ji salds PEKADORA Rioja"},"content":{"rendered":"<p>Ra\u017eas nov\u0101k\u0161ana nakt\u012b<\/p>\n<p>Aukst\u0101 macer\u0101cija<\/p>\n<p>Spie\u0161ana zemspiediena spied\u0113, br\u012bvi tecin\u0101ta sula<\/p>\n<p>Flot\u0101cijas t\u012br\u012b\u0161ana<\/p>\n<p>Temperat\u016bras kontrol\u0113ta ferment\u0101cija<\/p>\n<p>Tehnisk\u0101s specifik\u0101cijas<\/p>\n<p>  Da\u013c\u0113ji salds roz\u0101<\/p>\n<p>  100% sarkanais grenase<\/p>\n<p>  Bodegas Santos Sodupe<\/p>\n<p>  San Asensio, La Rioja<\/p>\n<p>  D.O.C. Rioja<\/p>\n<p>  75cl \/ 12,5%vol.<\/p>\n<p>  Satur sulf\u012btus<\/p>\n<p>degust\u0101cija<\/p>\n<p>Gai\u0161i t\u012brs roz\u0101, ar la\u0161a kr\u0101sas akcentiem<\/p>\n<p>Balto aug\u013cu un citrusaug\u013cu kompots<\/p>\n<p>Dz\u012bvespriec\u012bga saj\u016bta par l\u012bdzsvaru starp saldumu un sk\u0101bumu.<\/p>\n","protected":false},"excerpt":{"rendered":"<p>Ra\u017eas nov\u0101k\u0161ana nakt\u012b Aukst\u0101 macer\u0101cija Spie\u0161ana zemspiediena spied\u0113, br\u012bvi tecin\u0101ta sula Flot\u0101cijas t\u012br\u012b\u0161ana Temperat\u016bras kontrol\u0113ta ferment\u0101cija Tehnisk\u0101s specifik\u0101cijas Da\u013c\u0113ji salds roz\u0101 100% sarkanais grenase Bodegas Santos Sodupe San Asensio, La Rioja D.O.C. Rioja 75cl \/ 12,5%vol. Satur sulf\u012btus degust\u0101cija Gai\u0161i t\u012brs roz\u0101, ar la\u0161a kr\u0101sas akcentiem Balto aug\u013cu un citrusaug\u013cu kompots Dz\u012bvespriec\u012bga saj\u016bta par l\u012bdzsvaru [&hellip;]<\/p>\n","protected":false},"featured_media":46169,"template":"","meta":{"_et_pb_use_builder":"","_et_pb_old_content":"","_et_gb_content_width":""},"product_brand":[1459],"product_cat":[4859,4861],"product_tag":[],"class_list":{"0":"post-46163","1":"product","2":"type-product","3":"status-publish","4":"has-post-thumbnail","6":"product_brand-santos-sodupe","7":"product_cat-dzerieni","8":"product_cat-vins","10":"first","11":"outofstock","12":"taxable","13":"shipping-taxable","14":"product-type-variable"},"_links":{"self":[{"href":"https:\/\/myspainfood.com\/lv\/wp-json\/wp\/v2\/product\/46163","targetHints":{"allow":["GET"]}}],"collection":[{"href":"https:\/\/myspainfood.com\/lv\/wp-json\/wp\/v2\/product"}],"about":[{"href":"https:\/\/myspainfood.com\/lv\/wp-json\/wp\/v2\/types\/product"}],"wp:featuredmedia":[{"embeddable":true,"href":"https:\/\/myspainfood.com\/lv\/wp-json\/wp\/v2\/media\/46169"}],"wp:attachment":[{"href":"https:\/\/myspainfood.com\/lv\/wp-json\/wp\/v2\/media?parent=46163"}],"wp:term":[{"taxonomy":"product_brand","embeddable":true,"href":"https:\/\/myspainfood.com\/lv\/wp-json\/wp\/v2\/product_brand?post=46163"},{"taxonomy":"product_cat","embeddable":true,"href":"https:\/\/myspainfood.com\/lv\/wp-json\/wp\/v2\/product_cat?post=46163"},{"taxonomy":"product_tag","embeddable":true,"href":"https:\/\/myspainfood.com\/lv\/wp-json\/wp\/v2\/product_tag?post=46163"}],"curies":[{"name":"wp","href":"https:\/\/api.w.org\/{rel}","templated":true}]}}