{"id":46177,"date":"2025-04-10T12:12:05","date_gmt":"2025-04-10T10:12:05","guid":{"rendered":"https:\/\/myspainfood.com\/producto\/santos-sodupe-rioja-sarkanvins-graciano-rioja\/"},"modified":"2026-01-29T12:27:18","modified_gmt":"2026-01-29T11:27:18","slug":"santos-sodupe-rioja-sarkanvins-graciano-rioja","status":"publish","type":"product","link":"https:\/\/myspainfood.com\/lv\/producto\/santos-sodupe-rioja-sarkanvins-graciano-rioja\/","title":{"rendered":"Santos Sodupe Rioja sarkanv\u012bns GRACIANO Rioja"},"content":{"rendered":"<p>100% Graciano<\/p>\n<p>16 m\u0113ne\u0161i ozolkoka muc\u0101s<\/p>\n<p>Fran\u010du<\/p>\n<p>Vecie v\u012bnogul\u0101ji<\/p>\n<p>Ra\u017eas nov\u0101k\u0161ana, kas atlas\u012bta uz v\u012bnogul\u0101ja<\/p>\n<p>Zelta meda\u013ca Top v\u012bns 2021<\/p>\n<p>Civas Zelta zelta meda\u013ca 2023<\/p>\n<p>Tehnisk\u0101s specifik\u0101cijas<\/p>\n<p>Paraksta sarkanv\u012bns<\/p>\n<p>100% graciano<\/p>\n<p>Bodegas Santos Sodupe<\/p>\n<p>San Asensio, La Rioja<\/p>\n<p>D.O.C. Rioja<\/p>\n<p>75cl \/ 12,5%vol.<\/p>\n<p>Satur sulf\u012btus<\/p>\n<p>degust\u0101cija<\/p>\n<p>\u0136ir\u0161u sarkans ar okras to\u0146iem<\/p>\n<p>Pikantas un koksnes notis ar nogatavoju\u0161os sarkano aug\u013cu piegar\u0161u.<\/p>\n<p>Ga\u013c\u012bgs un gar\u0161, c\u0113ls tan\u012bns, piln\u012bba un strukt\u016bra.<\/p>\n","protected":false},"excerpt":{"rendered":"<p>100% Graciano 16 m\u0113ne\u0161i ozolkoka muc\u0101s Fran\u010du Vecie v\u012bnogul\u0101ji Ra\u017eas nov\u0101k\u0161ana, kas atlas\u012bta uz v\u012bnogul\u0101ja Zelta meda\u013ca Top v\u012bns 2021 Civas Zelta zelta meda\u013ca 2023 Tehnisk\u0101s specifik\u0101cijas Paraksta sarkanv\u012bns 100% graciano Bodegas Santos Sodupe San Asensio, La Rioja D.O.C. Rioja 75cl \/ 12,5%vol. Satur sulf\u012btus degust\u0101cija \u0136ir\u0161u sarkans ar okras to\u0146iem Pikantas un koksnes notis [&hellip;]<\/p>\n","protected":false},"featured_media":46183,"template":"","meta":{"_et_pb_use_builder":"","_et_pb_old_content":"","_et_gb_content_width":""},"product_brand":[1459],"product_cat":[4859,4861],"product_tag":[],"class_list":{"0":"post-46177","1":"product","2":"type-product","3":"status-publish","4":"has-post-thumbnail","6":"product_brand-santos-sodupe","7":"product_cat-dzerieni","8":"product_cat-vins","10":"first","11":"outofstock","12":"taxable","13":"shipping-taxable","14":"product-type-variable"},"_links":{"self":[{"href":"https:\/\/myspainfood.com\/lv\/wp-json\/wp\/v2\/product\/46177","targetHints":{"allow":["GET"]}}],"collection":[{"href":"https:\/\/myspainfood.com\/lv\/wp-json\/wp\/v2\/product"}],"about":[{"href":"https:\/\/myspainfood.com\/lv\/wp-json\/wp\/v2\/types\/product"}],"wp:featuredmedia":[{"embeddable":true,"href":"https:\/\/myspainfood.com\/lv\/wp-json\/wp\/v2\/media\/46183"}],"wp:attachment":[{"href":"https:\/\/myspainfood.com\/lv\/wp-json\/wp\/v2\/media?parent=46177"}],"wp:term":[{"taxonomy":"product_brand","embeddable":true,"href":"https:\/\/myspainfood.com\/lv\/wp-json\/wp\/v2\/product_brand?post=46177"},{"taxonomy":"product_cat","embeddable":true,"href":"https:\/\/myspainfood.com\/lv\/wp-json\/wp\/v2\/product_cat?post=46177"},{"taxonomy":"product_tag","embeddable":true,"href":"https:\/\/myspainfood.com\/lv\/wp-json\/wp\/v2\/product_tag?post=46177"}],"curies":[{"name":"wp","href":"https:\/\/api.w.org\/{rel}","templated":true}]}}