{"id":46511,"date":"2025-04-10T12:07:16","date_gmt":"2025-04-10T10:07:16","guid":{"rendered":"https:\/\/myspainfood.com\/producto\/ziedu-medus-1-kg-la-celda-real\/"},"modified":"2025-04-10T12:07:16","modified_gmt":"2025-04-10T10:07:16","slug":"ziedu-medus-1-kg-la-celda-real","status":"publish","type":"product","link":"https:\/\/myspainfood.com\/lv\/producto\/ziedu-medus-1-kg-la-celda-real\/","title":{"rendered":"Ziedu medus 1 kg La Celda Real"},"content":{"rendered":"<p style=\"text-align: left\">Miel de Flores 1 kg ir produkts, kas tiek ra\u017eots, pateicoties pla\u0161\u0101m iek\u0101rt\u0101m, kas apr\u012bkotas ar automatiz\u0113t\u0101m <a href=\"https:\/\/es.wikipedia.org\/wiki\/Miel\" target=\"_blank\" rel=\"noopener noreferrer nofollow\">ra\u017eo\u0161anas<\/a> l\u012bnij\u0101m un integr\u0113tu kvalit\u0101tes sist\u0113mu.<\/p>\n<p style=\"text-align: left\">P\u0113c tam, kad pieredz\u0113ju\u0161i bi\u0161kopji ir iev\u0101ku\u0161i ra\u017eu, produktu iepako, nodro\u0161inot maksim\u0101lu t\u0101 dabisko \u012bpa\u0161\u012bbu saglab\u0101\u0161anu.<\/p>\n<p style=\"text-align: left\">\u0160is produkts att\u012bst\u0101s, pateicoties visu t\u0101 veidot\u0101ju pieredzei, zin\u0101\u0161an\u0101m un entuziasmam, l\u012bdzsvaroti iev\u0113rojot lab\u0101k\u0101s trad\u012bcijas, saglab\u0101jot pag\u0101tnes labo darbu un izmantojot ra\u017eo\u0161anas procesus, kas nodro\u0161ina <strong>gala produkta kvalit\u0101ti.<\/strong><\/p>\n<p style=\"text-align: left\">Medus ir pilnv\u0113rt\u012bgs p\u0101rtikas produkts, ko bites ra\u017eo no nekt\u0101ra, ko t\u0101s ieg\u016bst no ziediem.<\/p>\n<p style=\"text-align: left\">Tas ir zeltainas kr\u0101sas, viskozs, salds un gar\u0161\u012bgs \u0161\u0137idrums, ko bites saglab\u0101, lai vasaras sezon\u0101 barotu sevi.<\/p>\n<p style=\"text-align: left\">Tam ir daudz priek\u0161roc\u012bbu, piem\u0113ram:<\/p>\n<ul style=\"text-align: left\">\n<li>Tas ir cukura aizst\u0101j\u0113js. Dab\u012bgs un gar\u0161\u012bgs. <\/li>\n<li>Tas stiprina j\u016bsu aizsargsp\u0113jas. T\u0101 aizsarg\u0101 j\u016bs organiski. <\/li>\n<li>Nov\u0113r\u0161 infekcijas. Tas r\u016bp\u0113jas par j\u016bsu vesel\u012bbu. <\/li>\n<li>Tas ikdien\u0101 sniedz jums papildu ener\u0123iju.<\/li>\n<li>  Pal\u012bdz veicin\u0101t gremo\u0161anu<\/li>\n<\/ul>\n<p style=\"text-align: left\">Ja v\u0113laties ieg\u0101d\u0101ties Miel de Flores 1 kg vai cita veida <a href=\"https:\/\/latiendadesami.com\/categoria-producto\/conservas\/\" rel=\"noopener noreferrer nofollow\" target=\"_blank\">konservus<\/a>, nevilcinieties un apl\u016bkojiet m\u016bsu tie\u0161saistes katalogu, lai iepaz\u012btos ar m\u016bsu pla\u0161o pied\u0101v\u0101jumu.<\/p>\n<p style=\"text-align: left\">Lai ieg\u016btu vair\u0101k inform\u0101cijas, rakstiet mums.<\/p>\n","protected":false},"excerpt":{"rendered":"<p>Ziedu medus 1 kg<\/p>\n","protected":false},"featured_media":46524,"template":"","meta":{"_et_pb_use_builder":"","_et_pb_old_content":"","_et_gb_content_width":""},"product_brand":[1210],"product_cat":[2878,1963],"product_tag":[],"class_list":{"0":"post-46511","1":"product","2":"type-product","3":"status-publish","4":"has-post-thumbnail","6":"product_brand-la-celda-real","7":"product_cat-medus-lv","8":"product_cat-saglaba","10":"first","11":"instock","12":"taxable","13":"shipping-taxable","14":"purchasable","15":"product-type-variable"},"_links":{"self":[{"href":"https:\/\/myspainfood.com\/lv\/wp-json\/wp\/v2\/product\/46511","targetHints":{"allow":["GET"]}}],"collection":[{"href":"https:\/\/myspainfood.com\/lv\/wp-json\/wp\/v2\/product"}],"about":[{"href":"https:\/\/myspainfood.com\/lv\/wp-json\/wp\/v2\/types\/product"}],"wp:featuredmedia":[{"embeddable":true,"href":"https:\/\/myspainfood.com\/lv\/wp-json\/wp\/v2\/media\/46524"}],"wp:attachment":[{"href":"https:\/\/myspainfood.com\/lv\/wp-json\/wp\/v2\/media?parent=46511"}],"wp:term":[{"taxonomy":"product_brand","embeddable":true,"href":"https:\/\/myspainfood.com\/lv\/wp-json\/wp\/v2\/product_brand?post=46511"},{"taxonomy":"product_cat","embeddable":true,"href":"https:\/\/myspainfood.com\/lv\/wp-json\/wp\/v2\/product_cat?post=46511"},{"taxonomy":"product_tag","embeddable":true,"href":"https:\/\/myspainfood.com\/lv\/wp-json\/wp\/v2\/product_tag?post=46511"}],"curies":[{"name":"wp","href":"https:\/\/api.w.org\/{rel}","templated":true}]}}