{"id":47886,"date":"2025-04-10T12:06:14","date_gmt":"2025-04-10T10:06:14","guid":{"rendered":"https:\/\/myspainfood.com\/producto\/kantabrijas-ansovi-120-gr\/"},"modified":"2025-06-24T10:56:05","modified_gmt":"2025-06-24T08:56:05","slug":"kantabrijas-ansovi-120-gr","status":"publish","type":"product","link":"https:\/\/myspainfood.com\/lv\/producto\/kantabrijas-ansovi-120-gr\/","title":{"rendered":"Kantabrijas an\u0161ovi 120 gr"},"content":{"rendered":"<p>Kantabrijas an\u0161ovi ir tirg\u016b visaugst\u0101k nov\u0113rt\u0113tie un iecien\u012bt\u0101kie, tie izce\u013cas ar smalku tekst\u016bru un intens\u012bvu gar\u0161u. Arroyabe Cantabrian An\u0161ovi ir augst\u0101k\u0101s kvalit\u0101tes, tikai Kantabrijas j\u016br\u0101 nozvejoti Engraulis Encrasicholus sugas an\u0161ovi, kas ieg\u016bti, izmantojot tradicion\u0101l\u0101s metodes. <\/p>\n<p>Ir divu veidu da\u013c\u0113ji konserv\u0113ti an\u0161ovi: an\u0161ovu filejas e\u013c\u013c\u0101 un s\u0101l\u012bti an\u0161ovi. S\u0101l\u012bt\u0101s an\u0161ovijas pavasara piekrastes sezon\u0101 iesai\u0146o konservu k\u0101rb\u0101s ar s\u0101li un p\u0113c tam atst\u0101j nogatavin\u0101ties uz 9 m\u0113ne\u0161iem. Tie ir lab\u0101kais risin\u0101jums tiem, kas v\u0113las pagatavot an\u0161ovus p\u0113c savas gaumes, un s\u0101l\u012btus an\u0161ovus var ieg\u0101d\u0101ties 2,5, 5 un 10 kg bund\u017e\u0101s.  <\/p>\n<p>An\u0161ovu filejas ol\u012bve\u013c\u013c\u0101 papildu priek\u0161roc\u012bba ir t\u0101, ka p\u0113c nogatavin\u0101\u0161anas t\u0101s t\u012bra un filej\u0113 ar rok\u0101m, izmantojot tradicion\u0101l\u0101s an\u0161ovu apstr\u0101des metodes.<\/p>\n","protected":false},"excerpt":{"rendered":"<p>Kantabrijas an\u0161ovi ir tirg\u016b visaugst\u0101k nov\u0113rt\u0113tie un iecien\u012bt\u0101kie, tie izce\u013cas ar smalku tekst\u016bru un intens\u012bvu gar\u0161u. Arroyabe Cantabrian An\u0161ovi ir augst\u0101k\u0101s kvalit\u0101tes, tikai Kantabrijas j\u016br\u0101 nozvejoti Engraulis Encrasicholus sugas an\u0161ovi, kas ieg\u016bti, izmantojot tradicion\u0101l\u0101s metodes. Ir divu veidu da\u013c\u0113ji konserv\u0113ti an\u0161ovi: an\u0161ovu filejas e\u013c\u013c\u0101 un s\u0101l\u012bti an\u0161ovi. S\u0101l\u012bt\u0101s an\u0161ovijas pavasara piekrastes sezon\u0101 iesai\u0146o konservu k\u0101rb\u0101s [&hellip;]<\/p>\n","protected":false},"featured_media":47892,"template":"","meta":{"_et_pb_use_builder":"","_et_pb_old_content":"","_et_gb_content_width":""},"product_brand":[1127],"product_cat":[1823,1821],"product_tag":[],"class_list":{"0":"post-47886","1":"product","2":"type-product","3":"status-publish","4":"has-post-thumbnail","6":"product_brand-picarpicar","7":"product_cat-ansovi","8":"product_cat-cold","9":"product_shipping_class-aukstuma-sutijums","11":"first","12":"instock","13":"featured","14":"taxable","15":"shipping-taxable","16":"purchasable","17":"product-type-variable"},"_links":{"self":[{"href":"https:\/\/myspainfood.com\/lv\/wp-json\/wp\/v2\/product\/47886","targetHints":{"allow":["GET"]}}],"collection":[{"href":"https:\/\/myspainfood.com\/lv\/wp-json\/wp\/v2\/product"}],"about":[{"href":"https:\/\/myspainfood.com\/lv\/wp-json\/wp\/v2\/types\/product"}],"wp:featuredmedia":[{"embeddable":true,"href":"https:\/\/myspainfood.com\/lv\/wp-json\/wp\/v2\/media\/47892"}],"wp:attachment":[{"href":"https:\/\/myspainfood.com\/lv\/wp-json\/wp\/v2\/media?parent=47886"}],"wp:term":[{"taxonomy":"product_brand","embeddable":true,"href":"https:\/\/myspainfood.com\/lv\/wp-json\/wp\/v2\/product_brand?post=47886"},{"taxonomy":"product_cat","embeddable":true,"href":"https:\/\/myspainfood.com\/lv\/wp-json\/wp\/v2\/product_cat?post=47886"},{"taxonomy":"product_tag","embeddable":true,"href":"https:\/\/myspainfood.com\/lv\/wp-json\/wp\/v2\/product_tag?post=47886"}],"curies":[{"name":"wp","href":"https:\/\/api.w.org\/{rel}","templated":true}]}}