{"id":47930,"date":"2025-04-10T12:06:14","date_gmt":"2025-04-10T10:06:14","guid":{"rendered":"https:\/\/myspainfood.com\/producto\/boqueron-picarpicar-200-gr\/"},"modified":"2026-01-29T11:54:20","modified_gmt":"2026-01-29T10:54:20","slug":"boqueron-picarpicar-200-gr","status":"publish","type":"product","link":"https:\/\/myspainfood.com\/lv\/producto\/boqueron-picarpicar-200-gr\/","title":{"rendered":"An\u0161ovi Picar&amp;Picar 260 gr"},"content":{"rendered":"<p>Boquer\u00f3n Picar&amp;Picar 200 gr ir an\u0161ovi ar \u0137iplokiem un p\u0113ters\u012b\u013ciem, kas ir 200 gr iepakojum\u0101.<\/p>\n<p>\u0160is <a href=\"https:\/\/picaripicar.com\/presentacion\/\" target=\"_blank\" rel=\"noopener noreferrer nofollow\">produkts<\/a> ir konserv\u0113ts saulespu\u0137u e\u013c\u013c\u0101, eti\u0137\u012b un \u0137iplokos.<\/p>\n<p>Papl\u0101te j\u0101uztur 0 l\u012bdz 4 \u00b0C temperat\u016br\u0101.<\/p>\n<p>T\u0101s pagatavo\u0161anai izmanto not\u012br\u012btas an\u0161ovu filejas, kur\u0101m s\u0101kotn\u0113ji ir br\u016bngans m\u012bkstums.<\/p>\n<p>T\u0101s izce\u013c \u0101r\u0113j\u0101s \u0101das sudrabainos atsp\u012bdumus, un t\u0101s iegremd\u0113 papl\u0101t\u0113 (stikla, nekad met\u0101la, jo eti\u0137\u012b eso\u0161\u0101 eti\u0137sk\u0101be to var\u0113tu saboj\u0101t) ar s\u0101li, \u016bdeni un eti\u0137i uz 3 stund\u0101m \u016bden\u012b un aptuveni 6 stund\u0101m eti\u0137\u012b v\u0113s\u0101 viet\u0101.<\/p>\n<p>Iepriek\u0161 br\u016bn\u0101s an\u0161ovu filejas, kas iepriek\u0161 bija br\u016bnas, p\u0113c eti\u0137a iedarb\u012bbas k\u013c\u016bs baltas.<\/p>\n<p>P\u0113c tam, kad \u0161\u0137idrums ir notec\u0113jis, garn\u0113 ar lielu daudzumu sasmalcin\u0101tu \u0137iploku, ol\u012bve\u013c\u013cu un p\u0113ters\u012b\u013ciem.<\/p>\n<p>\u0160o \u0113dienu parasti \u0113d aukstu ar alu (v\u012bnu lietot nav ieteicams, jo eti\u0137is slikti mijiedarbojas ar v\u012bnu).<\/p>\n<p>Sp\u0101nij\u0101 tas ir \u013coti tipisks aperit\u012bvs, \u012bpa\u0161i silt\u0101kos m\u0113ne\u0161os.<\/p>\n<p>Sp\u0101nij\u0101 tie ir tipiski daudzu b\u0101ru un restor\u0101nu plauktos uz papl\u0101t\u0113m.<\/p>\n<p>Porciju bie\u017ei garn\u0113 ar marin\u0113tiem gur\u0137iem: kaperiem vai ol\u012bv\u0101m un pasniedz ar kartupe\u013cu \u010dipsi uz liela \u0161\u0137\u012bvja.<\/p>\n<p>Sp\u0101nij\u0101 \u0161o produktu p\u0101rdod lielos lielveikalos da\u017e\u0101da lieluma plastmasas toveros, kuriem j\u0101pievieno tikai \u0137iploki un p\u0113ters\u012b\u013ci.<\/p>\n<p>Ja v\u0113laties ieg\u0101d\u0101ties Boquer\u00f3n Picar&amp;Picar 200 gr vai k\u0101du citu <a href=\"https:\/\/latiendadesami.com\/categoria-producto\/frio\/\" rel=\"noopener noreferrer nofollow\" target=\"_blank\">aukst\u0101 \u0113diena<\/a> veidu, nekautr\u0113jieties apskat\u012bt m\u016bsu tie\u0161saistes katalogu. Mums ir visaugst\u0101k\u0101 kvalit\u0101te par lab\u0101ko cenu.<\/p>\n<p>Lai ieg\u016btu vair\u0101k inform\u0101cijas vai ja jums ir k\u0101di jaut\u0101jumi par \u0161o vai jebkuru citu produktu, rakstiet mums.<\/p>\n","protected":false},"excerpt":{"rendered":"<p>Boquer\u00f3n Picar&amp;Picar 200 gr ir an\u0161ovi ar \u0137iplokiem un p\u0113ters\u012b\u013ciem, kas ir 200 gr iepakojum\u0101. \u0160is produkts ir konserv\u0113ts saulespu\u0137u e\u013c\u013c\u0101, eti\u0137\u012b un \u0137iplokos. Papl\u0101te j\u0101uztur 0 l\u012bdz 4 \u00b0C temperat\u016br\u0101. T\u0101s pagatavo\u0161anai izmanto not\u012br\u012btas an\u0161ovu filejas, kur\u0101m s\u0101kotn\u0113ji ir br\u016bngans m\u012bkstums. T\u0101s izce\u013c \u0101r\u0113j\u0101s \u0101das sudrabainos atsp\u012bdumus, un t\u0101s iegremd\u0113 papl\u0101t\u0113 (stikla, nekad met\u0101la, [&hellip;]<\/p>\n","protected":false},"featured_media":47937,"template":"","meta":{"_et_pb_use_builder":"","_et_pb_old_content":"","_et_gb_content_width":""},"product_brand":[1127],"product_cat":[1904,1821],"product_tag":[],"class_list":{"0":"post-47930","1":"product","2":"type-product","3":"status-publish","4":"has-post-thumbnail","6":"product_brand-picarpicar","7":"product_cat-ansovi-lv","8":"product_cat-cold","9":"product_shipping_class-aukstuma-sutijums","11":"first","12":"instock","13":"taxable","14":"shipping-taxable","15":"product-type-variable"},"_links":{"self":[{"href":"https:\/\/myspainfood.com\/lv\/wp-json\/wp\/v2\/product\/47930","targetHints":{"allow":["GET"]}}],"collection":[{"href":"https:\/\/myspainfood.com\/lv\/wp-json\/wp\/v2\/product"}],"about":[{"href":"https:\/\/myspainfood.com\/lv\/wp-json\/wp\/v2\/types\/product"}],"wp:featuredmedia":[{"embeddable":true,"href":"https:\/\/myspainfood.com\/lv\/wp-json\/wp\/v2\/media\/47937"}],"wp:attachment":[{"href":"https:\/\/myspainfood.com\/lv\/wp-json\/wp\/v2\/media?parent=47930"}],"wp:term":[{"taxonomy":"product_brand","embeddable":true,"href":"https:\/\/myspainfood.com\/lv\/wp-json\/wp\/v2\/product_brand?post=47930"},{"taxonomy":"product_cat","embeddable":true,"href":"https:\/\/myspainfood.com\/lv\/wp-json\/wp\/v2\/product_cat?post=47930"},{"taxonomy":"product_tag","embeddable":true,"href":"https:\/\/myspainfood.com\/lv\/wp-json\/wp\/v2\/product_tag?post=47930"}],"curies":[{"name":"wp","href":"https:\/\/api.w.org\/{rel}","templated":true}]}}