{"id":48093,"date":"2025-04-10T12:09:50","date_gmt":"2025-04-10T10:09:50","guid":{"rendered":"https:\/\/myspainfood.com\/producto\/piparu-salati-ar-tunci-alsur-120-vienibas\/"},"modified":"2025-04-10T12:09:50","modified_gmt":"2025-04-10T10:09:50","slug":"piparu-salati-ar-tunci-alsur-120-vienibas","status":"publish","type":"product","link":"https:\/\/myspainfood.com\/lv\/producto\/piparu-salati-ar-tunci-alsur-120-vienibas\/","title":{"rendered":"Piparu sal\u0101ti ar tunci Alsur 120 vien\u012bbas"},"content":{"rendered":"<p><a href=\"https:\/\/www.alsurvegetales.com\/producto\/id\/26\/ensalada-de-pimiento-asado-con-atun\" target=\"_blank\" rel=\"noopener noreferrer nofollow\">Alsur<\/a> piparu sal\u0101ti ar tunci ir izdev\u012bgi, pateicoties to main\u012bgajai kr\u0101sai no gai\u0161i l\u012bdz tum\u0161i sarkanai, gar\u0161as nians\u0113m un maigajai konsistencei.<\/p>\n<p>No \u0161iem ceptajiem pipariem kop\u0101 ar s\u012bpoliem pagatavo gar\u0161\u012bgu \u0113dienu, ko ir \u013coti viegli pagatavot.<\/p>\n<p>Stikla burka sver 340 gramus.<\/p>\n<p>Uzglab\u0101t v\u0113s\u0101, saus\u0101 viet\u0101. P\u0113c atv\u0113r\u0161anas uzglab\u0101t ledusskap\u012b un pat\u0113r\u0113t 7 dienu laik\u0101. <\/p>\n<p>Sast\u0101vda\u013cas: Sast\u0101vda\u013cas: pikiljo pipari, s\u012bpoli, \u016bdens, cukurs, cukurs, tuncis (5%), eti\u0137is, s\u0101ls un citronsk\u0101be.<\/p>\n<p>Alsur ir \u0123imenes uz\u0146\u0113mums, kura galvenais varonis ir \u0113diena b\u016bt\u012bba.<\/p>\n<h4>Galven\u0101s konservu priek\u0161roc\u012bbas<\/h4>\n<ol>\n<li>Tie saglab\u0101 visas p\u0101rtikas produkta uzturv\u0113rt\u012bbas. P\u0101rtika saglab\u0101 savu svaigumu. <\/li>\n<li>Izmantotie p\u0101rtikas produkti ir vesel\u012bgi un t\u0101p\u0113c piem\u0113roti optim\u0101lam uzturam, jo tajos ir liels vitam\u012bnu un olbaltumvielu saturs.<\/li>\n<li>\u0160iem izstr\u0101d\u0101jumiem ir ilg\u0101ks kalpo\u0161anas laiks (parasti 2-5 gadi).<\/li>\n<li>Konservi ir \u013coti \u0113rti uzglab\u0101jami, jo to iepakojums ir viegli uzkl\u0101jams.<\/li>\n<\/ol>\n<p>Ja v\u0113laties ieg\u0101d\u0101ties piparu sal\u0101tus ar tunci vai jebkura cita veida <a href=\"https:\/\/latiendadesami.com\/categoria-producto\/conservas\/\" rel=\"noopener noreferrer nofollow\" target=\"_blank\">konservus<\/a>, nevilcinieties un apskatiet m\u016bsu tie\u0161saistes katalogu, lai iepaz\u012btos ar m\u016bsu pla\u0161o <a href=\"https:\/\/latiendadesami.com\/categoria-producto\/conservas\/atun-y-bonito\/\" target=\"_blank\" rel=\"noopener noreferrer nofollow\">tun\u010da<\/a> kl\u0101stu.<\/p>\n<p>Lai ieg\u016btu vair\u0101k inform\u0101cijas, rakstiet mums.<\/p>\n","protected":false},"excerpt":{"rendered":"<p>Alsur piparu sal\u0101ti ar tunci ir izdev\u012bgi, pateicoties to main\u012bgajai kr\u0101sai no gai\u0161i l\u012bdz tum\u0161i sarkanai, gar\u0161as nians\u0113m un maigajai konsistencei. No \u0161iem ceptajiem pipariem kop\u0101 ar s\u012bpoliem pagatavo gar\u0161\u012bgu \u0113dienu, ko ir \u013coti viegli pagatavot. Stikla burka sver 340 gramus. Uzglab\u0101t v\u0113s\u0101, saus\u0101 viet\u0101. P\u0113c atv\u0113r\u0161anas uzglab\u0101t ledusskap\u012b un pat\u0113r\u0113t 7 dienu laik\u0101. Sast\u0101vda\u013cas: [&hellip;]<\/p>\n","protected":false},"featured_media":48096,"template":"","meta":{"_et_pb_use_builder":"","_et_pb_old_content":"","_et_gb_content_width":""},"product_brand":[1196],"product_cat":[2335,1963,4268,2879],"product_tag":[],"class_list":{"0":"post-48093","1":"product","2":"type-product","3":"status-publish","4":"has-post-thumbnail","6":"product_brand-alsur","7":"product_cat-pipari","8":"product_cat-saglaba","9":"product_cat-tunzivis-un-bonito","10":"product_cat-vairumtirdznieciba","12":"first","13":"outofstock","14":"taxable","15":"shipping-taxable","16":"purchasable","17":"product-type-simple"},"_links":{"self":[{"href":"https:\/\/myspainfood.com\/lv\/wp-json\/wp\/v2\/product\/48093","targetHints":{"allow":["GET"]}}],"collection":[{"href":"https:\/\/myspainfood.com\/lv\/wp-json\/wp\/v2\/product"}],"about":[{"href":"https:\/\/myspainfood.com\/lv\/wp-json\/wp\/v2\/types\/product"}],"wp:featuredmedia":[{"embeddable":true,"href":"https:\/\/myspainfood.com\/lv\/wp-json\/wp\/v2\/media\/48096"}],"wp:attachment":[{"href":"https:\/\/myspainfood.com\/lv\/wp-json\/wp\/v2\/media?parent=48093"}],"wp:term":[{"taxonomy":"product_brand","embeddable":true,"href":"https:\/\/myspainfood.com\/lv\/wp-json\/wp\/v2\/product_brand?post=48093"},{"taxonomy":"product_cat","embeddable":true,"href":"https:\/\/myspainfood.com\/lv\/wp-json\/wp\/v2\/product_cat?post=48093"},{"taxonomy":"product_tag","embeddable":true,"href":"https:\/\/myspainfood.com\/lv\/wp-json\/wp\/v2\/product_tag?post=48093"}],"curies":[{"name":"wp","href":"https:\/\/api.w.org\/{rel}","templated":true}]}}