{"id":48229,"date":"2025-04-10T12:06:46","date_gmt":"2025-04-10T10:06:46","guid":{"rendered":"https:\/\/myspainfood.com\/producto\/spargeli-d-o-navarra-5-augli-cambra\/"},"modified":"2025-04-10T12:06:46","modified_gmt":"2025-04-10T10:06:46","slug":"spargeli-d-o-navarra-5-augli-cambra","status":"publish","type":"product","link":"https:\/\/myspainfood.com\/lv\/producto\/spargeli-d-o-navarra-5-augli-cambra\/","title":{"rendered":"Spar\u0123e\u013ci D. O. Navarra 5 aug\u013ci Cambra"},"content":{"rendered":"<p>Spar\u0123e\u013ci <strong>D.O. Navarra<\/strong> stikla iepakojum\u0101 ar 5 aug\u013ciem ekstra.<\/p>\n<p> Autentiski spar\u0123e\u013ci no Navarras ar \u013coti lielu izm\u0113ru. <strong>\u012apa\u0161a kvalit\u0101te.<\/strong><\/p>\n","protected":false},"excerpt":{"rendered":"<p>Spar\u0123e\u013ci D.O. Navarra stikla iepakojum\u0101 ar 5 aug\u013ciem ekstra. Autentiski spar\u0123e\u013ci no Navarras ar \u013coti lielu izm\u0113ru. \u012apa\u0161a kvalit\u0101te.<\/p>\n","protected":false},"featured_media":48238,"template":"","meta":{"_et_pb_use_builder":"","_et_pb_old_content":"","_et_gb_content_width":""},"product_brand":[1129],"product_cat":[1963,6401],"product_tag":[9856],"class_list":{"0":"post-48229","1":"product","2":"type-product","3":"status-publish","4":"has-post-thumbnail","6":"product_brand-mateo","7":"product_cat-saglaba","8":"product_cat-spargeli","9":"product_tag-navarra-lv","11":"first","12":"outofstock","13":"taxable","14":"shipping-taxable","15":"product-type-variable"},"_links":{"self":[{"href":"https:\/\/myspainfood.com\/lv\/wp-json\/wp\/v2\/product\/48229","targetHints":{"allow":["GET"]}}],"collection":[{"href":"https:\/\/myspainfood.com\/lv\/wp-json\/wp\/v2\/product"}],"about":[{"href":"https:\/\/myspainfood.com\/lv\/wp-json\/wp\/v2\/types\/product"}],"wp:featuredmedia":[{"embeddable":true,"href":"https:\/\/myspainfood.com\/lv\/wp-json\/wp\/v2\/media\/48238"}],"wp:attachment":[{"href":"https:\/\/myspainfood.com\/lv\/wp-json\/wp\/v2\/media?parent=48229"}],"wp:term":[{"taxonomy":"product_brand","embeddable":true,"href":"https:\/\/myspainfood.com\/lv\/wp-json\/wp\/v2\/product_brand?post=48229"},{"taxonomy":"product_cat","embeddable":true,"href":"https:\/\/myspainfood.com\/lv\/wp-json\/wp\/v2\/product_cat?post=48229"},{"taxonomy":"product_tag","embeddable":true,"href":"https:\/\/myspainfood.com\/lv\/wp-json\/wp\/v2\/product_tag?post=48229"}],"curies":[{"name":"wp","href":"https:\/\/api.w.org\/{rel}","templated":true}]}}