{"id":48456,"date":"2025-04-10T12:09:50","date_gmt":"2025-04-10T10:09:50","guid":{"rendered":"https:\/\/myspainfood.com\/producto\/baklazanu-gabalini-la-encajera-almagro-700-grami-120-vienibas\/"},"modified":"2025-04-10T12:09:50","modified_gmt":"2025-04-10T10:09:50","slug":"baklazanu-gabalini-la-encajera-almagro-700-grami-120-vienibas","status":"publish","type":"product","link":"https:\/\/myspainfood.com\/lv\/producto\/baklazanu-gabalini-la-encajera-almagro-700-grami-120-vienibas\/","title":{"rendered":"Bakla\u017e\u0101nu gabali\u0146i la Encajera almagro 700 grami 120 vien\u012bbas"},"content":{"rendered":"<p>Sasmalcin\u0101ti bakla\u017e\u0101ni ir <a href=\"https:\/\/www.laencajera.es\/berenjenas-de-almagro\" target=\"_blank\" rel=\"noopener noreferrer nofollow\">Almagro<\/a> sal\u0101tu galven\u0101 sast\u0101vda\u013ca. Izj\u016btiet tradicion\u0101lo gar\u0161u katr\u0101 kumos\u0101. <\/p>\n<p>To parasti pasniedz k\u0101 uzkodu vai kombin\u0113 ar karotes \u0113dieniem. Sasmalcin\u0101tu bakla\u017e\u0101nu izcelsme ir Kast\u012blij\u0101 la Man\u010d\u0101, Sp\u0101nij\u0101. <\/p>\n<p>Sast\u0101vda\u013cas: Sast\u0101vda\u013cas: bakla\u017e\u0101ni &#8220;De Almagro&#8221;, \u016bdens, s\u0101ls, spirta eti\u0137is, citronsk\u0101be (E-330), kalcija hlor\u012bds (E-509), n\u0101trija metabisulf\u012bts, \u0137imenes, paprika, dab\u012bgais fenhelis, piensk\u0101be (E-270).<\/p>\n<p>Aizsardz\u012bbas nosac\u012bjumi:<\/p>\n<p>Uzglab\u0101t v\u0113s\u0101, saus\u0101 viet\u0101, temperat\u016br\u0101 no 3\u00baC l\u012bdz 10\u00baC. Aizsarg\u0101jiet no saules gaismas un sp\u0113c\u012bg\u0101m smak\u0101m. <\/p>\n<p>P\u0113c atv\u0113r\u0161anas uzglab\u0101t ledusskap\u012b un pat\u0113r\u0113t 30 dienu laik\u0101.<\/p>\n<p>Ja v\u0113laties ieg\u0101d\u0101ties ol\u012bvas vai cita veida <a href=\"https:\/\/latiendadesami.com\/categoria-producto\/encurtidos\/\" rel=\"noopener noreferrer nofollow\" target=\"_blank\">marin\u0113tus gur\u0137us<\/a>, nevilcinieties iel\u016bkoties m\u016bsu tie\u0161saistes katalog\u0101, lai iepaz\u012btos ar m\u016bsu pla\u0161o <a href=\"https:\/\/latiendadesami.com\/categoria-producto\/encurtidos\/berenjenas\/\" target=\"_blank\" rel=\"noopener noreferrer nofollow\">bakla\u017e\u0101nu<\/a> kl\u0101stu.<\/p>\n<p>\u0160is z\u012bmols ir La Encajonera, \u0123imenes uz\u0146\u0113mums, kas dibin\u0101ts 1990. gad\u0101 un atrodas pa\u0161\u0101 La Man\u010das sird\u012b, ALMAGRO pils\u0113t\u0101, Ciudad Real provinc\u0113.<\/p>\n<p>T\u0101s produktu ra\u017eo\u0161anas process s\u0101kas taj\u0101 pa\u0161\u0101 audz\u0113\u0161anas apgabal\u0101, izv\u0113loties vislab\u0101k\u0101s kvalit\u0101tes produktus.<\/p>\n<p>R\u016bpn\u012bca ir apr\u012bkota ar vismodern\u0101kaj\u0101m tehnolo\u0123ij\u0101m, vienlaikus saglab\u0101jot amatnieku trad\u012bcijas un zin\u0101\u0161anas.<\/p>\n","protected":false},"excerpt":{"rendered":"<p>Almagro sal\u0101tu galven\u0101 sast\u0101vda\u013ca. Izj\u016btiet tradicion\u0101lo gar\u0161u katr\u0101 kumos\u0101. To parasti pasniedz k\u0101 uzkodu vai kop\u0101 ar \u0113dieniem ar karot\u0113m.  <\/p>\n","protected":false},"featured_media":23060,"template":"","meta":{"_et_pb_use_builder":"","_et_pb_old_content":"","_et_gb_content_width":""},"product_brand":[1057],"product_cat":[2124,1729,2879],"product_tag":[4151],"class_list":{"0":"post-48456","1":"product","2":"type-product","3":"status-publish","4":"has-post-thumbnail","6":"product_brand-la-encajera","7":"product_cat-baklazani","8":"product_cat-pickles-lv","9":"product_cat-vairumtirdznieciba","10":"product_tag-sasmalcinats","12":"first","13":"outofstock","14":"taxable","15":"shipping-taxable","16":"purchasable","17":"product-type-simple"},"_links":{"self":[{"href":"https:\/\/myspainfood.com\/lv\/wp-json\/wp\/v2\/product\/48456","targetHints":{"allow":["GET"]}}],"collection":[{"href":"https:\/\/myspainfood.com\/lv\/wp-json\/wp\/v2\/product"}],"about":[{"href":"https:\/\/myspainfood.com\/lv\/wp-json\/wp\/v2\/types\/product"}],"wp:featuredmedia":[{"embeddable":true,"href":"https:\/\/myspainfood.com\/lv\/wp-json\/wp\/v2\/media\/23060"}],"wp:attachment":[{"href":"https:\/\/myspainfood.com\/lv\/wp-json\/wp\/v2\/media?parent=48456"}],"wp:term":[{"taxonomy":"product_brand","embeddable":true,"href":"https:\/\/myspainfood.com\/lv\/wp-json\/wp\/v2\/product_brand?post=48456"},{"taxonomy":"product_cat","embeddable":true,"href":"https:\/\/myspainfood.com\/lv\/wp-json\/wp\/v2\/product_cat?post=48456"},{"taxonomy":"product_tag","embeddable":true,"href":"https:\/\/myspainfood.com\/lv\/wp-json\/wp\/v2\/product_tag?post=48456"}],"curies":[{"name":"wp","href":"https:\/\/api.w.org\/{rel}","templated":true}]}}