{"id":48529,"date":"2025-04-10T12:10:00","date_gmt":"2025-04-10T10:10:00","guid":{"rendered":"https:\/\/myspainfood.com\/producto\/alino-de-mi-pueblo-chicon-olivas-900-gramu-iepakojums-6-gab\/"},"modified":"2025-04-10T12:10:00","modified_gmt":"2025-04-10T10:10:00","slug":"alino-de-mi-pueblo-chicon-olivas-900-gramu-iepakojums-6-gab","status":"publish","type":"product","link":"https:\/\/myspainfood.com\/lv\/producto\/alino-de-mi-pueblo-chicon-olivas-900-gramu-iepakojums-6-gab\/","title":{"rendered":"Ali\u00f1o de mi pueblo Chic\u00f3n ol\u012bvas 900 gramu iepakojums 6 gab."},"content":{"rendered":"<p>&#8220;Ali\u00f1o de mi Pueblo&#8221; manzanilla <strong>m\u0113rc\u0113t\u0101s ol\u012bvas<\/strong> ir <a href=\"https:\/\/aceitunaschiconlebron.com\/catalogo-productos\/comprar-aceitunas\/deshuesadas\/\" target=\"_blank\" rel=\"noopener noreferrer nofollow\">ol\u012bvas bez kauli\u0146iem, kas<\/a> gar\u0161in\u0101tas ar lab\u0101kaj\u0101m sast\u0101vda\u013c\u0101m, izmantojot tradicion\u0101lo recepti.<\/p>\n<p>\u0160o ol\u012bvu \u012bpa\u0161\u0101s gar\u0161as nosl\u0113pums ir dab\u012bgo gar\u0161vielu izmanto\u0161ana un temperat\u016bras kontrole.<\/p>\n<p>Ali\u00f1o de mi pueblo ol\u012bvas ir m\u012bkstas, un sul\u012bgais m\u012bkstums pie\u0161\u0137ir t\u0101m neatk\u0101rtojamu gar\u0161u.<\/p>\n<p>S\u0101l\u012bjum\u0101 m\u0113rc\u0113tas un apstr\u0101d\u0101tas, lai samazin\u0101tu to sk\u0101bumu, m\u0101j\u0101s <a href=\"https:\/\/latiendadesami.com\/categoria-producto\/encurtidos\/\" target=\"_blank\" rel=\"noopener noreferrer nofollow\">marin\u0113tas<\/a> ol\u012bvas ir ierasta par\u0101d\u012bba daudz\u0101s teras\u0113s un restor\u0101nos.<\/p>\n<h3>Ali\u00f1o de mi Pueblo ol\u012bvu priek\u0161roc\u012bbas<\/h3>\n<p>Vai zin\u0101j\u0101t, ka \u0161\u012bs <strong>ol\u012bvas<\/strong> sniedz daudzpus\u012bgu labumu? T\u0101s \u013coti efekt\u012bvi nov\u0113r\u0161 sirds un asinsrites sist\u0113mas slim\u012bbas kopum\u0101. <\/p>\n<p>Tas ir saist\u012bts ar augsto nepies\u0101tin\u0101to tauku saturu. Turkl\u0101t tas ir p\u0101rtikas produkts, kas satur daudz dzelzs un \u0161\u0137iedrvielu un ir \u013coti s\u0101t\u012bgs, padarot to par lielisku uzkodu. <\/p>\n<p>Ja v\u0113laties ieg\u0101d\u0101ties ol\u012bvas vai cita veida <a href=\"https:\/\/latiendadesami.com\/categoria-producto\/encurtidos\/\" rel=\"noopener noreferrer nofollow\" target=\"_blank\">marin\u0113tus d\u0101rze\u0146us<\/a>, nevilcinieties un iel\u016bkojieties m\u016bsu tie\u0161saistes katalog\u0101, lai iepaz\u012btos ar m\u016bsu pla\u0161o <a href=\"https:\/\/latiendadesami.com\/categoria-producto\/encurtidos\/aceitunas\/\" target=\"_blank\" rel=\"noopener noreferrer nofollow\">ol\u012bvu<\/a> kl\u0101stu.<\/p>\n","protected":false},"excerpt":{"rendered":"<p>&#8220;Ali\u00f1o de mi Pueblo&#8221; manzanilla m\u0113rc\u0113t\u0101s ol\u012bvas ir ol\u012bvas bez kauli\u0146iem, kas gar\u0161in\u0101tas ar lab\u0101kaj\u0101m sast\u0101vda\u013c\u0101m, izmantojot tradicion\u0101lo recepti. \u0160o ol\u012bvu \u012bpa\u0161\u0101s gar\u0161as nosl\u0113pums ir dab\u012bgo gar\u0161vielu izmanto\u0161ana un temperat\u016bras kontrole. Ali\u00f1o de mi pueblo ol\u012bvas ir m\u012bkstas, un sul\u012bgais m\u012bkstums pie\u0161\u0137ir t\u0101m neatk\u0101rtojamu gar\u0161u. S\u0101l\u012bjum\u0101 m\u0113rc\u0113tas un apstr\u0101d\u0101tas, lai samazin\u0101tu to sk\u0101bumu, m\u0101j\u0101s marin\u0113tas [&hellip;]<\/p>\n","protected":false},"featured_media":48537,"template":"","meta":{"_et_pb_use_builder":"","_et_pb_old_content":"","_et_gb_content_width":""},"product_brand":[1036],"product_cat":[3134,2879],"product_tag":[9864],"class_list":{"0":"post-48529","1":"product","2":"type-product","3":"status-publish","4":"has-post-thumbnail","6":"product_brand-chicon","7":"product_cat-pickles-lv-2","8":"product_cat-vairumtirdznieciba","9":"product_tag-ciemats","11":"first","12":"instock","13":"taxable","14":"shipping-taxable","15":"purchasable","16":"product-type-variable"},"_links":{"self":[{"href":"https:\/\/myspainfood.com\/lv\/wp-json\/wp\/v2\/product\/48529","targetHints":{"allow":["GET"]}}],"collection":[{"href":"https:\/\/myspainfood.com\/lv\/wp-json\/wp\/v2\/product"}],"about":[{"href":"https:\/\/myspainfood.com\/lv\/wp-json\/wp\/v2\/types\/product"}],"wp:featuredmedia":[{"embeddable":true,"href":"https:\/\/myspainfood.com\/lv\/wp-json\/wp\/v2\/media\/48537"}],"wp:attachment":[{"href":"https:\/\/myspainfood.com\/lv\/wp-json\/wp\/v2\/media?parent=48529"}],"wp:term":[{"taxonomy":"product_brand","embeddable":true,"href":"https:\/\/myspainfood.com\/lv\/wp-json\/wp\/v2\/product_brand?post=48529"},{"taxonomy":"product_cat","embeddable":true,"href":"https:\/\/myspainfood.com\/lv\/wp-json\/wp\/v2\/product_cat?post=48529"},{"taxonomy":"product_tag","embeddable":true,"href":"https:\/\/myspainfood.com\/lv\/wp-json\/wp\/v2\/product_tag?post=48529"}],"curies":[{"name":"wp","href":"https:\/\/api.w.org\/{rel}","templated":true}]}}