{"id":49277,"date":"2025-04-10T12:07:46","date_gmt":"2025-04-10T10:07:46","guid":{"rendered":"https:\/\/myspainfood.com\/producto\/manzanilla-4-kg-kalibrs-180-200\/"},"modified":"2025-04-10T12:07:46","modified_gmt":"2025-04-10T10:07:46","slug":"manzanilla-4-kg-kalibrs-180-200","status":"publish","type":"product","link":"https:\/\/myspainfood.com\/lv\/producto\/manzanilla-4-kg-kalibrs-180-200\/","title":{"rendered":"Manzanilla 4 kg kalibrs 180\/200"},"content":{"rendered":"<p>Manzanilla ol\u012bvas 180\/200 kalibra 4 kg saglab\u0101 savu <a href=\"https:\/\/www.google.com\/search?q=aceituna+manzanilla+calibre&amp;tbm=isch&amp;ved=2ahUKEwjzs-WOhPD1AhWHh1wKHXXjAgAQ2-cCegQIABAA&amp;oq=aceituna+manzanilla+calibre&amp;gs_lcp=CgNpbWcQA1CzBli4GGC8GWgAcAB4AIABbYgBzQySAQQxNy4ymAEAoAEBqgELZ3dzLXdpei1pbWfAAQE&amp;sclient=img&amp;ei=6FcCYvOfBoeP8gL1xgs&amp;bih=780&amp;biw=1577\" target=\"_blank\" rel=\"noopener noreferrer nofollow\">s\u0101kotn\u0113jo<\/a> formu, saglab\u0101jot kauli\u0146u aug\u013ca iek\u0161pus\u0113.<\/p>\n<p>Da\u017e\u0101das ol\u012bvkoka (Olea europaea) \u0161\u0137irnes ir paz\u012bstamas k\u0101 kumel\u012btes.<\/p>\n<p>\u0160\u0101ds nosaukums ir dots ar\u012b to aug\u013ciem vai ol\u012bv\u0101m, ko tie ra\u017eo.<\/p>\n<p>Galven\u0101s \u0161\u0137irnes ir manzanilla sevillana, manzanilla cacere\u00f1a un manzanilla alore\u00f1a.<\/p>\n<p>Ieteicams \u0161\u012bs vesel\u0101s ol\u012bvas uzglab\u0101t v\u0113s\u0101, saus\u0101 viet\u0101, prom no saules gaismas.<\/p>\n<h3>Kumel\u012b\u0161u 180\/200 kalibra 4kg priek\u0161roc\u012bbas<\/h3>\n<p>Vai zin\u0101j\u0101t, ka \u0161\u012bs ol\u012bvas sniedz daudzpus\u012bgu labumu? T\u0101s ir \u013coti efekt\u012bvas sirds un asinsrites slim\u012bbu profilaksei kopum\u0101. <\/p>\n<p>Tas ir saist\u012bts ar augsto nepies\u0101tin\u0101to tauku saturu. Turkl\u0101t tas ir p\u0101rtikas produkts, kas satur daudz dzelzs un \u0161\u0137iedrvielu un ir \u013coti s\u0101t\u012bgs, padarot to par lielisku uzkodu. <\/p>\n<p>Ja v\u0113laties ieg\u0101d\u0101ties ol\u012bvas vai cita veida <a href=\"https:\/\/latiendadesami.com\/categoria-producto\/encurtidos\/\" rel=\"noopener noreferrer nofollow\" target=\"_blank\">marin\u0113tus d\u0101rze\u0146us<\/a>, nevilcinieties un iel\u016bkojieties m\u016bsu tie\u0161saistes katalog\u0101, lai iepaz\u012btos ar m\u016bsu pla\u0161o <a href=\"https:\/\/latiendadesami.com\/categoria-producto\/encurtidos\/aceitunas\/\" target=\"_blank\" rel=\"noopener noreferrer nofollow\">ol\u012bvu<\/a> kl\u0101stu.<\/p>\n","protected":false},"excerpt":{"rendered":"<p>Manzanilla ol\u012bvas 180\/200 kalibra 4 kg saglab\u0101 savu s\u0101kotn\u0113jo formu, saglab\u0101jot kauli\u0146u aug\u013ca iek\u0161pus\u0113. Da\u017e\u0101das ol\u012bvkoka (Olea europaea) \u0161\u0137irnes ir paz\u012bstamas k\u0101 kumel\u012btes. \u0160\u0101ds nosaukums ir dots ar\u012b to aug\u013ciem vai ol\u012bv\u0101m, ko tie ra\u017eo. Galven\u0101s \u0161\u0137irnes ir manzanilla sevillana, manzanilla cacere\u00f1a un manzanilla alore\u00f1a. Ieteicams \u0161\u012bs vesel\u0101s ol\u012bvas uzglab\u0101t v\u0113s\u0101, saus\u0101 viet\u0101, prom no [&hellip;]<\/p>\n","protected":false},"featured_media":49280,"template":"","meta":{"_et_pb_use_builder":"","_et_pb_old_content":"","_et_gb_content_width":""},"product_brand":[1069],"product_cat":[1731,1729],"product_tag":[2049],"class_list":{"0":"post-49277","1":"product","2":"type-product","3":"status-publish","4":"has-post-thumbnail","6":"product_brand-sangar","7":"product_cat-olivas","8":"product_cat-pickles-lv","9":"product_tag-kumelite","11":"first","12":"outofstock","13":"taxable","14":"shipping-taxable","15":"purchasable","16":"product-type-simple"},"_links":{"self":[{"href":"https:\/\/myspainfood.com\/lv\/wp-json\/wp\/v2\/product\/49277","targetHints":{"allow":["GET"]}}],"collection":[{"href":"https:\/\/myspainfood.com\/lv\/wp-json\/wp\/v2\/product"}],"about":[{"href":"https:\/\/myspainfood.com\/lv\/wp-json\/wp\/v2\/types\/product"}],"wp:featuredmedia":[{"embeddable":true,"href":"https:\/\/myspainfood.com\/lv\/wp-json\/wp\/v2\/media\/49280"}],"wp:attachment":[{"href":"https:\/\/myspainfood.com\/lv\/wp-json\/wp\/v2\/media?parent=49277"}],"wp:term":[{"taxonomy":"product_brand","embeddable":true,"href":"https:\/\/myspainfood.com\/lv\/wp-json\/wp\/v2\/product_brand?post=49277"},{"taxonomy":"product_cat","embeddable":true,"href":"https:\/\/myspainfood.com\/lv\/wp-json\/wp\/v2\/product_cat?post=49277"},{"taxonomy":"product_tag","embeddable":true,"href":"https:\/\/myspainfood.com\/lv\/wp-json\/wp\/v2\/product_tag?post=49277"}],"curies":[{"name":"wp","href":"https:\/\/api.w.org\/{rel}","templated":true}]}}