{"id":49324,"date":"2025-04-10T12:07:48","date_gmt":"2025-04-10T10:07:48","guid":{"rendered":"https:\/\/myspainfood.com\/producto\/ribera-zahon-ozols-4-menesi-12-botelas\/"},"modified":"2025-04-10T12:07:48","modified_gmt":"2025-04-10T10:07:48","slug":"ribera-zahon-ozols-4-menesi-12-botelas","status":"publish","type":"product","link":"https:\/\/myspainfood.com\/lv\/producto\/ribera-zahon-ozols-4-menesi-12-botelas\/","title":{"rendered":"Ribera. Zah\u00f3n ozols 4 m\u0113ne\u0161i 12 BOTE\u013bAS"},"content":{"rendered":"<div class=\"et_pb_tab clearfix et_pb_active_content et-pb-active-slide\">\n<div class=\"et_pb_tab_content\">\n<div class=\"elementor-element elementor-element-3231827 elementor-position-left elementor-vertical-align-top elementor-widget elementor-widget-image-box\" data-id=\"3231827\" data-element_type=\"widget\" data-widget_type=\"image-box.default\">\n<div class=\"elementor-widget-container\">\n<div class=\"elementor-image-box-wrapper\">\n<div class=\"elementor-image-box-content\">Izgatavots no Ribera del Duero sarkanv\u012bna.<\/div>\n<\/div>\n<\/div>\n<\/div>\n<div class=\"elementor-element elementor-element-8812cdc elementor-position-left elementor-vertical-align-top elementor-widget elementor-widget-image-box\" data-id=\"8812cdc\" data-element_type=\"widget\" data-widget_type=\"image-box.default\">\n<div class=\"elementor-widget-container\">\n<div class=\"elementor-image-box-wrapper\">\n<figure class=\"elementor-image-box-img\"><\/figure>\n<div class=\"elementor-image-box-content\">\n<h4 class=\"elementor-image-box-title\">Audzin\u0101\u0161ana<\/h4>\n<p class=\"elementor-image-box-description\">4 m\u0113ne\u0161i fran\u010du un amerik\u0101\u0146u ozolkoka muc\u0101s.<\/p>\n<\/div>\n<\/div>\n<\/div>\n<\/div>\n<div class=\"elementor-element elementor-element-fc031ed elementor-position-left elementor-vertical-align-top elementor-widget elementor-widget-image-box\" data-id=\"fc031ed\" data-element_type=\"widget\" data-widget_type=\"image-box.default\">\n<div class=\"elementor-widget-container\">\n<div class=\"elementor-image-box-wrapper\">\n<figure class=\"elementor-image-box-img\"><\/figure>\n<div class=\"elementor-image-box-content\">\n<h4 class=\"elementor-image-box-title\">Funkcijas<\/h4>\n<p class=\"elementor-image-box-description\">Ra\u017ea nov\u0101kta ar rok\u0101m un iztur\u0113ta 4 m\u0113ne\u0161us.<\/p>\n<\/div>\n<\/div>\n<\/div>\n<\/div>\n<div class=\"elementor-element elementor-element-a918b0e elementor-position-left elementor-vertical-align-top elementor-widget elementor-widget-image-box\" data-id=\"a918b0e\" data-element_type=\"widget\" data-widget_type=\"image-box.default\">\n<div class=\"elementor-widget-container\">\n<div class=\"elementor-image-box-wrapper\">\n<figure class=\"elementor-image-box-img\"><\/figure>\n<div class=\"elementor-image-box-content\">\n<p class=\"elementor-image-box-description\">\n<\/div>\n<\/div>\n<\/div>\n<\/div>\n<\/div>\n<\/div>\n","protected":false},"excerpt":{"rendered":"<p>Ribera v\u012bns<\/p>\n","protected":false},"featured_media":49326,"template":"","meta":{"_et_pb_use_builder":"","_et_pb_old_content":"","_et_gb_content_width":""},"product_brand":[1249],"product_cat":[4859,5257],"product_tag":[9955],"class_list":{"0":"post-49324","1":"product","2":"type-product","3":"status-publish","4":"has-post-thumbnail","6":"product_brand-zahon","7":"product_cat-dzerieni","8":"product_cat-vins-lv","9":"product_tag-zahon-ozols-4-menesi","11":"first","12":"outofstock","13":"sale","14":"taxable","15":"shipping-taxable","16":"purchasable","17":"product-type-simple"},"_links":{"self":[{"href":"https:\/\/myspainfood.com\/lv\/wp-json\/wp\/v2\/product\/49324","targetHints":{"allow":["GET"]}}],"collection":[{"href":"https:\/\/myspainfood.com\/lv\/wp-json\/wp\/v2\/product"}],"about":[{"href":"https:\/\/myspainfood.com\/lv\/wp-json\/wp\/v2\/types\/product"}],"wp:featuredmedia":[{"embeddable":true,"href":"https:\/\/myspainfood.com\/lv\/wp-json\/wp\/v2\/media\/49326"}],"wp:attachment":[{"href":"https:\/\/myspainfood.com\/lv\/wp-json\/wp\/v2\/media?parent=49324"}],"wp:term":[{"taxonomy":"product_brand","embeddable":true,"href":"https:\/\/myspainfood.com\/lv\/wp-json\/wp\/v2\/product_brand?post=49324"},{"taxonomy":"product_cat","embeddable":true,"href":"https:\/\/myspainfood.com\/lv\/wp-json\/wp\/v2\/product_cat?post=49324"},{"taxonomy":"product_tag","embeddable":true,"href":"https:\/\/myspainfood.com\/lv\/wp-json\/wp\/v2\/product_tag?post=49324"}],"curies":[{"name":"wp","href":"https:\/\/api.w.org\/{rel}","templated":true}]}}