{"id":49392,"date":"2025-04-10T12:08:25","date_gmt":"2025-04-10T10:08:25","guid":{"rendered":"https:\/\/myspainfood.com\/producto\/menca-10-20-salitas-fareru-mencas-veselas\/"},"modified":"2025-06-24T16:24:15","modified_gmt":"2025-06-24T14:24:15","slug":"menca-10-20-salitas-fareru-mencas-veselas","status":"publish","type":"product","link":"https:\/\/myspainfood.com\/lv\/producto\/menca-10-20-salitas-fareru-mencas-veselas\/","title":{"rendered":"Menca 10\/20 S\u0101l\u012btas Far\u0113ru mencas veselas"},"content":{"rendered":"","protected":false},"excerpt":{"rendered":"","protected":false},"featured_media":0,"template":"","meta":{"_et_pb_use_builder":"","_et_pb_old_content":"","_et_gb_content_width":""},"product_brand":[1290],"product_cat":[1821,3520],"product_tag":[],"class_list":{"0":"post-49392","1":"product","2":"type-product","3":"status-publish","5":"product_brand-la-barajilla","6":"product_cat-cold","7":"product_cat-mencas","8":"product_shipping_class-aukstuma-sutijums","10":"first","11":"instock","12":"taxable","13":"shipping-taxable","14":"purchasable","15":"product-type-variable"},"_links":{"self":[{"href":"https:\/\/myspainfood.com\/lv\/wp-json\/wp\/v2\/product\/49392","targetHints":{"allow":["GET"]}}],"collection":[{"href":"https:\/\/myspainfood.com\/lv\/wp-json\/wp\/v2\/product"}],"about":[{"href":"https:\/\/myspainfood.com\/lv\/wp-json\/wp\/v2\/types\/product"}],"wp:attachment":[{"href":"https:\/\/myspainfood.com\/lv\/wp-json\/wp\/v2\/media?parent=49392"}],"wp:term":[{"taxonomy":"product_brand","embeddable":true,"href":"https:\/\/myspainfood.com\/lv\/wp-json\/wp\/v2\/product_brand?post=49392"},{"taxonomy":"product_cat","embeddable":true,"href":"https:\/\/myspainfood.com\/lv\/wp-json\/wp\/v2\/product_cat?post=49392"},{"taxonomy":"product_tag","embeddable":true,"href":"https:\/\/myspainfood.com\/lv\/wp-json\/wp\/v2\/product_tag?post=49392"}],"curies":[{"name":"wp","href":"https:\/\/api.w.org\/{rel}","templated":true}]}}