{"id":49510,"date":"2025-04-10T12:08:45","date_gmt":"2025-04-10T10:08:45","guid":{"rendered":"https:\/\/myspainfood.com\/producto\/riojana-siers-75-vienibas\/"},"modified":"2025-07-28T10:41:50","modified_gmt":"2025-07-28T08:41:50","slug":"riojana-siers-75-vienibas","status":"publish","type":"product","link":"https:\/\/myspainfood.com\/lv\/producto\/riojana-siers-75-vienibas\/","title":{"rendered":"Riojana siers 75 vien\u012bbas"},"content":{"rendered":"<p>E\u013c\u013ca (85% saulespu\u0137u, 15% ol\u012bvu), ol\u012bvas ar <strong>an\u0161ovu<\/strong> pild\u012bjumu,<strong> an\u0161ovu<\/strong> fileja, pikants m\u012bkstais siers un sarkanie pipari.<\/p>\n","protected":false},"excerpt":{"rendered":"<p>E\u013c\u013ca (85% saulespu\u0137u, 15% ol\u012bvu), ol\u012bvas ar an\u0161ovu pild\u012bjumu, an\u0161ovu fileja, pikants m\u012bkstais siers un sarkanie pipari.<\/p>\n","protected":false},"featured_media":49512,"template":"","meta":{"_et_pb_use_builder":"","_et_pb_old_content":"","_et_gb_content_width":""},"product_brand":[1277],"product_cat":[1823,1821,1731,1729,1824,2335,2274],"product_tag":[],"class_list":{"0":"post-49510","1":"product","2":"type-product","3":"status-publish","4":"has-post-thumbnail","6":"product_brand-bokeo","7":"product_cat-ansovi","8":"product_cat-cold","9":"product_cat-olivas","10":"product_cat-pickles-lv","11":"product_cat-pintxos-lv","12":"product_cat-pipari","13":"product_cat-siers-un-desa","14":"product_shipping_class-aukstuma-sutijums","16":"first","17":"outofstock","18":"taxable","19":"shipping-taxable","20":"purchasable","21":"product-type-simple"},"_links":{"self":[{"href":"https:\/\/myspainfood.com\/lv\/wp-json\/wp\/v2\/product\/49510","targetHints":{"allow":["GET"]}}],"collection":[{"href":"https:\/\/myspainfood.com\/lv\/wp-json\/wp\/v2\/product"}],"about":[{"href":"https:\/\/myspainfood.com\/lv\/wp-json\/wp\/v2\/types\/product"}],"wp:featuredmedia":[{"embeddable":true,"href":"https:\/\/myspainfood.com\/lv\/wp-json\/wp\/v2\/media\/49512"}],"wp:attachment":[{"href":"https:\/\/myspainfood.com\/lv\/wp-json\/wp\/v2\/media?parent=49510"}],"wp:term":[{"taxonomy":"product_brand","embeddable":true,"href":"https:\/\/myspainfood.com\/lv\/wp-json\/wp\/v2\/product_brand?post=49510"},{"taxonomy":"product_cat","embeddable":true,"href":"https:\/\/myspainfood.com\/lv\/wp-json\/wp\/v2\/product_cat?post=49510"},{"taxonomy":"product_tag","embeddable":true,"href":"https:\/\/myspainfood.com\/lv\/wp-json\/wp\/v2\/product_tag?post=49510"}],"curies":[{"name":"wp","href":"https:\/\/api.w.org\/{rel}","templated":true}]}}