{"id":49554,"date":"2025-04-10T12:08:48","date_gmt":"2025-04-10T10:08:48","guid":{"rendered":"https:\/\/myspainfood.com\/producto\/ansovu-karumi-18-kg\/"},"modified":"2025-09-02T10:42:14","modified_gmt":"2025-09-02T08:42:14","slug":"ansovu-karumi-18-kg","status":"publish","type":"product","link":"https:\/\/myspainfood.com\/lv\/producto\/ansovu-karumi-18-kg\/","title":{"rendered":"An\u0161ovu k\u0101rumi 1,8 kg"},"content":{"rendered":"<p>E\u013c\u013ca (100% saulespu\u0137u), saldie \u0137ir\u0161u pipari, kr\u0113juma siers un <strong>sasmalcin\u0101ts an\u0161ovs<\/strong>.<\/p>\n","protected":false},"excerpt":{"rendered":"<p>E\u013c\u013ca (100% saulespu\u0137u), saldie \u0137ir\u0161u pipari, kr\u0113juma siers un sasmalcin\u0101ts an\u0161ovs.<\/p>\n","protected":false},"featured_media":49557,"template":"","meta":{"_et_pb_use_builder":"","_et_pb_old_content":"","_et_gb_content_width":""},"product_brand":[1277],"product_cat":[2335,1963,2274],"product_tag":[],"class_list":{"0":"post-49554","1":"product","2":"type-product","3":"status-publish","4":"has-post-thumbnail","6":"product_brand-bokeo","7":"product_cat-pipari","8":"product_cat-saglaba","9":"product_cat-siers-un-desa","10":"product_shipping_class-aukstuma-sutijums","12":"first","13":"outofstock","14":"taxable","15":"shipping-taxable","16":"purchasable","17":"product-type-simple"},"_links":{"self":[{"href":"https:\/\/myspainfood.com\/lv\/wp-json\/wp\/v2\/product\/49554","targetHints":{"allow":["GET"]}}],"collection":[{"href":"https:\/\/myspainfood.com\/lv\/wp-json\/wp\/v2\/product"}],"about":[{"href":"https:\/\/myspainfood.com\/lv\/wp-json\/wp\/v2\/types\/product"}],"wp:featuredmedia":[{"embeddable":true,"href":"https:\/\/myspainfood.com\/lv\/wp-json\/wp\/v2\/media\/49557"}],"wp:attachment":[{"href":"https:\/\/myspainfood.com\/lv\/wp-json\/wp\/v2\/media?parent=49554"}],"wp:term":[{"taxonomy":"product_brand","embeddable":true,"href":"https:\/\/myspainfood.com\/lv\/wp-json\/wp\/v2\/product_brand?post=49554"},{"taxonomy":"product_cat","embeddable":true,"href":"https:\/\/myspainfood.com\/lv\/wp-json\/wp\/v2\/product_cat?post=49554"},{"taxonomy":"product_tag","embeddable":true,"href":"https:\/\/myspainfood.com\/lv\/wp-json\/wp\/v2\/product_tag?post=49554"}],"curies":[{"name":"wp","href":"https:\/\/api.w.org\/{rel}","templated":true}]}}