{"id":50660,"date":"2025-05-21T08:44:03","date_gmt":"2025-05-21T06:44:03","guid":{"rendered":"https:\/\/myspainfood.com\/producto\/kumelite-ar-kauliem-900-gr-chicon\/"},"modified":"2026-01-29T12:58:05","modified_gmt":"2026-01-29T11:58:05","slug":"kumelite-ar-kauliem-900-gr-chicon","status":"publish","type":"product","link":"https:\/\/myspainfood.com\/lv\/producto\/kumelite-ar-kauliem-900-gr-chicon\/","title":{"rendered":"Kumel\u012bte ar kauliem 900 gr Chic\u00f3n"},"content":{"rendered":"<p>Nesadal\u012btas Manzanilla ol\u012bvas ar kauli\u0146u saglab\u0101 savu s\u0101kotn\u0113jo formu, saglab\u0101jot kauli\u0146u aug\u013ca iek\u0161pus\u0113.<\/p>\n<p>Ieteicams \u0161\u012bs vesel\u0101s ol\u012bvas uzglab\u0101t v\u0113s\u0101, saus\u0101 viet\u0101, prom no saules gaismas.<\/p>\n<h3>Manzanilla ol\u012bvu ar <a href=\"https:\/\/aceitunaschiconlebron.com\/catalogo-productos\/comprar-aceitunas\/deshuesadas\/\" target=\"_blank\" rel=\"noopener noreferrer nofollow\">Chic\u00f3n<\/a> kauli\u0146iem priek\u0161roc\u012bbas<\/h3>\n<p>Vai zin\u0101j\u0101t, ka \u0161\u012bs ol\u012bvas sniedz daudzpus\u012bgu labumu? T\u0101s \u013coti efekt\u012bvi nov\u0113r\u0161 sirds un asinsrites sist\u0113mas slim\u012bbas kopum\u0101. <\/p>\n<p>Tas ir saist\u012bts ar augsto nepies\u0101tin\u0101to tauku saturu. Turkl\u0101t tas ir p\u0101rtikas produkts, kas satur daudz dzelzs un \u0161\u0137iedrvielu un ir \u013coti s\u0101t\u012bgs, padarot to par lielisku uzkodu. <\/p>\n<p>Ja v\u0113laties ieg\u0101d\u0101ties ol\u012bvas vai cita veida <a href=\"https:\/\/latiendadesami.com\/categoria-producto\/encurtidos\/\" rel=\"noopener noreferrer nofollow\" target=\"_blank\">marin\u0113tus d\u0101rze\u0146us<\/a>, nevilcinieties un iel\u016bkojieties m\u016bsu tie\u0161saistes katalog\u0101, lai iepaz\u012btos ar m\u016bsu pla\u0161o <a href=\"https:\/\/latiendadesami.com\/categoria-producto\/encurtidos\/aceitunas\/\" target=\"_blank\" rel=\"noopener noreferrer nofollow\">ol\u012bvu<\/a> kl\u0101stu.<\/p>\n","protected":false},"excerpt":{"rendered":"<p>Nesadal\u012btas Manzanilla ol\u012bvas ar kauli\u0146u saglab\u0101 savu s\u0101kotn\u0113jo formu, saglab\u0101jot kauli\u0146u aug\u013ca iek\u0161pus\u0113. Ieteicams \u0161\u012bs vesel\u0101s ol\u012bvas uzglab\u0101t v\u0113s\u0101, saus\u0101 viet\u0101, prom no saules gaismas. Manzanilla ol\u012bvu ar Chic\u00f3n kauli\u0146iem priek\u0161roc\u012bbas Vai zin\u0101j\u0101t, ka \u0161\u012bs ol\u012bvas sniedz daudzpus\u012bgu labumu? T\u0101s \u013coti efekt\u012bvi nov\u0113r\u0161 sirds un asinsrites sist\u0113mas slim\u012bbas kopum\u0101. Tas ir saist\u012bts ar augsto nepies\u0101tin\u0101to [&hellip;]<\/p>\n","protected":false},"featured_media":50342,"template":"","meta":{"_et_pb_use_builder":"","_et_pb_old_content":"","_et_gb_content_width":""},"product_brand":[1036],"product_cat":[1731,1729],"product_tag":[10032,2049],"class_list":{"0":"post-50660","1":"product","2":"type-product","3":"status-publish","4":"has-post-thumbnail","6":"product_brand-chicon","7":"product_cat-olivas","8":"product_cat-pickles-lv","9":"product_tag-ar-kaulu","10":"product_tag-kumelite","12":"first","13":"instock","14":"taxable","15":"shipping-taxable","16":"purchasable","17":"product-type-variable"},"_links":{"self":[{"href":"https:\/\/myspainfood.com\/lv\/wp-json\/wp\/v2\/product\/50660","targetHints":{"allow":["GET"]}}],"collection":[{"href":"https:\/\/myspainfood.com\/lv\/wp-json\/wp\/v2\/product"}],"about":[{"href":"https:\/\/myspainfood.com\/lv\/wp-json\/wp\/v2\/types\/product"}],"wp:featuredmedia":[{"embeddable":true,"href":"https:\/\/myspainfood.com\/lv\/wp-json\/wp\/v2\/media\/50342"}],"wp:attachment":[{"href":"https:\/\/myspainfood.com\/lv\/wp-json\/wp\/v2\/media?parent=50660"}],"wp:term":[{"taxonomy":"product_brand","embeddable":true,"href":"https:\/\/myspainfood.com\/lv\/wp-json\/wp\/v2\/product_brand?post=50660"},{"taxonomy":"product_cat","embeddable":true,"href":"https:\/\/myspainfood.com\/lv\/wp-json\/wp\/v2\/product_cat?post=50660"},{"taxonomy":"product_tag","embeddable":true,"href":"https:\/\/myspainfood.com\/lv\/wp-json\/wp\/v2\/product_tag?post=50660"}],"curies":[{"name":"wp","href":"https:\/\/api.w.org\/{rel}","templated":true}]}}