{"id":51019,"date":"2025-05-21T09:40:50","date_gmt":"2025-05-21T07:40:50","guid":{"rendered":"https:\/\/myspainfood.com\/producto\/kimbitos-olivas-un-kornisoni-900-gr-chicon\/"},"modified":"2026-01-29T13:06:16","modified_gmt":"2026-01-29T12:06:16","slug":"kimbitos-olivas-un-kornisoni-900-gr-chicon","status":"publish","type":"product","link":"https:\/\/myspainfood.com\/lv\/producto\/kimbitos-olivas-un-kornisoni-900-gr-chicon\/","title":{"rendered":"Kimbitos - ol\u012bvas un korni\u0161oni 900 gr Chic\u00f3n"},"content":{"rendered":"<p><a href=\"https:\/\/aceitunaschiconlebron.com\/catalogo\/manzanilla-rellena-de-pepinillo\/\" target=\"_blank\" rel=\"noopener noreferrer nofollow\">Kimbitos ol\u012bvas un korni\u0161oni<\/a> ar maigu saldsk\u0101bu gar\u0161u.<\/p>\n<h3>Manzanilla vai Kimbitos ol\u012bvu \u012bpa\u0161\u012bbas<\/h3>\n<p>Manzanilla ol\u012bvas, kuru izcelsme ir Sp\u0101nij\u0101, sniedz lielas priek\u0161roc\u012bbas, no kur\u0101m izce\u013camas \u0161\u0101das:<\/p>\n<p>Tie nodro\u0161ina lielu antioksidantu daudzumu.<\/p>\n<p>T\u0101s pazemina asinsspiedienu un holester\u012bna l\u012bmeni.<\/p>\n<p>nov\u0113r\u0161 da\u017eu veidu v\u0113zi.<\/p>\n<p>T\u0101s darbojas k\u0101 dab\u012bgs probiotikas l\u012bdzeklis.<\/p>\n<p>Uzlabo sirds vesel\u012bbu.<\/p>\n<p>Tie pal\u012bdz c\u012bn\u012bties pret infekcij\u0101m.<\/p>\n<p>T\u0101s nov\u0113r\u0161 osteoporozi.<\/p>\n<p>Vai j\u016bs zin\u0101j\u0101t par Kimbitos ol\u012bvu daudzaj\u0101m priek\u0161roc\u012bb\u0101m? T\u0101m ir liela ietekme uz sirds un asinsrites slim\u012bbu profilaksi kopum\u0101. <\/p>\n<p>Ja v\u0113laties ieg\u0101d\u0101ties ol\u012bvas vai cita veida <a href=\"https:\/\/latiendadesami.com\/categoria-producto\/encurtidos\/\" rel=\"noopener noreferrer nofollow\" target=\"_blank\">marin\u0113tus d\u0101rze\u0146us<\/a>, nevilcinieties un iel\u016bkojieties m\u016bsu tie\u0161saistes katalog\u0101, lai iepaz\u012btos ar m\u016bsu pla\u0161o <a href=\"https:\/\/latiendadesami.com\/categoria-producto\/encurtidos\/aceitunas\/\" target=\"_blank\" rel=\"noopener noreferrer nofollow\">ol\u012bvu<\/a> kl\u0101stu.<\/p>\n","protected":false},"excerpt":{"rendered":"<p>Kimbitos ol\u012bvas un korni\u0161oni ar maigu saldsk\u0101bu gar\u0161u. Manzanilla vai Kimbitos ol\u012bvu \u012bpa\u0161\u012bbas Manzanilla ol\u012bvas, kuru izcelsme ir Sp\u0101nij\u0101, sniedz lielas priek\u0161roc\u012bbas, no kur\u0101m izce\u013camas \u0161\u0101das: Tie nodro\u0161ina lielu antioksidantu daudzumu. T\u0101s pazemina asinsspiedienu un holester\u012bna l\u012bmeni. nov\u0113r\u0161 da\u017eu veidu v\u0113zi. T\u0101s darbojas k\u0101 dab\u012bgs probiotikas l\u012bdzeklis. Uzlabo sirds vesel\u012bbu. Tie pal\u012bdz c\u012bn\u012bties pret infekcij\u0101m. [&hellip;]<\/p>\n","protected":false},"featured_media":51024,"template":"","meta":{"_et_pb_use_builder":"","_et_pb_old_content":"","_et_gb_content_width":""},"product_brand":[1036],"product_cat":[2008,1731,1729],"product_tag":[2010,2049,2028],"class_list":{"0":"post-51019","1":"product","2":"type-product","3":"status-publish","4":"has-post-thumbnail","6":"product_brand-chicon","7":"product_cat-gurkisi","8":"product_cat-olivas","9":"product_cat-pickles-lv","10":"product_tag-kimbo-lv","11":"product_tag-kumelite","12":"product_tag-piparkuka","14":"first","15":"instock","16":"taxable","17":"shipping-taxable","18":"purchasable","19":"product-type-variable"},"_links":{"self":[{"href":"https:\/\/myspainfood.com\/lv\/wp-json\/wp\/v2\/product\/51019","targetHints":{"allow":["GET"]}}],"collection":[{"href":"https:\/\/myspainfood.com\/lv\/wp-json\/wp\/v2\/product"}],"about":[{"href":"https:\/\/myspainfood.com\/lv\/wp-json\/wp\/v2\/types\/product"}],"wp:featuredmedia":[{"embeddable":true,"href":"https:\/\/myspainfood.com\/lv\/wp-json\/wp\/v2\/media\/51024"}],"wp:attachment":[{"href":"https:\/\/myspainfood.com\/lv\/wp-json\/wp\/v2\/media?parent=51019"}],"wp:term":[{"taxonomy":"product_brand","embeddable":true,"href":"https:\/\/myspainfood.com\/lv\/wp-json\/wp\/v2\/product_brand?post=51019"},{"taxonomy":"product_cat","embeddable":true,"href":"https:\/\/myspainfood.com\/lv\/wp-json\/wp\/v2\/product_cat?post=51019"},{"taxonomy":"product_tag","embeddable":true,"href":"https:\/\/myspainfood.com\/lv\/wp-json\/wp\/v2\/product_tag?post=51019"}],"curies":[{"name":"wp","href":"https:\/\/api.w.org\/{rel}","templated":true}]}}