{"id":51128,"date":"2025-05-21T09:40:50","date_gmt":"2025-05-21T07:40:50","guid":{"rendered":"https:\/\/myspainfood.com\/producto\/olu-kultenisi-extra-900-gr-chicon\/"},"modified":"2026-01-29T13:05:00","modified_gmt":"2026-01-29T12:05:00","slug":"olu-kultenisi-extra-900-gr-chicon","status":"publish","type":"product","link":"https:\/\/myspainfood.com\/lv\/producto\/olu-kultenisi-extra-900-gr-chicon\/","title":{"rendered":"Olu kulten\u012b\u0161i Extra 900 gr Chic\u00f3n"},"content":{"rendered":"<p>M\u016bsu papildus olu kulten\u012b\u0161i ar ol\u012bv\u0101m un marin\u0113tiem d\u0101rze\u0146iem sast\u0101v no manzaniljas <a href=\"https:\/\/aceitunaschiconlebron.com\/catalogo\/revuelto-extra-aceitunas-encurtidos\/\" target=\"_blank\" rel=\"noopener noreferrer nofollow\">ol\u012bv\u0101m<\/a>, korni\u0161oniem, s\u012bpoliem un burk\u0101niem.<\/p>\n<p>\u0160\u012b ol\u012bvu un marin\u0113tu gur\u0137u kombin\u0101cija \u013cauj izbaud\u012bt nep\u0101rsp\u0113jamu gar\u0161u j\u016bsu tapas vai uzkodas.<\/p>\n<p>Tas ir \u013coti vesel\u012bgs papildin\u0101jums m\u016bsu tradicion\u0101lajam barojo\u0161ajam Vidusj\u016bras re\u0123iona di\u0113tiskajam uzturam.<\/p>\n<p>Marin\u0113ti gur\u0137i ir k\u013cuvu\u0161i par senu p\u0101rtikas produktu konserv\u0113\u0161anas pa\u0146\u0113mienu vis\u0101 pasaul\u0113 un ir k\u013cuvu\u0161i par vienu no popul\u0101r\u0101kaj\u0101m tap\u0101m jeb uzkodu \u0113dieniem Sp\u0101nijas gastronomij\u0101.<\/p>\n<h3><strong>Ieguvumi no Scrambled Extra<\/strong><\/h3>\n<p>Vai j\u016bs zin\u0101j\u0101t par Revuelto Extra un marin\u0113to d\u0101rze\u0146u priek\u0161roc\u012bb\u0101m kopum\u0101? \u0160eit ir uzskait\u012btas vissvar\u012bg\u0101k\u0101s no t\u0101m: <\/p>\n<ul>\n<li>Bag\u0101ts ar probiotik\u0101m.<\/li>\n<li>Tie veicina gremo\u0161anu.<\/li>\n<li>T\u0101s stiprina im\u016bnsist\u0113mu.<\/li>\n<li>T\u0101s mazina cukura alkas.<\/li>\n<li>Labv\u0113l\u012bgi ietekm\u0113 \u017eultsp\u016b\u0161\u013ca darb\u012bbu.<\/li>\n<\/ul>\n<p>Ja v\u0113laties ieg\u0101d\u0101ties ol\u012bvas vai cita veida <a href=\"https:\/\/latiendadesami.com\/categoria-producto\/encurtidos\/\" rel=\"noopener noreferrer nofollow\" target=\"_blank\">marin\u0113tus d\u0101rze\u0146us<\/a>, nevilcinieties un iel\u016bkojieties m\u016bsu tie\u0161saistes katalog\u0101, lai iepaz\u012btos ar m\u016bsu pla\u0161o <a href=\"https:\/\/latiendadesami.com\/categoria-producto\/encurtidos\/aceitunas\/\" target=\"_blank\" rel=\"noopener noreferrer nofollow\">ol\u012bvu<\/a> kl\u0101stu.<\/p>\n","protected":false},"excerpt":{"rendered":"<p>M\u016bsu papildus olu kulten\u012b\u0161i ar ol\u012bv\u0101m un marin\u0113tiem d\u0101rze\u0146iem sast\u0101v no manzaniljas ol\u012bv\u0101m, korni\u0161oniem, s\u012bpoliem un burk\u0101niem. \u0160\u012b ol\u012bvu un marin\u0113tu gur\u0137u kombin\u0101cija \u013cauj izbaud\u012bt nep\u0101rsp\u0113jamu gar\u0161u j\u016bsu tapas vai uzkodas. Tas ir \u013coti vesel\u012bgs papildin\u0101jums m\u016bsu tradicion\u0101lajam barojo\u0161ajam Vidusj\u016bras re\u0123iona di\u0113tiskajam uzturam. Marin\u0113ti gur\u0137i ir k\u013cuvu\u0161i par senu p\u0101rtikas produktu konserv\u0113\u0161anas pa\u0146\u0113mienu vis\u0101 pasaul\u0113 [&hellip;]<\/p>\n","protected":false},"featured_media":50830,"template":"","meta":{"_et_pb_use_builder":"","_et_pb_old_content":"","_et_gb_content_width":""},"product_brand":[1036],"product_cat":[1731,1729],"product_tag":[8125],"class_list":{"0":"post-51128","1":"product","2":"type-product","3":"status-publish","4":"has-post-thumbnail","6":"product_brand-chicon","7":"product_cat-olivas","8":"product_cat-pickles-lv","9":"product_tag-olu-kultenis","11":"first","12":"instock","13":"taxable","14":"shipping-taxable","15":"purchasable","16":"product-type-variable"},"_links":{"self":[{"href":"https:\/\/myspainfood.com\/lv\/wp-json\/wp\/v2\/product\/51128","targetHints":{"allow":["GET"]}}],"collection":[{"href":"https:\/\/myspainfood.com\/lv\/wp-json\/wp\/v2\/product"}],"about":[{"href":"https:\/\/myspainfood.com\/lv\/wp-json\/wp\/v2\/types\/product"}],"wp:featuredmedia":[{"embeddable":true,"href":"https:\/\/myspainfood.com\/lv\/wp-json\/wp\/v2\/media\/50830"}],"wp:attachment":[{"href":"https:\/\/myspainfood.com\/lv\/wp-json\/wp\/v2\/media?parent=51128"}],"wp:term":[{"taxonomy":"product_brand","embeddable":true,"href":"https:\/\/myspainfood.com\/lv\/wp-json\/wp\/v2\/product_brand?post=51128"},{"taxonomy":"product_cat","embeddable":true,"href":"https:\/\/myspainfood.com\/lv\/wp-json\/wp\/v2\/product_cat?post=51128"},{"taxonomy":"product_tag","embeddable":true,"href":"https:\/\/myspainfood.com\/lv\/wp-json\/wp\/v2\/product_tag?post=51128"}],"curies":[{"name":"wp","href":"https:\/\/api.w.org\/{rel}","templated":true}]}}