{"id":51372,"date":"2025-05-21T10:50:34","date_gmt":"2025-05-21T08:50:34","guid":{"rendered":"https:\/\/myspainfood.com\/producto\/vecmaminas-noslepums\/"},"modified":"2026-01-29T13:13:30","modified_gmt":"2026-01-29T12:13:30","slug":"vecmaminas-noslepums","status":"publish","type":"product","link":"https:\/\/myspainfood.com\/lv\/producto\/vecmaminas-noslepums\/","title":{"rendered":"Vecm\u0101mi\u0146as nosl\u0113pums"},"content":{"rendered":"<p>Ol\u012bvas Secreto de la Abuela ir gordal ol\u012bvu bez kauli\u0146iem, balto \u0137iploku, kaperu un bakla\u017e\u0101nu gabali\u0146u kombin\u0101cija.<\/p>\n<p>Gar\u0161vielas ir pa\u0161a <a href=\"https:\/\/aceitunaschiconlebron.com\/\" target=\"_blank\" rel=\"noopener noreferrer nofollow\">Chic\u00f3n<\/a> gar\u0161vielas.<\/p>\n<h3><strong>Secreto de la Abuela ol\u012bvu priek\u0161roc\u012bbas<\/strong><\/h3>\n<p>Vai j\u016bs zin\u0101j\u0101t, k\u0101das priek\u0161roc\u012bbas sniedz \u0161\u0101da veida ol\u012bvas un marin\u0113ti d\u0101rze\u0146i kopum\u0101? \u0160eit ir uzskait\u012btas vissvar\u012bg\u0101k\u0101s no t\u0101m: <\/p>\n<ul>\n<li>Bag\u0101ts ar probiotik\u0101m.<\/li>\n<li>Tie veicina gremo\u0161anu.<\/li>\n<li>T\u0101s stiprina im\u016bnsist\u0113mu.<\/li>\n<li>T\u0101s mazina cukura alkas.<\/li>\n<li>Labv\u0113l\u012bgi ietekm\u0113 \u017eultsp\u016b\u0161\u013ca darb\u012bbu.<\/li>\n<\/ul>\n<p>&nbsp;<\/p>\n<p>Ja v\u0113laties ieg\u0101d\u0101ties ol\u012bvas vai cita veida <a href=\"https:\/\/latiendadesami.com\/categoria-producto\/encurtidos\/\" rel=\"noopener noreferrer nofollow\" target=\"_blank\">marin\u0113tus d\u0101rze\u0146us<\/a>, nevilcinieties un iel\u016bkojieties m\u016bsu tie\u0161saistes katalog\u0101, lai iepaz\u012btos ar m\u016bsu pla\u0161o <a href=\"https:\/\/latiendadesami.com\/categoria-producto\/encurtidos\/aceitunas\/\" target=\"_blank\" rel=\"noopener noreferrer nofollow\">ol\u012bvu<\/a> kl\u0101stu.<\/p>\n","protected":false},"excerpt":{"rendered":"<p>Ol\u012bvas Secreto de la Abuela ir gordal ol\u012bvu bez kauli\u0146iem, balto \u0137iploku, kaperu un bakla\u017e\u0101nu gabali\u0146u kombin\u0101cija. Gar\u0161vielas ir pa\u0161a Chic\u00f3n gar\u0161vielas. Secreto de la Abuela ol\u012bvu priek\u0161roc\u012bbas Vai j\u016bs zin\u0101j\u0101t, k\u0101das priek\u0161roc\u012bbas sniedz \u0161\u0101da veida ol\u012bvas un marin\u0113ti d\u0101rze\u0146i kopum\u0101? \u0160eit ir uzskait\u012btas vissvar\u012bg\u0101k\u0101s no t\u0101m: Bag\u0101ts ar probiotik\u0101m. Tie veicina gremo\u0161anu. T\u0101s stiprina [&hellip;]<\/p>\n","protected":false},"featured_media":51211,"template":"","meta":{"_et_pb_use_builder":"","_et_pb_old_content":"","_et_gb_content_width":""},"product_brand":[1036],"product_cat":[1731,1729],"product_tag":[10125,1733],"class_list":{"0":"post-51372","1":"product","2":"type-product","3":"status-publish","4":"has-post-thumbnail","6":"product_brand-chicon","7":"product_cat-olivas","8":"product_cat-pickles-lv","9":"product_tag-noslepums","10":"product_tag-vecmamina","12":"first","13":"outofstock","14":"taxable","15":"shipping-taxable","16":"product-type-variable"},"_links":{"self":[{"href":"https:\/\/myspainfood.com\/lv\/wp-json\/wp\/v2\/product\/51372","targetHints":{"allow":["GET"]}}],"collection":[{"href":"https:\/\/myspainfood.com\/lv\/wp-json\/wp\/v2\/product"}],"about":[{"href":"https:\/\/myspainfood.com\/lv\/wp-json\/wp\/v2\/types\/product"}],"wp:featuredmedia":[{"embeddable":true,"href":"https:\/\/myspainfood.com\/lv\/wp-json\/wp\/v2\/media\/51211"}],"wp:attachment":[{"href":"https:\/\/myspainfood.com\/lv\/wp-json\/wp\/v2\/media?parent=51372"}],"wp:term":[{"taxonomy":"product_brand","embeddable":true,"href":"https:\/\/myspainfood.com\/lv\/wp-json\/wp\/v2\/product_brand?post=51372"},{"taxonomy":"product_cat","embeddable":true,"href":"https:\/\/myspainfood.com\/lv\/wp-json\/wp\/v2\/product_cat?post=51372"},{"taxonomy":"product_tag","embeddable":true,"href":"https:\/\/myspainfood.com\/lv\/wp-json\/wp\/v2\/product_tag?post=51372"}],"curies":[{"name":"wp","href":"https:\/\/api.w.org\/{rel}","templated":true}]}}