{"id":52382,"date":"2025-05-23T12:58:14","date_gmt":"2025-05-23T10:58:14","guid":{"rendered":"https:\/\/myspainfood.com\/producto\/alyan-dubai-pistaciju-sokolades-tafelite-100-grami\/"},"modified":"2026-01-29T13:16:18","modified_gmt":"2026-01-29T12:16:18","slug":"alyan-dubai-pistaciju-sokolades-tafelite-100-grami","status":"publish","type":"product","link":"https:\/\/myspainfood.com\/lv\/producto\/alyan-dubai-pistaciju-sokolades-tafelite-100-grami\/","title":{"rendered":"Alyan Dubai pist\u0101ciju \u0161okol\u0101des t\u0101fel\u012bte 100 grami"},"content":{"rendered":"<p>Piena \u0161okol\u0101de ar pist\u0101ciju un kunafas pild\u012bjumu. Sast\u0101vda\u013cas: <\/p>\n<p>Pist\u0101ciju pasta 45% [cukurs, pist\u0101cijas (30%), augu e\u013c\u013ca (piln\u012bb\u0101 hidrogen\u0113ta palmu, kokvilnas s\u0113klu un saulespu\u0137u e\u013c\u013ca), v\u0101jpiens, emulgators (saulespu\u0137u lecit\u012bns), aromatiz\u0113t\u0101ji (piens, vanil\u012bns)],<\/p>\n<p>Piena \u0161okol\u0101de 45% [cukurs, kakao sviests, pilnpiena pulveris, kakao masa, v\u0101jpiena pulveris, s\u016bkalu pulveris, emulgators (amonija fosfat\u012bdi, poliglicer\u012bna poliricinole\u0101ts, saulespu\u0137u lecit\u012bns), aromatiz\u0113t\u0101js (vanil\u012bns)],<\/p>\n<p>Kunafa 10% [kvie\u0161i (satur lipekli), \u016bdens], konservanti (k\u0101lija sorb\u0101ts, kalcija propion\u0101ts).<\/p>\n<p>Alerg\u0113ni: piens, kvie\u0161i un pist\u0101cijas. Var satur\u0113t citu riekstu, zemesriekstu un olu atliekas. <\/p>\n","protected":false},"excerpt":{"rendered":"<p>Piena \u0161okol\u0101de ar pist\u0101ciju un kunafas pild\u012bjumu. Sast\u0101vda\u013cas: Pist\u0101ciju pasta 45% [cukurs, pist\u0101cijas (30%), augu e\u013c\u013ca (piln\u012bb\u0101 hidrogen\u0113ta palmu, kokvilnas s\u0113klu un saulespu\u0137u e\u013c\u013ca), v\u0101jpiens, emulgators (saulespu\u0137u lecit\u012bns), aromatiz\u0113t\u0101ji (piens, vanil\u012bns)], Piena \u0161okol\u0101de 45% [cukurs, kakao sviests, pilnpiena pulveris, kakao masa, v\u0101jpiena pulveris, s\u016bkalu pulveris, emulgators (amonija fosfat\u012bdi, poliglicer\u012bna poliricinole\u0101ts, saulespu\u0137u lecit\u012bns), aromatiz\u0113t\u0101js (vanil\u012bns)], Kunafa [&hellip;]<\/p>\n","protected":false},"featured_media":52371,"template":"","meta":{"_et_pb_use_builder":"","_et_pb_old_content":"","_et_gb_content_width":""},"product_brand":[],"product_cat":[1963],"product_tag":[],"class_list":{"0":"post-52382","1":"product","2":"type-product","3":"status-publish","4":"has-post-thumbnail","6":"product_cat-saglaba","8":"first","9":"instock","10":"featured","11":"taxable","12":"shipping-taxable","13":"purchasable","14":"product-type-variable"},"_links":{"self":[{"href":"https:\/\/myspainfood.com\/lv\/wp-json\/wp\/v2\/product\/52382","targetHints":{"allow":["GET"]}}],"collection":[{"href":"https:\/\/myspainfood.com\/lv\/wp-json\/wp\/v2\/product"}],"about":[{"href":"https:\/\/myspainfood.com\/lv\/wp-json\/wp\/v2\/types\/product"}],"wp:featuredmedia":[{"embeddable":true,"href":"https:\/\/myspainfood.com\/lv\/wp-json\/wp\/v2\/media\/52371"}],"wp:attachment":[{"href":"https:\/\/myspainfood.com\/lv\/wp-json\/wp\/v2\/media?parent=52382"}],"wp:term":[{"taxonomy":"product_brand","embeddable":true,"href":"https:\/\/myspainfood.com\/lv\/wp-json\/wp\/v2\/product_brand?post=52382"},{"taxonomy":"product_cat","embeddable":true,"href":"https:\/\/myspainfood.com\/lv\/wp-json\/wp\/v2\/product_cat?post=52382"},{"taxonomy":"product_tag","embeddable":true,"href":"https:\/\/myspainfood.com\/lv\/wp-json\/wp\/v2\/product_tag?post=52382"}],"curies":[{"name":"wp","href":"https:\/\/api.w.org\/{rel}","templated":true}]}}