{"id":62840,"date":"2025-10-10T12:25:50","date_gmt":"2025-10-10T10:25:50","guid":{"rendered":"https:\/\/myspainfood.com\/producto\/sardinillas-organiska-olivella-20-25-gabali-rias-baixas-115-gr\/"},"modified":"2025-10-10T12:25:50","modified_gmt":"2025-10-10T10:25:50","slug":"sardinillas-organiska-olivella-20-25-gabali-rias-baixas-115-gr","status":"publish","type":"product","link":"https:\/\/myspainfood.com\/lv\/producto\/sardinillas-organiska-olivella-20-25-gabali-rias-baixas-115-gr\/","title":{"rendered":"Sardinillas organisk\u0101 ol\u012bve\u013c\u013c\u0101 20\/25 gabali Rias Baixas 115 gr"},"content":{"rendered":"<p>M\u016bsu konserv\u0113t\u0101s sard\u012bnes ir gardas - ar savu smar\u017eu, intens\u012bvu gar\u0161u, sudrabainu izskatu un perfektu novietojumu un noform\u0113jumu konservu k\u0101rb\u0101. S\u0101kumpunkts vienm\u0113r ir lab\u0101ko, svaig\u0101ko un maz\u0101ko sard\u012b\u0146u atlase no zivju tirgus (katr\u0101 konservu k\u0101rb\u0101 atrad\u012bsiet no 12 l\u012bdz 16 sard\u012bn\u0113m). <\/p>\n<p>M\u016bsu r\u016bpn\u012bc\u0101 Moa\u00f1a (Pontevedra) ra\u017eo\u0161anas darbinieku prasm\u012bg\u0101s rokas no\u0146em galvu un iz\u0137id\u0101 katru zivi pa vienai. P\u0113c tam t\u0101s r\u016bp\u012bgi un prec\u012bzi apdedzina tvaik\u0101 un iesai\u0146o, lai, atverot konservu k\u0101rbu, ieg\u016btu p\u0113c iesp\u0113jas pievilc\u012bg\u0101ku izskatu. \u0136ir\u0161i\u0146u uz tortes veido <strong>organisk\u0101 neapstr\u0101d\u0101t\u0101 augst\u0101k\u0101 labuma ol\u012bve\u013c\u013ca*<\/strong>. Rezult\u0101ts ir iespaid\u012bgs, un tagad j\u016bs varat p\u0101rliecin\u0101ties pa\u0161i.  <\/p>\n<p>J\u0101atceras, ka \u013coti svar\u012bgs ir nogatavin\u0101\u0161anas laiks, kas var ilgt no da\u017eiem m\u0113ne\u0161iem l\u012bdz vair\u0101kiem gadiem, jo, e\u013c\u013cai ies\u016bcoties ziv\u012b, sard\u012bnes ieg\u016bst lab\u0101ku gar\u0161u. Regul\u0101ra konservu k\u0101rbu apgrie\u0161ana nodro\u0161ina izsmalcin\u0101tu un viendab\u012bgu gar\u0161u, kas apmierin\u0101s pat vispras\u012bg\u0101ko gar\u0161as k\u0101rpi\u0146u gar\u0161as k\u0101rpi\u0146as. <\/p>\n<p>P\u0113d\u0113jos gados konserv\u0113tas sard\u012bnes ir ieguvu\u0161as lielu slavu k\u0101 p\u0101rtikas produkts ar augstu uzturv\u0113rt\u012bbu. Var\u0113tu teikt, ka uzturv\u0113rt\u012bbas zi\u0146\u0101 sard\u012bnes ir zelta meda\u013cas \u012bpa\u0161nieces. T\u0101s satur lielu B12 vitam\u012bna, k\u0101 ar\u012b A, D, K un E vitam\u012bnu koncentr\u0101ciju. T\u0101s ir ar\u012b svar\u012bgs olbaltumvielu, n\u0101trija, fosfora, joda un kalcija avots. Turkl\u0101t t\u0101s ir bag\u0101tas ar omega 3 un ole\u012bnsk\u0101bi - ko v\u0113l var v\u0113l\u0113ties?    <\/p>\n","protected":false},"excerpt":{"rendered":"<p>M\u016bsu konserv\u0113t\u0101s sard\u012bnes ir gardas - ar savu smar\u017eu, intens\u012bvu gar\u0161u, sudrabainu izskatu un perfektu novietojumu un noform\u0113jumu konservu k\u0101rb\u0101. S\u0101kumpunkts vienm\u0113r ir lab\u0101ko, svaig\u0101ko un maz\u0101ko sard\u012b\u0146u atlase no zivju tirgus (katr\u0101 konservu k\u0101rb\u0101 atrad\u012bsiet no 12 l\u012bdz 16 sard\u012bn\u0113m). M\u016bsu r\u016bpn\u012bc\u0101 Moa\u00f1a (Pontevedra) ra\u017eo\u0161anas darbinieku prasm\u012bg\u0101s rokas no\u0146em galvu un iz\u0137id\u0101 katru zivi [&hellip;]<\/p>\n","protected":false},"featured_media":59421,"template":"","meta":{"_et_pb_use_builder":"","_et_pb_old_content":"","_et_gb_content_width":""},"product_brand":[11014],"product_cat":[11042,1963,3778],"product_tag":[],"class_list":{"0":"post-62840","1":"product","2":"type-product","3":"status-publish","4":"has-post-thumbnail","6":"product_brand-rias-baixas","7":"product_cat-jauns","8":"product_cat-saglaba","9":"product_cat-sardinillas-lv","11":"first","12":"instock","13":"featured","14":"taxable","15":"shipping-taxable","16":"purchasable","17":"product-type-variable"},"_links":{"self":[{"href":"https:\/\/myspainfood.com\/lv\/wp-json\/wp\/v2\/product\/62840","targetHints":{"allow":["GET"]}}],"collection":[{"href":"https:\/\/myspainfood.com\/lv\/wp-json\/wp\/v2\/product"}],"about":[{"href":"https:\/\/myspainfood.com\/lv\/wp-json\/wp\/v2\/types\/product"}],"wp:featuredmedia":[{"embeddable":true,"href":"https:\/\/myspainfood.com\/lv\/wp-json\/wp\/v2\/media\/59421"}],"wp:attachment":[{"href":"https:\/\/myspainfood.com\/lv\/wp-json\/wp\/v2\/media?parent=62840"}],"wp:term":[{"taxonomy":"product_brand","embeddable":true,"href":"https:\/\/myspainfood.com\/lv\/wp-json\/wp\/v2\/product_brand?post=62840"},{"taxonomy":"product_cat","embeddable":true,"href":"https:\/\/myspainfood.com\/lv\/wp-json\/wp\/v2\/product_cat?post=62840"},{"taxonomy":"product_tag","embeddable":true,"href":"https:\/\/myspainfood.com\/lv\/wp-json\/wp\/v2\/product_tag?post=62840"}],"curies":[{"name":"wp","href":"https:\/\/api.w.org\/{rel}","templated":true}]}}