{"id":62919,"date":"2025-10-10T12:25:49","date_gmt":"2025-10-10T10:25:49","guid":{"rendered":"https:\/\/myspainfood.com\/producto\/midijas-marineta-merce-6-8-gab-organiska-olivella-rias-baixas-115-g\/"},"modified":"2025-10-10T12:25:49","modified_gmt":"2025-10-10T10:25:49","slug":"midijas-marineta-merce-6-8-gab-organiska-olivella-rias-baixas-115-g","status":"publish","type":"product","link":"https:\/\/myspainfood.com\/lv\/producto\/midijas-marineta-merce-6-8-gab-organiska-olivella-rias-baixas-115-g\/","title":{"rendered":"M\u012bdijas marin\u0113t\u0101 m\u0113rc\u0113 6\/8 gab. organisk\u0101 ol\u012bve\u013c\u013c\u0101 Rias Baixas 115 g"},"content":{"rendered":"<p>Galisijas gliemene (Mytilus galloprovincialis) jau ir k\u013cuvusi par 21. gadsimta noz\u012bm\u012bg\u0101ko kultiv\u0113jamo sugu Sp\u0101nij\u0101. Un kaut kas ir j\u0101b\u016bt m\u016bsu piekrastes gliemen\u0113m, ja jau 4. gs. p. m. \u0113. t\u0101s pat\u0113r\u0113ja Kastro iedz\u012bvot\u0101ji, un \u0161odien, lai apmierin\u0101tu augo\u0161o tirgus piepras\u012bjumu, ir nepiecie\u0161ami vair\u0101k nek\u0101 3000 glieme\u0146u audz\u0113tavu. <\/p>\n<p>CONSERVAS R\u00cdAS BAIXAS 1907 izv\u0113las gliemenes no lab\u0101kaj\u0101m glieme\u0146u audz\u0113m un paciet\u012bgi gaida \u012bsto br\u012bdi, kad t\u0101s tiks ieg\u016btas, kad gliemenes ir lab\u0101kaj\u0101 gatav\u012bbas stadij\u0101. M\u0113s dodam priek\u0161roku kr\u0101jumu sadal\u012b\u0161anai, nevis pied\u0101v\u0101jam jums zemas kvalit\u0101tes n\u0101rsta gliemenes. <\/p>\n<p>P\u0113c mazg\u0101\u0161anas un att\u012br\u012b\u0161anas gliemenes saut\u0113 tvaic\u0113 un uzman\u012bgi no\u0146em b\u0101rdas, lai nesaboj\u0101tu gliemenes. P\u0113c tam m\u0113s t\u0101s apcepam lab\u0101 e\u013c\u013c\u0101 un, atlasot pareizos izm\u0113rus, iesai\u0146ojam ar rok\u0101m pa vienai, lai, atverot konservu k\u0101rbu, j\u016bs redz\u0113tu skaistu skatu uz vienu no m\u016bsu zvaig\u017e\u0146u produktiem. <\/p>\n<p>Otrs nosl\u0113pums, kas padara m\u016bsu m\u012bdijas par vien\u0101m no visaugst\u0101k nov\u0113rt\u0113taj\u0101m tirg\u016b, ir m\u016bsu escabeche, kas tiek gatavots ar rok\u0101m, izmantojot no paaudz\u0113m mantotu recepti. M\u0113s izmantojam visaugst\u0101k\u0101s kvalit\u0101tes papriku un sarkanv\u012bna eti\u0137i, organisko augst\u0101k\u0101 labuma ol\u012bve\u013c\u013cu* un papildin\u0101m to ar dab\u012bg\u0101m lauru lap\u0101m. <\/p>\n<p>Un, k\u0101 j\u016bs jau dro\u0161i vien zin\u0101t, Galisijas gliemenes ir lielisks kvalitat\u012bvs olbaltumvielu avots, kuru uzturv\u0113rt\u012bba ir l\u012bdz\u012bga om\u0101ra vai heka uzturv\u0113rt\u012bbai. Ta\u010du papildus olbaltumviel\u0101m taj\u0101s ir ar\u012b maz kaloriju un daudz A vitam\u012bna, B grupas vitam\u012bnu, C, E un K vitam\u012bna, k\u0101 ar\u012b miner\u0101lvielu: kalcija, vara, fosfora, dzelzs, magnija, mang\u0101na, k\u0101lija, sel\u0113na, n\u0101trija, joda un cinka. <\/p>\n","protected":false},"excerpt":{"rendered":"<p>Galisijas gliemene (Mytilus galloprovincialis) jau ir k\u013cuvusi par 21. gadsimta noz\u012bm\u012bg\u0101ko kultiv\u0113jamo sugu Sp\u0101nij\u0101. Un kaut kas ir j\u0101b\u016bt m\u016bsu piekrastes gliemen\u0113m, ja jau 4. gs. p. m. \u0113. t\u0101s pat\u0113r\u0113ja Kastro iedz\u012bvot\u0101ji, un \u0161odien, lai apmierin\u0101tu augo\u0161o tirgus piepras\u012bjumu, ir nepiecie\u0161ami vair\u0101k nek\u0101 3000 glieme\u0146u audz\u0113tavu. CONSERVAS R\u00cdAS BAIXAS 1907 izv\u0113las gliemenes no lab\u0101kaj\u0101m [&hellip;]<\/p>\n","protected":false},"featured_media":59372,"template":"","meta":{"_et_pb_use_builder":"","_et_pb_old_content":"","_et_gb_content_width":""},"product_brand":[11014],"product_cat":[11042,4058,1963],"product_tag":[],"class_list":{"0":"post-62919","1":"product","2":"type-product","3":"status-publish","4":"has-post-thumbnail","6":"product_brand-rias-baixas","7":"product_cat-jauns","8":"product_cat-midijas-lv-2","9":"product_cat-saglaba","11":"first","12":"instock","13":"taxable","14":"shipping-taxable","15":"purchasable","16":"product-type-variable"},"_links":{"self":[{"href":"https:\/\/myspainfood.com\/lv\/wp-json\/wp\/v2\/product\/62919","targetHints":{"allow":["GET"]}}],"collection":[{"href":"https:\/\/myspainfood.com\/lv\/wp-json\/wp\/v2\/product"}],"about":[{"href":"https:\/\/myspainfood.com\/lv\/wp-json\/wp\/v2\/types\/product"}],"wp:featuredmedia":[{"embeddable":true,"href":"https:\/\/myspainfood.com\/lv\/wp-json\/wp\/v2\/media\/59372"}],"wp:attachment":[{"href":"https:\/\/myspainfood.com\/lv\/wp-json\/wp\/v2\/media?parent=62919"}],"wp:term":[{"taxonomy":"product_brand","embeddable":true,"href":"https:\/\/myspainfood.com\/lv\/wp-json\/wp\/v2\/product_brand?post=62919"},{"taxonomy":"product_cat","embeddable":true,"href":"https:\/\/myspainfood.com\/lv\/wp-json\/wp\/v2\/product_cat?post=62919"},{"taxonomy":"product_tag","embeddable":true,"href":"https:\/\/myspainfood.com\/lv\/wp-json\/wp\/v2\/product_tag?post=62919"}],"curies":[{"name":"wp","href":"https:\/\/api.w.org\/{rel}","templated":true}]}}