{"id":62997,"date":"2025-10-10T12:25:49","date_gmt":"2025-10-10T10:25:49","guid":{"rendered":"https:\/\/myspainfood.com\/producto\/rias-baixas-olivellas-gliemenes-no-finisterre-rias-baixas-olivella-115-g\/"},"modified":"2025-10-10T12:25:49","modified_gmt":"2025-10-10T10:25:49","slug":"rias-baixas-olivellas-gliemenes-no-finisterre-rias-baixas-olivella-115-g","status":"publish","type":"product","link":"https:\/\/myspainfood.com\/lv\/producto\/rias-baixas-olivellas-gliemenes-no-finisterre-rias-baixas-olivella-115-g\/","title":{"rendered":"Rias Baixas ol\u012bve\u013c\u013cas gliemenes no Finisterre, Rias Baixas ol\u012bve\u013c\u013ca 115 g"},"content":{"rendered":"<p>Gliemenes tiek ieg\u016btas daudz\u0101s m\u016bsu skaisto Rivu viet\u0101s, bet no vis\u0101m t\u0101m ir viena, kur gliemenes un longueirones sasniedz visaugst\u0101ko kvalit\u0101ti: Finisterre (Fisterra). T\u0101 k\u0101 cit\u0101di ar\u012b nevar b\u016bt, CONSERVAS R\u00cdAS BAIXAS 1907 m\u0113s iep\u0113rkam tikai \u0161aj\u0101s parad\u012bzes pludmal\u0113s nozvejot\u0101s \u017eiletes, turkl\u0101t tikai t\u0101s, kuras br\u012bvie nir\u0113ji nozvejo pa vienai, lai nodro\u0161in\u0101tu dabisk\u0101s vides saglab\u0101\u0161anu un lai ar\u012b n\u0101kam\u0101s paaudzes var\u0113tu baud\u012bt \u0161o delikatesi. <\/p>\n<p>Svaigais skuveklis tiek att\u012br\u012bts s\u0101ls\u016bden\u012b, lai atbr\u012bvotos no atliku\u0161aj\u0101m smilt\u012bm, un p\u0113c tam r\u016bp\u012bgi iepakots m\u016bsu r\u016bpn\u012bc\u0101s Moan\u0101.<\/p>\n<p>Un, lai gan Finisteres \u017eiletes gliemenes pa\u0161as par sevi ir delikatese, m\u0113s esam izv\u0113l\u0113ju\u0161ies t\u0101s pasniegt ar biolo\u0123iski t\u012bru augst\u0101k\u0101 labuma ol\u012bve\u013c\u013cu*. Rezult\u0101ts ir iespaid\u012bgs, un m\u0113s aicin\u0101m j\u016bs to nobaud\u012bt. <\/p>\n<p>Turkl\u0101t gliemen\u0113s ir \u013coti maz kaloriju un lip\u012bdu. No otras puses, \u017eiletes gliemenes ir bag\u0101tas ar polinepies\u0101tin\u0101taj\u0101m tauksk\u0101b\u0113m OMEGA 3, t\u0101p\u0113c to lieto\u0161ana uztur\u0101 ir \u013coti ieteicama. <\/p>\n","protected":false},"excerpt":{"rendered":"<p>Gliemenes tiek ieg\u016btas daudz\u0101s m\u016bsu skaisto Rivu viet\u0101s, bet no vis\u0101m t\u0101m ir viena, kur gliemenes un longueirones sasniedz visaugst\u0101ko kvalit\u0101ti: Finisterre (Fisterra). T\u0101 k\u0101 cit\u0101di ar\u012b nevar b\u016bt, CONSERVAS R\u00cdAS BAIXAS 1907 m\u0113s iep\u0113rkam tikai \u0161aj\u0101s parad\u012bzes pludmal\u0113s nozvejot\u0101s \u017eiletes, turkl\u0101t tikai t\u0101s, kuras br\u012bvie nir\u0113ji nozvejo pa vienai, lai nodro\u0161in\u0101tu dabisk\u0101s vides saglab\u0101\u0161anu [&hellip;]<\/p>\n","protected":false},"featured_media":59299,"template":"","meta":{"_et_pb_use_builder":"","_et_pb_old_content":"","_et_gb_content_width":""},"product_brand":[11014],"product_cat":[11042,1963,7571],"product_tag":[],"class_list":{"0":"post-62997","1":"product","2":"type-product","3":"status-publish","4":"has-post-thumbnail","6":"product_brand-rias-baixas","7":"product_cat-jauns","8":"product_cat-saglaba","9":"product_cat-skuvekli","11":"first","12":"instock","13":"taxable","14":"shipping-taxable","15":"purchasable","16":"product-type-variable"},"_links":{"self":[{"href":"https:\/\/myspainfood.com\/lv\/wp-json\/wp\/v2\/product\/62997","targetHints":{"allow":["GET"]}}],"collection":[{"href":"https:\/\/myspainfood.com\/lv\/wp-json\/wp\/v2\/product"}],"about":[{"href":"https:\/\/myspainfood.com\/lv\/wp-json\/wp\/v2\/types\/product"}],"wp:featuredmedia":[{"embeddable":true,"href":"https:\/\/myspainfood.com\/lv\/wp-json\/wp\/v2\/media\/59299"}],"wp:attachment":[{"href":"https:\/\/myspainfood.com\/lv\/wp-json\/wp\/v2\/media?parent=62997"}],"wp:term":[{"taxonomy":"product_brand","embeddable":true,"href":"https:\/\/myspainfood.com\/lv\/wp-json\/wp\/v2\/product_brand?post=62997"},{"taxonomy":"product_cat","embeddable":true,"href":"https:\/\/myspainfood.com\/lv\/wp-json\/wp\/v2\/product_cat?post=62997"},{"taxonomy":"product_tag","embeddable":true,"href":"https:\/\/myspainfood.com\/lv\/wp-json\/wp\/v2\/product_tag?post=62997"}],"curies":[{"name":"wp","href":"https:\/\/api.w.org\/{rel}","templated":true}]}}