{"id":63123,"date":"2025-10-10T12:25:49","date_gmt":"2025-10-10T10:25:49","guid":{"rendered":"https:\/\/myspainfood.com\/producto\/mazie-zusi-biologiskaja-olivella-rias-baixas-110-g\/"},"modified":"2026-01-29T11:12:52","modified_gmt":"2026-01-29T10:12:52","slug":"mazie-zusi-biologiskaja-olivella-rias-baixas-110-g","status":"publish","type":"product","link":"https:\/\/myspainfood.com\/lv\/producto\/mazie-zusi-biologiskaja-olivella-rias-baixas-110-g\/","title":{"rendered":"Mazie zu\u0161i biolo\u0123iskaj\u0101 ol\u012bve\u013c\u013c\u0101 Rias Baixas 110 g"},"content":{"rendered":"<p>K\u0101 j\u016bs dro\u0161i vien zin\u0101t, stikla zu\u0161i ir zu\u0161u mazu\u013ci. Vi\u0146u piedz\u012bvojums s\u0101kas Sargasu j\u016br\u0101, Kar\u012bbu j\u016bras vid\u016b, kur zu\u0161i n\u0101rsto un iz\u0161\u0137i\u013cas no ikriem, kas n\u0101kamos tr\u012bs gadus p\u0101rvietojas pa Golfa straumi, l\u012bdz sasniedz Eiropas upes. Stikla zu\u0161i pulc\u0113jas liel\u0101s mas\u0101s upju gr\u012bv\u0101s un peld aug\u0161up pa straumi, l\u012bdz k\u013c\u016bst par pieaugu\u0161iem. Interesant\u0101kais ir tas, ka katrs zuti\u0146\u0161 ierodas taj\u0101 pa\u0161\u0101 up\u0113, no kuras iz\u0161\u0137\u012blu\u0161ies t\u0101 vec\u0101ki. Nozvejots, katrs \u012bpatnis parasti sver 1 g un m\u0113ra nepilnus 8 cm.     <\/p>\n<p>Pats par sevi saprotams, ka pret tik trauslu un v\u0113rt\u012bgu zivi, to transport\u0113jot uz r\u016bpn\u012bcu, gatavojot un konserv\u0113jot, izturas ar visliel\u0101ko r\u016bp\u012bbu un delik\u0101tumu. M\u0113s pied\u0101v\u0101jam \u0161o delikatesi p\u0113c tradicion\u0101l\u0101s receptes, ko bag\u0101t\u012bgi paspilgtina dab\u012bgie \u010dilli pipari, un t\u0101 ir pasniegta ar organisko neapstr\u0101d\u0101to ol\u012bve\u013c\u013cu*. <\/p>\n<p>Papildus gar\u0161as \u012bpa\u0161\u012bb\u0101m, kas daudziem ekspertiem \u0161\u0137iet nep\u0101rsp\u0113jamas, elvers ir produkts ar \u013coti augstu uzturv\u0113rt\u012bbu. Paties\u012bb\u0101 t\u0101s ir trekn\u0101k\u0101s zin\u0101m\u0101s e\u013c\u013cain\u0101s zivis, un taj\u0101s ir daudz olbaltumvielu (16,3 g uz 100 g). T\u0101s nodro\u0161ina ar\u012b interesantu daudzumu da\u017eu miner\u0101lvielu, piem\u0113ram, fosfora un k\u0101lija, kas labv\u0113l\u012bgi ietekm\u0113 nieru vesel\u012bbu un nervu sist\u0113mu. Ta\u010du visiev\u0113rojam\u0101k\u0101 \u012bpa\u0161\u012bba ir \u013coti augsts A vitam\u012bna \u012bpatsvars, jo tas labv\u0113l\u012bgi ietekm\u0113 acu un redzes vesel\u012bbu.   <\/p>\n","protected":false},"excerpt":{"rendered":"<p>K\u0101 j\u016bs dro\u0161i vien zin\u0101t, stikla zu\u0161i ir zu\u0161u mazu\u013ci. Vi\u0146u piedz\u012bvojums s\u0101kas Sargasu j\u016br\u0101, Kar\u012bbu j\u016bras vid\u016b, kur zu\u0161i n\u0101rsto un iz\u0161\u0137i\u013cas no ikriem, kas n\u0101kamos tr\u012bs gadus p\u0101rvietojas pa Golfa straumi, l\u012bdz sasniedz Eiropas upes. Stikla zu\u0161i pulc\u0113jas liel\u0101s mas\u0101s upju gr\u012bv\u0101s un peld aug\u0161up pa straumi, l\u012bdz k\u013c\u016bst par pieaugu\u0161iem. Interesant\u0101kais ir [&hellip;]<\/p>\n","protected":false},"featured_media":59153,"template":"","meta":{"_et_pb_use_builder":"","_et_pb_old_content":"","_et_gb_content_width":""},"product_brand":[11014],"product_cat":[11042,1963],"product_tag":[],"class_list":{"0":"post-63123","1":"product","2":"type-product","3":"status-publish","4":"has-post-thumbnail","6":"product_brand-rias-baixas","7":"product_cat-jauns","8":"product_cat-saglaba","10":"first","11":"instock","12":"taxable","13":"shipping-taxable","14":"purchasable","15":"product-type-variable"},"_links":{"self":[{"href":"https:\/\/myspainfood.com\/lv\/wp-json\/wp\/v2\/product\/63123","targetHints":{"allow":["GET"]}}],"collection":[{"href":"https:\/\/myspainfood.com\/lv\/wp-json\/wp\/v2\/product"}],"about":[{"href":"https:\/\/myspainfood.com\/lv\/wp-json\/wp\/v2\/types\/product"}],"wp:featuredmedia":[{"embeddable":true,"href":"https:\/\/myspainfood.com\/lv\/wp-json\/wp\/v2\/media\/59153"}],"wp:attachment":[{"href":"https:\/\/myspainfood.com\/lv\/wp-json\/wp\/v2\/media?parent=63123"}],"wp:term":[{"taxonomy":"product_brand","embeddable":true,"href":"https:\/\/myspainfood.com\/lv\/wp-json\/wp\/v2\/product_brand?post=63123"},{"taxonomy":"product_cat","embeddable":true,"href":"https:\/\/myspainfood.com\/lv\/wp-json\/wp\/v2\/product_cat?post=63123"},{"taxonomy":"product_tag","embeddable":true,"href":"https:\/\/myspainfood.com\/lv\/wp-json\/wp\/v2\/product_tag?post=63123"}],"curies":[{"name":"wp","href":"https:\/\/api.w.org\/{rel}","templated":true}]}}