{"id":63382,"date":"2025-10-10T12:25:48","date_gmt":"2025-10-10T10:25:48","guid":{"rendered":"https:\/\/myspainfood.com\/producto\/la-barraca-dabigie-zirni-390-gr-neapstradati\/"},"modified":"2025-10-10T12:25:48","modified_gmt":"2025-10-10T10:25:48","slug":"la-barraca-dabigie-zirni-390-gr-neapstradati","status":"publish","type":"product","link":"https:\/\/myspainfood.com\/lv\/producto\/la-barraca-dabigie-zirni-390-gr-neapstradati\/","title":{"rendered":"La Barraca dab\u012bgie zir\u0146i 390 gr neapstr\u0101d\u0101ti"},"content":{"rendered":"<p>Peas la Barraca<\/p>\n<p>Sast\u0101vda\u013cas: Sast\u0101vda\u013cas: zir\u0146i, \u016bdens, cukurs un s\u0101ls.<\/p>\n","protected":false},"excerpt":{"rendered":"<p>Zir\u0146i \u013coti smalki Extra<\/p>\n","protected":false},"featured_media":59005,"template":"","meta":{"_et_pb_use_builder":"","_et_pb_old_content":"","_et_gb_content_width":""},"product_brand":[11011],"product_cat":[3718,11042,1963],"product_tag":[],"class_list":{"0":"post-63382","1":"product","2":"type-product","3":"status-publish","4":"has-post-thumbnail","6":"product_brand-la-barraca","7":"product_cat-darzeni","8":"product_cat-jauns","9":"product_cat-saglaba","11":"first","12":"instock","13":"taxable","14":"shipping-taxable","15":"purchasable","16":"product-type-variable"},"_links":{"self":[{"href":"https:\/\/myspainfood.com\/lv\/wp-json\/wp\/v2\/product\/63382","targetHints":{"allow":["GET"]}}],"collection":[{"href":"https:\/\/myspainfood.com\/lv\/wp-json\/wp\/v2\/product"}],"about":[{"href":"https:\/\/myspainfood.com\/lv\/wp-json\/wp\/v2\/types\/product"}],"wp:featuredmedia":[{"embeddable":true,"href":"https:\/\/myspainfood.com\/lv\/wp-json\/wp\/v2\/media\/59005"}],"wp:attachment":[{"href":"https:\/\/myspainfood.com\/lv\/wp-json\/wp\/v2\/media?parent=63382"}],"wp:term":[{"taxonomy":"product_brand","embeddable":true,"href":"https:\/\/myspainfood.com\/lv\/wp-json\/wp\/v2\/product_brand?post=63382"},{"taxonomy":"product_cat","embeddable":true,"href":"https:\/\/myspainfood.com\/lv\/wp-json\/wp\/v2\/product_cat?post=63382"},{"taxonomy":"product_tag","embeddable":true,"href":"https:\/\/myspainfood.com\/lv\/wp-json\/wp\/v2\/product_tag?post=63382"}],"curies":[{"name":"wp","href":"https:\/\/api.w.org\/{rel}","templated":true}]}}