{"id":18147,"date":"2025-04-10T12:05:43","date_gmt":"2025-04-10T10:05:43","guid":{"rendered":"https:\/\/myspainfood.com\/producto\/pikante-komkommer-banderillas-3-8-kg\/"},"modified":"2026-03-02T22:00:37","modified_gmt":"2026-03-02T21:00:37","slug":"pikante-komkommer-banderillas-3-8-kg","status":"publish","type":"product","link":"https:\/\/myspainfood.com\/nl\/producto\/pikante-komkommer-banderillas-3-8-kg\/","title":{"rendered":"Pikante Komkommer Banderillas 3.8 kg"},"content":{"rendered":"<p>Met Almagro&#8217;s Banderillas Picantes Pepino Entero 3,8kg kunt u van verschillende <a href=\"https:\/\/www.laencajera.es\/encurtidos-de-almagro\" target=\"_blank\" rel=\"noopener noreferrer nofollow\">augurken<\/a> tegelijk genieten.<\/p>\n<p>Met hun verfrissende en lichte smaak kunnen onze banderillas tussen de maaltijden door of met vrienden gedronken worden.<\/p>\n<p>Geniet van de kruiden in \u00e9\u00e9n hap met deze Banderillas Picantes Hele Komkommer 3,8kg. De oorsprong is Castilla la Mancha. <\/p>\n<p>Ingredi\u00ebnten: Ui 21-23, Rode peper, Olijf (geschatte grootte van 200-320), Hele augurk 60-80 grootte, Spaanse peper, Water, Zout en Plastic sprot, Smaakversterker (E-621, E-627), Zuurstof E-330, Antioxidant E-300, Conserveringsmiddelen (E-211, E-202, E-270, E-260) Bevat sulfieten.<\/p>\n<p>Conserveringsomstandigheden:<\/p>\n<p>Koel en droog bewaren, tussen 3\u00baC en 10\u00baC. Verwijderd houden van zonlicht en sterke geuren. <\/p>\n<p>Eenmaal geopend, in de koelkast bewaren en binnen 30 dagen consumeren.<\/p>\n<p>Als u olijven of andere soorten <a href=\"https:\/\/latiendadesami.com\/categoria-producto\/encurtidos\/\" rel=\"noopener noreferrer nofollow\" target=\"_blank\">augurken<\/a> wilt kopen, aarzel dan niet om een kijkje te nemen in onze online catalogus om de grote verscheidenheid aan <a href=\"https:\/\/latiendadesami.com\/categoria-producto\/encurtidos\/berenjenas\/\" target=\"_blank\" rel=\"noopener noreferrer nofollow\">aubergines<\/a> die we hebben te bekijken.<\/p>\n<p>Het merk is La Encajonera, een familiebedrijf, opgericht in 1990, gevestigd in het hart van La Mancha, in de stad ALMAGRO, in de provincie Ciudad Real.<\/p>\n<p>Het fabricageproces van de producten begint in hetzelfde teeltgebied, waar het product van de beste kwaliteit wordt geselecteerd.<\/p>\n<p>De fabriek is uitgerust met de meest geavanceerde technologie, met behoud van de traditie en knowhow van de ambachtelijke arbeiders.<\/p>\n","protected":false},"excerpt":{"rendered":"<p>Met Almagro&#8217;s Banderillas Picantes Pepino Entero 3,8kg kunt u van verschillende augurken tegelijk genieten. Met hun verfrissende en lichte smaak kunnen onze banderillas tussen de maaltijden door of met vrienden gedronken worden. Geniet van de kruiden in \u00e9\u00e9n hap met deze Banderillas Picantes Hele Komkommer 3,8kg. De oorsprong is Castilla la Mancha. Ingredi\u00ebnten: Ui 21-23, [&hellip;]<\/p>\n","protected":false},"featured_media":18152,"template":"","meta":{"_et_pb_use_builder":"","_et_pb_old_content":"","_et_gb_content_width":""},"product_brand":[],"product_cat":[1990,2065,1758],"product_tag":[2022,2066],"class_list":{"0":"post-18147","1":"product","2":"type-product","3":"status-publish","4":"has-post-thumbnail","6":"product_cat-augurken","7":"product_cat-banderillas-nl","8":"product_cat-pickles-nl","9":"product_tag-augurk","10":"product_tag-gekruid","12":"first","13":"instock","14":"taxable","15":"shipping-taxable","16":"purchasable","17":"product-type-simple"},"_links":{"self":[{"href":"https:\/\/myspainfood.com\/nl\/wp-json\/wp\/v2\/product\/18147","targetHints":{"allow":["GET"]}}],"collection":[{"href":"https:\/\/myspainfood.com\/nl\/wp-json\/wp\/v2\/product"}],"about":[{"href":"https:\/\/myspainfood.com\/nl\/wp-json\/wp\/v2\/types\/product"}],"wp:featuredmedia":[{"embeddable":true,"href":"https:\/\/myspainfood.com\/nl\/wp-json\/wp\/v2\/media\/18152"}],"wp:attachment":[{"href":"https:\/\/myspainfood.com\/nl\/wp-json\/wp\/v2\/media?parent=18147"}],"wp:term":[{"taxonomy":"product_brand","embeddable":true,"href":"https:\/\/myspainfood.com\/nl\/wp-json\/wp\/v2\/product_brand?post=18147"},{"taxonomy":"product_cat","embeddable":true,"href":"https:\/\/myspainfood.com\/nl\/wp-json\/wp\/v2\/product_cat?post=18147"},{"taxonomy":"product_tag","embeddable":true,"href":"https:\/\/myspainfood.com\/nl\/wp-json\/wp\/v2\/product_tag?post=18147"}],"curies":[{"name":"wp","href":"https:\/\/api.w.org\/{rel}","templated":true}]}}