{"id":18248,"date":"2025-04-10T12:05:35","date_gmt":"2025-04-10T10:05:35","guid":{"rendered":"https:\/\/myspainfood.com\/producto\/aubergine-gevulde-gordal-olijven-4-5-kg\/"},"modified":"2025-04-10T12:05:35","modified_gmt":"2025-04-10T10:05:35","slug":"aubergine-gevulde-gordal-olijven-4-5-kg","status":"publish","type":"product","link":"https:\/\/myspainfood.com\/nl\/producto\/aubergine-gevulde-gordal-olijven-4-5-kg\/","title":{"rendered":"Aubergine Gevulde Gordal Olijven 4.5 kg"},"content":{"rendered":"<p>Gordal olijven gevuld met Aubergines van de gordal vari\u00ebteit gevuld met onze traditionele Almagro <a href=\"https:\/\/www.laencajera.es\/aceitunas\" target=\"_blank\" rel=\"noopener noreferrer nofollow\">Aubergines<\/a>.<\/p>\n<p>Een van de populairste vari\u00ebteiten. Ze zijn ideaal als aperitief. <\/p>\n<p>Ingredi\u00ebnten: NTES: Ontpitte Gordal Olijven, Aubergine &#8220;De Almagro&#8221;, Water, Zout, Wijnazijn, Gemalen Komijn, Paprika de la Vera, Oregano, Smaakversterker (E-621, E-631, E-627), Zuurstof (E-330), Conserveermiddelen (E-260, E-211, E-202), Antioxidant (E-300), en Natuurlijke Essenties, (Essentie van Peper, Essentie van Knoflook, Essentie van Komijn). Kan sulfieten bevatten. <\/p>\n<p>Op een koele, droge plaats bewaren, tussen 3\u00baC en 10\u00baC.<\/p>\n<p>Bescherm tegen zonlicht en sterke geuren.<\/p>\n<p>Gordal olijven gevuld met aubergine. Eenmaal geopend in de koelkast bewaren en binnen 30 dagen consumeren.<\/p>\n<p>Als u olijven of andere soorten <a href=\"https:\/\/latiendadesami.com\/categoria-producto\/encurtidos\/\" rel=\"noopener noreferrer nofollow\" target=\"_blank\">augurken<\/a> wilt kopen, aarzel dan niet om een kijkje te nemen in onze online catalogus om de grote verscheidenheid aan <a href=\"https:\/\/latiendadesami.com\/categoria-producto\/encurtidos\/berenjenas\/\" target=\"_blank\" rel=\"noopener noreferrer nofollow\">aubergines<\/a> die we hebben te bekijken.<\/p>\n<p>Het merk is La Encajonera, een familiebedrijf, opgericht in 1990, gevestigd in het hart van La Mancha, in de stad ALMAGRO, in de provincie Ciudad Real.<\/p>\n<p>Het fabricageproces van de producten begint in hetzelfde teeltgebied, waar het product van de beste kwaliteit wordt geselecteerd.<\/p>\n<p>De fabriek is uitgerust met de meest geavanceerde technologie, met behoud van de traditie en knowhow van de ambachtelijke arbeiders.<\/p>\n","protected":false},"excerpt":{"rendered":"<p>Gordal olijven gevuld met Aubergines van de gordal vari\u00ebteit gevuld met onze traditionele Almagro Aubergines. Een van de populairste vari\u00ebteiten. Ze zijn ideaal als aperitief. Ingredi\u00ebnten: NTES: Ontpitte Gordal Olijven, Aubergine &#8220;De Almagro&#8221;, Water, Zout, Wijnazijn, Gemalen Komijn, Paprika de la Vera, Oregano, Smaakversterker (E-621, E-631, E-627), Zuurstof (E-330), Conserveermiddelen (E-260, E-211, E-202), Antioxidant (E-300), [&hellip;]<\/p>\n","protected":false},"featured_media":18251,"template":"","meta":{"_et_pb_use_builder":"","_et_pb_old_content":"","_et_gb_content_width":""},"product_brand":[],"product_cat":[1759,1758],"product_tag":[2149,2152],"class_list":{"0":"post-18248","1":"product","2":"type-product","3":"status-publish","4":"has-post-thumbnail","6":"product_cat-olijven","7":"product_cat-pickles-nl","8":"product_tag-aubergine-nl","9":"product_tag-invullen","11":"first","12":"instock","13":"taxable","14":"shipping-taxable","15":"purchasable","16":"product-type-simple"},"_links":{"self":[{"href":"https:\/\/myspainfood.com\/nl\/wp-json\/wp\/v2\/product\/18248","targetHints":{"allow":["GET"]}}],"collection":[{"href":"https:\/\/myspainfood.com\/nl\/wp-json\/wp\/v2\/product"}],"about":[{"href":"https:\/\/myspainfood.com\/nl\/wp-json\/wp\/v2\/types\/product"}],"wp:featuredmedia":[{"embeddable":true,"href":"https:\/\/myspainfood.com\/nl\/wp-json\/wp\/v2\/media\/18251"}],"wp:attachment":[{"href":"https:\/\/myspainfood.com\/nl\/wp-json\/wp\/v2\/media?parent=18248"}],"wp:term":[{"taxonomy":"product_brand","embeddable":true,"href":"https:\/\/myspainfood.com\/nl\/wp-json\/wp\/v2\/product_brand?post=18248"},{"taxonomy":"product_cat","embeddable":true,"href":"https:\/\/myspainfood.com\/nl\/wp-json\/wp\/v2\/product_cat?post=18248"},{"taxonomy":"product_tag","embeddable":true,"href":"https:\/\/myspainfood.com\/nl\/wp-json\/wp\/v2\/product_tag?post=18248"}],"curies":[{"name":"wp","href":"https:\/\/api.w.org\/{rel}","templated":true}]}}