{"id":25755,"date":"2025-04-10T12:06:58","date_gmt":"2025-04-10T10:06:58","guid":{"rendered":"https:\/\/myspainfood.com\/producto\/bonito-in-escabeche-el-pescador-de-cantabria-220-g\/"},"modified":"2025-04-10T12:06:58","modified_gmt":"2025-04-10T10:06:58","slug":"bonito-in-escabeche-el-pescador-de-cantabria-220-g","status":"publish","type":"product","link":"https:\/\/myspainfood.com\/nl\/producto\/bonito-in-escabeche-el-pescador-de-cantabria-220-g\/","title":{"rendered":"Bonito in Escabeche El Pescador de cantabria 220 g"},"content":{"rendered":"<p>Bonito en Escabeche Alta Cocina bereid door El <a href=\"https:\/\/elpescadordecantabria.es\/\" target=\"_blank\" rel=\"noopener noreferrer nofollow\">Pescador<\/a> de Cantabria. Kwaliteit, vakmanschap en traditie. <\/p>\n<p>De glazen pot is 250 grs.<\/p>\n<p>Ingredi\u00ebnten: witte tonijn, water, azijn, zonnebloemolie en zout.<\/p>\n<p>El Pescador de Cantabria is een bedrijf dat gevestigd is in Santo\u00f1a, in Cantabri\u00eb. Vanuit deze locatie behouden ze de zorgvuldige productietechniek die ze in Sicili\u00eb hebben geleerd. <\/p>\n<p>Dit product is uitstekend voor de gezondheid dankzij het hoge omega 3-gehalte dankzij de keuze van oli\u00ebn en zout.<\/p>\n<p>Het is een smakelijk, gezond en handig product.<\/p>\n<h4>Belangrijkste voordelen van ingeblikt voedsel<\/h4>\n<ol>\n<li>Ze behouden alle voedingseigenschappen van het voedsel zelf. Het voedsel behoudt zijn versheid. <\/li>\n<li>De gebruikte voedingsmiddelen zijn gezond en daarom geschikt voor een optimaal dieet dankzij hun hoge vitamine- en eiwitgehalte.<\/li>\n<li>Deze producten hebben een langere levensduur (2-5 jaar is gebruikelijk).<\/li>\n<li>De conserven zijn heel gemakkelijk op te bergen omdat de verpakking gemakkelijk aan te brengen is.<\/li>\n<\/ol>\n<p>Als u Albacore tonijn in Escabeche Alta Cocina of een ander soort <a href=\"https:\/\/latiendadesami.com\/categoria-producto\/conservas\/\" rel=\"noopener noreferrer nofollow\" target=\"_blank\">blikvoer<\/a> wilt kopen, aarzel dan niet om een kijkje te nemen in onze online catalogus om de grote vari\u00ebteit <a href=\"https:\/\/latiendadesami.com\/categoria-producto\/conservas\/atun-y-bonito\/\" target=\"_blank\" rel=\"noopener noreferrer nofollow\">tonijn<\/a> die we hebben te bekijken.<\/p>\n<p>Schrijf ons voor meer informatie.<\/p>\n","protected":false},"excerpt":{"rendered":"<p>ingelegde harlekijn tonijn gr<\/p>\n","protected":false},"featured_media":25763,"template":"","meta":{"_et_pb_use_builder":"","_et_pb_old_content":"","_et_gb_content_width":""},"product_brand":[1162],"product_cat":[1929,4327],"product_tag":[],"class_list":{"0":"post-25755","1":"product","2":"type-product","3":"status-publish","4":"has-post-thumbnail","6":"product_brand-arlequin","7":"product_cat-behoudt","8":"product_cat-tonijn-en-bonito","10":"first","11":"instock","12":"taxable","13":"shipping-taxable","14":"purchasable","15":"product-type-variable"},"_links":{"self":[{"href":"https:\/\/myspainfood.com\/nl\/wp-json\/wp\/v2\/product\/25755","targetHints":{"allow":["GET"]}}],"collection":[{"href":"https:\/\/myspainfood.com\/nl\/wp-json\/wp\/v2\/product"}],"about":[{"href":"https:\/\/myspainfood.com\/nl\/wp-json\/wp\/v2\/types\/product"}],"wp:featuredmedia":[{"embeddable":true,"href":"https:\/\/myspainfood.com\/nl\/wp-json\/wp\/v2\/media\/25763"}],"wp:attachment":[{"href":"https:\/\/myspainfood.com\/nl\/wp-json\/wp\/v2\/media?parent=25755"}],"wp:term":[{"taxonomy":"product_brand","embeddable":true,"href":"https:\/\/myspainfood.com\/nl\/wp-json\/wp\/v2\/product_brand?post=25755"},{"taxonomy":"product_cat","embeddable":true,"href":"https:\/\/myspainfood.com\/nl\/wp-json\/wp\/v2\/product_cat?post=25755"},{"taxonomy":"product_tag","embeddable":true,"href":"https:\/\/myspainfood.com\/nl\/wp-json\/wp\/v2\/product_tag?post=25755"}],"curies":[{"name":"wp","href":"https:\/\/api.w.org\/{rel}","templated":true}]}}