{"id":27314,"date":"2025-04-10T12:07:30","date_gmt":"2025-04-10T10:07:30","guid":{"rendered":"https:\/\/myspainfood.com\/producto\/vermout-los-cantabros-075l\/"},"modified":"2025-04-10T12:07:30","modified_gmt":"2025-04-10T10:07:30","slug":"vermout-los-cantabros-075l","status":"publish","type":"product","link":"https:\/\/myspainfood.com\/nl\/producto\/vermout-los-cantabros-075l\/","title":{"rendered":"Vermout Los C\u00e1ntabros 0,75l"},"content":{"rendered":"<p>Verm\u00fa los C\u00e1ntabros is een eerbetoon aan al die mannen en vrouwen die onze cultuur hebben weten te behouden en verspreiden.<\/p>\n<p>Ook onze wortels en tradities, vergezeld van beurzen, festivals, spelletjes en gastronomie, van de zee tot de bergen van ons geliefde Cantabri\u00eb.<\/p>\n<p>Dit product wordt gebotteld door <a href=\"https:\/\/bodegasigarmi.es\/mayoristas-de-bebidas-en-cantabria\/\" target=\"_blank\" rel=\"noopener noreferrer nofollow\">Bodegas Igarmi. <\/a> <\/p>\n<p>Bodegas Igarmi is de voortzetting van een traditie die sinds 1890 wordt gekenmerkt door kwaliteit en klantenservice.<\/p>\n<p>Een familiebedrijf met passie en toewijding voor wijn, dat wijnen bottelt en op de markt brengt met een onovertroffen prijs-kwaliteitverhouding, die zeer gewaardeerd worden op de markt en door de consumenten.<\/p>\n<p>Bodegas Igarmi heeft 3000 m\u00b2 aan faciliteiten in de stad Heras met een opslagcapaciteit van ongeveer een miljoen liter.<\/p>\n<p>Het is ook het grootste wijnhuis in Cantabri\u00eb.<\/p>\n<p>Het is een geweldig team van meer dan 30 mensen die zich inzetten om de klant het beste product en de beste service te bieden, waar wij ons om onderscheiden.<\/p>\n<p>&nbsp;<\/p>\n","protected":false},"excerpt":{"rendered":"<p>Verm\u00fa los C\u00e1ntabros is een eerbetoon aan al die mannen en vrouwen die onze cultuur hebben weten te behouden en verspreiden. Ook onze wortels en tradities, vergezeld van beurzen, festivals, spelletjes en gastronomie, van de zee tot de bergen van ons geliefde Cantabri\u00eb. Dit product wordt gebotteld door Bodegas Igarmi. Bodegas Igarmi is de voortzetting [&hellip;]<\/p>\n","protected":false},"featured_media":27321,"template":"","meta":{"_et_pb_use_builder":"","_et_pb_old_content":"","_et_gb_content_width":""},"product_brand":[1244,1245],"product_cat":[4891,5808],"product_tag":[5812],"class_list":{"0":"post-27314","1":"product","2":"type-product","3":"status-publish","4":"has-post-thumbnail","6":"product_brand-igarmi","7":"product_brand-los-cantabros","8":"product_cat-dranken","9":"product_cat-vermout","10":"product_tag-igarmi-nl","12":"first","13":"instock","14":"taxable","15":"shipping-taxable","16":"purchasable","17":"product-type-variable"},"_links":{"self":[{"href":"https:\/\/myspainfood.com\/nl\/wp-json\/wp\/v2\/product\/27314","targetHints":{"allow":["GET"]}}],"collection":[{"href":"https:\/\/myspainfood.com\/nl\/wp-json\/wp\/v2\/product"}],"about":[{"href":"https:\/\/myspainfood.com\/nl\/wp-json\/wp\/v2\/types\/product"}],"wp:featuredmedia":[{"embeddable":true,"href":"https:\/\/myspainfood.com\/nl\/wp-json\/wp\/v2\/media\/27321"}],"wp:attachment":[{"href":"https:\/\/myspainfood.com\/nl\/wp-json\/wp\/v2\/media?parent=27314"}],"wp:term":[{"taxonomy":"product_brand","embeddable":true,"href":"https:\/\/myspainfood.com\/nl\/wp-json\/wp\/v2\/product_brand?post=27314"},{"taxonomy":"product_cat","embeddable":true,"href":"https:\/\/myspainfood.com\/nl\/wp-json\/wp\/v2\/product_cat?post=27314"},{"taxonomy":"product_tag","embeddable":true,"href":"https:\/\/myspainfood.com\/nl\/wp-json\/wp\/v2\/product_tag?post=27314"}],"curies":[{"name":"wp","href":"https:\/\/api.w.org\/{rel}","templated":true}]}}