{"id":32644,"date":"2025-04-10T12:09:05","date_gmt":"2025-04-10T10:09:05","guid":{"rendered":"https:\/\/myspainfood.com\/producto\/extra-olijfolie-van-eerste-persing-valdezarza-5-liter-2\/"},"modified":"2026-01-29T12:25:32","modified_gmt":"2026-01-29T11:25:32","slug":"extra-olijfolie-van-eerste-persing-valdezarza-5-liter-2","status":"publish","type":"product","link":"https:\/\/myspainfood.com\/nl\/producto\/extra-olijfolie-van-eerste-persing-valdezarza-5-liter-2\/","title":{"rendered":"Extra olijfolie van eerste persing VALDEZARZA 5 liter"},"content":{"rendered":"<p>Valdezarza Extra Virgin Olive Oil 5l is een Extra Virgin Olive Oil van superieure categorie, rechtstreeks verkregen uit olijven en alleen door mechanische procedures.<\/p>\n<p>Valdezarza ligt in het hart van de Montes de Toledo (Spanje) en heeft een ge\u00efntegreerd ecosysteem van olijfgaarden en natuur.<\/p>\n<p>Het beste olijfsap wordt gemaakt van olijven: <a href=\"https:\/\/aceitesvaldezarza.com\/quienes-somos\/\" target=\"_blank\" rel=\"noopener noreferrer nofollow\">VALDEZARZA<\/a> Extra Vergine Olijfolie.<\/p>\n<p>Het Valdezarza landgoed ligt in de gemeente San Mart\u00edn de Montalb\u00e1n, geografisch ge\u00efntegreerd in de Montes de Toledo.<\/p>\n<p>Met een oppervlakte van 700 hectare wordt het grootste deel van dit land beschouwd als beschermd mediterraan bos en een gecontroleerd ecosysteem.<\/p>\n<p>Deze plek maakt deel uit van het herintroductieproject van de Iberische lynx en u kunt genieten van spectaculaire beelden van verschillende lynxen die onder de olijfbomen rusten.<\/p>\n<p>Dankzij hun verpakkingsfabriek hebben ze meer controle over het hele circuit van olijfboom tot verpakking.<\/p>\n<p>Daarnaast heeft dit bedrijf echte onderzoeks-, ontwikkelings- en implementatieprojecten zoals het Messor Project.<\/p>\n<p>Als u <a href=\"https:\/\/latiendadesami.com\/categoria-producto\/aceite\/\" rel=\"noopener noreferrer nofollow\" target=\"_blank\">olie<\/a> wilt kopen, aarzel dan niet om een kijkje te nemen in onze online catalogus om de grote verscheidenheid aan producten die we hebben te bekijken, zoals Valdezarza Extra Virgin Olive Oil 5l.<\/p>\n<p>Schrijf ons voor meer informatie over onze voedingsmiddelen.<\/p>\n","protected":false},"excerpt":{"rendered":"<p>Valdezarza Extra Virgin Olive Oil 5l is een Extra Virgin Olive Oil van superieure categorie, rechtstreeks verkregen uit olijven en alleen door mechanische procedures. Valdezarza ligt in het hart van de Montes de Toledo (Spanje) en heeft een ge\u00efntegreerd ecosysteem van olijfgaarden en natuur. Het beste olijfsap wordt gemaakt van olijven: VALDEZARZA Extra Vergine Olijfolie. [&hellip;]<\/p>\n","protected":false},"featured_media":32649,"template":"","meta":{"_et_pb_use_builder":"","_et_pb_old_content":"","_et_gb_content_width":""},"product_brand":[1221],"product_cat":[2578,2577],"product_tag":[2579],"class_list":{"0":"post-32644","1":"product","2":"type-product","3":"status-publish","4":"has-post-thumbnail","6":"product_brand-valdezarza","7":"product_cat-extra-vergine-olijf","8":"product_cat-olie","9":"product_tag-olie","11":"first","12":"outofstock","13":"featured","14":"taxable","15":"shipping-taxable","16":"purchasable","17":"product-type-simple"},"_links":{"self":[{"href":"https:\/\/myspainfood.com\/nl\/wp-json\/wp\/v2\/product\/32644","targetHints":{"allow":["GET"]}}],"collection":[{"href":"https:\/\/myspainfood.com\/nl\/wp-json\/wp\/v2\/product"}],"about":[{"href":"https:\/\/myspainfood.com\/nl\/wp-json\/wp\/v2\/types\/product"}],"wp:featuredmedia":[{"embeddable":true,"href":"https:\/\/myspainfood.com\/nl\/wp-json\/wp\/v2\/media\/32649"}],"wp:attachment":[{"href":"https:\/\/myspainfood.com\/nl\/wp-json\/wp\/v2\/media?parent=32644"}],"wp:term":[{"taxonomy":"product_brand","embeddable":true,"href":"https:\/\/myspainfood.com\/nl\/wp-json\/wp\/v2\/product_brand?post=32644"},{"taxonomy":"product_cat","embeddable":true,"href":"https:\/\/myspainfood.com\/nl\/wp-json\/wp\/v2\/product_cat?post=32644"},{"taxonomy":"product_tag","embeddable":true,"href":"https:\/\/myspainfood.com\/nl\/wp-json\/wp\/v2\/product_tag?post=32644"}],"curies":[{"name":"wp","href":"https:\/\/api.w.org\/{rel}","templated":true}]}}