{"id":33946,"date":"2025-04-10T12:10:12","date_gmt":"2025-04-10T10:10:12","guid":{"rendered":"https:\/\/myspainfood.com\/producto\/80-stuks-cusumano-verse-bonito-kust-18-kg\/"},"modified":"2026-01-13T13:49:32","modified_gmt":"2026-01-13T12:49:32","slug":"80-stuks-cusumano-verse-bonito-kust-18-kg","status":"publish","type":"product","link":"https:\/\/myspainfood.com\/nl\/producto\/80-stuks-cusumano-verse-bonito-kust-18-kg\/","title":{"rendered":"80 stuks Cusumano coastal verse bonito 1&#8217;8 kg"},"content":{"rendered":"<div id=\"product-description-short-5\" class=\"rte-content\">\n<p style=\"text-align: left;\">Kustverse tonijn Cusumano is een witte tonijn die \u00e9\u00e9n voor \u00e9\u00e9n wordt gevangen in de Cantabrische Zee en FRESH <a href=\"https:\/\/es.wikipedia.org\/wiki\/Thunnus\" target=\"_blank\" rel=\"noopener noreferrer nofollow\">wordt verwerkt<\/a>.<\/p>\n<p>Dit voedsel heeft een authentieke smaak en een uitzonderlijke textuur.<\/p>\n<p>Eindelijk kunt u een traditionele conserve op tafel zetten.<\/p>\n<p>Fresco de Costera.<\/p>\n<p>Aangezien dit een seizoensvisserij is die van juni tot oktober loopt, garandeert Cusumano dat deze witte tonijn vanaf de vangst tot aan de productie geen enkel vriesproces heeft ondergaan.<\/p>\n<p>Deze tonijn behoudt al zijn organoleptische eigenschappen van kleur, smaak en textuur.<\/p>\n<p>Conservas Cusumano heeft nieuwe en moderne faciliteiten van bijna 6.000 m\u00b2 in Mundaka.<\/p>\n<p>Conservas Cusumano is een bedrijf dat al meer dan 60 jaar liefde voor traditie en knowhow koestert in een van de oudste en meest traditionele beroepen ter wereld: het vissen op en inblikken van verse witte tonijn uit de kust.<\/p>\n<p>Binnen het onvergelijkbare Urdaibai Biosfeerreservaat, waardoor ze de meest verse vis hebben dankzij de ligging zo dicht bij de zee die onze essentie doordringt.<\/p>\n<p>Als u verse Cusumano Coastal tonijn of een ander soort <a href=\"https:\/\/latiendadesami.com\/categoria-producto\/conservas\/\" rel=\"noopener noreferrer nofollow\" target=\"_blank\">tonijn in blik<\/a> wilt kopen, aarzel dan niet om een kijkje te nemen in onze hele online catalogus om de grote verscheidenheid aan <a href=\"https:\/\/latiendadesami.com\/categoria-producto\/conservas\/atun-y-bonito\/\" target=\"_blank\" rel=\"noopener noreferrer nofollow\">tonijn<\/a> die we hebben te bekijken.<\/p>\n<p>Schrijf ons voor meer informatie.<\/p>\n<p>&nbsp;<\/p>\n<\/div>\n","protected":false},"excerpt":{"rendered":"<p>Kustverse tonijn Cusumano is een witte tonijn die \u00e9\u00e9n voor \u00e9\u00e9n wordt gevangen in de Cantabrische Zee en FRESH wordt verwerkt. Dit voedsel heeft een authentieke smaak en een uitzonderlijke textuur. Eindelijk kunt u een traditionele conserve op tafel zetten. Fresco de Costera. Aangezien dit een seizoensvisserij is die van juni tot oktober loopt, garandeert [&hellip;]<\/p>\n","protected":false},"featured_media":33815,"template":"","meta":{"_et_pb_use_builder":"","_et_pb_old_content":"","_et_gb_content_width":""},"product_brand":[1272],"product_cat":[1929,4327],"product_tag":[],"class_list":{"0":"post-33946","1":"product","2":"type-product","3":"status-publish","4":"has-post-thumbnail","6":"product_brand-cusumano","7":"product_cat-behoudt","8":"product_cat-tonijn-en-bonito","10":"first","11":"outofstock","12":"taxable","13":"shipping-taxable","14":"purchasable","15":"product-type-simple"},"_links":{"self":[{"href":"https:\/\/myspainfood.com\/nl\/wp-json\/wp\/v2\/product\/33946","targetHints":{"allow":["GET"]}}],"collection":[{"href":"https:\/\/myspainfood.com\/nl\/wp-json\/wp\/v2\/product"}],"about":[{"href":"https:\/\/myspainfood.com\/nl\/wp-json\/wp\/v2\/types\/product"}],"wp:featuredmedia":[{"embeddable":true,"href":"https:\/\/myspainfood.com\/nl\/wp-json\/wp\/v2\/media\/33815"}],"wp:attachment":[{"href":"https:\/\/myspainfood.com\/nl\/wp-json\/wp\/v2\/media?parent=33946"}],"wp:term":[{"taxonomy":"product_brand","embeddable":true,"href":"https:\/\/myspainfood.com\/nl\/wp-json\/wp\/v2\/product_brand?post=33946"},{"taxonomy":"product_cat","embeddable":true,"href":"https:\/\/myspainfood.com\/nl\/wp-json\/wp\/v2\/product_cat?post=33946"},{"taxonomy":"product_tag","embeddable":true,"href":"https:\/\/myspainfood.com\/nl\/wp-json\/wp\/v2\/product_tag?post=33946"}],"curies":[{"name":"wp","href":"https:\/\/api.w.org\/{rel}","templated":true}]}}