{"id":37651,"date":"2025-04-10T12:05:09","date_gmt":"2025-04-10T10:05:09","guid":{"rendered":"https:\/\/myspainfood.com\/producto\/obregon-partij\/"},"modified":"2025-04-10T12:05:09","modified_gmt":"2025-04-10T10:05:09","slug":"obregon-partij","status":"publish","type":"product","link":"https:\/\/myspainfood.com\/nl\/producto\/obregon-partij\/","title":{"rendered":"Obreg\u00f3n Partij"},"content":{"rendered":"<p>Chic\u00f3n Lebr\u00f3n olijven worden geproduceerd, gekruid en verpakt in Antequera (Malaga). Ze worden met de hand geoogst en staan bekend om hun kwaliteit en onvergelijkbare smaak.<\/p>\n","protected":false},"excerpt":{"rendered":"<p>olijven obregon split<\/p>\n","protected":false},"featured_media":37652,"template":"","meta":{"_et_pb_use_builder":"","_et_pb_old_content":"","_et_gb_content_width":""},"product_brand":[1036],"product_cat":[1759,1758],"product_tag":[8168,8167],"class_list":{"0":"post-37651","1":"product","2":"type-product","3":"status-publish","4":"has-post-thumbnail","6":"product_brand-chicon","7":"product_cat-olijven","8":"product_cat-pickles-nl","9":"product_tag-feest","10":"product_tag-obregon-nl","12":"first","13":"outofstock","14":"taxable","15":"shipping-taxable","16":"product-type-variable"},"_links":{"self":[{"href":"https:\/\/myspainfood.com\/nl\/wp-json\/wp\/v2\/product\/37651","targetHints":{"allow":["GET"]}}],"collection":[{"href":"https:\/\/myspainfood.com\/nl\/wp-json\/wp\/v2\/product"}],"about":[{"href":"https:\/\/myspainfood.com\/nl\/wp-json\/wp\/v2\/types\/product"}],"wp:featuredmedia":[{"embeddable":true,"href":"https:\/\/myspainfood.com\/nl\/wp-json\/wp\/v2\/media\/37652"}],"wp:attachment":[{"href":"https:\/\/myspainfood.com\/nl\/wp-json\/wp\/v2\/media?parent=37651"}],"wp:term":[{"taxonomy":"product_brand","embeddable":true,"href":"https:\/\/myspainfood.com\/nl\/wp-json\/wp\/v2\/product_brand?post=37651"},{"taxonomy":"product_cat","embeddable":true,"href":"https:\/\/myspainfood.com\/nl\/wp-json\/wp\/v2\/product_cat?post=37651"},{"taxonomy":"product_tag","embeddable":true,"href":"https:\/\/myspainfood.com\/nl\/wp-json\/wp\/v2\/product_tag?post=37651"}],"curies":[{"name":"wp","href":"https:\/\/api.w.org\/{rel}","templated":true}]}}