{"id":38325,"date":"2025-04-10T12:14:40","date_gmt":"2025-04-10T10:14:40","guid":{"rendered":"https:\/\/myspainfood.com\/producto\/chili-escabeche-mosselen-10-15-stuks-marevento\/"},"modified":"2026-01-30T14:31:06","modified_gmt":"2026-01-30T13:31:06","slug":"chili-escabeche-mosselen-10-15-stuks-marevento","status":"publish","type":"product","link":"https:\/\/myspainfood.com\/nl\/producto\/chili-escabeche-mosselen-10-15-stuks-marevento\/","title":{"rendered":"Chili escabeche mosselen 10-15 stuks Marevento"},"content":{"rendered":"<p>Gekookt en gebakken in zonnebloemolie. De byssus wordt met de hand verwijderd en \u00e9\u00e9n voor \u00e9\u00e9n verpakt. Vergezeld van een unieke marinade van volledig natuurlijke ingredi\u00ebnten. Ingredi\u00ebnten: Chileense mosselen, escabeche (zonnebloemolie, rode wijnazijn, water, natuurlijke aroma&#8217;s, kruiden en zout).<\/p>\n","protected":false},"excerpt":{"rendered":"<p>Gekookt en gebakken in zonnebloemolie. De byssus wordt met de hand verwijderd en \u00e9\u00e9n voor \u00e9\u00e9n verpakt. Vergezeld van een unieke marinade van volledig natuurlijke ingredi\u00ebnten. Ingredi\u00ebnten: Chileense mosselen, escabeche (zonnebloemolie, rode wijnazijn, water, natuurlijke aroma&#8217;s, kruiden en zout).<\/p>\n","protected":false},"featured_media":38326,"template":"","meta":{"_et_pb_use_builder":"","_et_pb_old_content":"","_et_gb_content_width":""},"product_brand":[1428],"product_cat":[1929,4067],"product_tag":[],"class_list":{"0":"post-38325","1":"product","2":"type-product","3":"status-publish","4":"has-post-thumbnail","6":"product_brand-portonovo","7":"product_cat-behoudt","8":"product_cat-mosselen-nl-2","10":"first","11":"instock","12":"taxable","13":"shipping-taxable","14":"purchasable","15":"product-type-variable"},"_links":{"self":[{"href":"https:\/\/myspainfood.com\/nl\/wp-json\/wp\/v2\/product\/38325","targetHints":{"allow":["GET"]}}],"collection":[{"href":"https:\/\/myspainfood.com\/nl\/wp-json\/wp\/v2\/product"}],"about":[{"href":"https:\/\/myspainfood.com\/nl\/wp-json\/wp\/v2\/types\/product"}],"wp:featuredmedia":[{"embeddable":true,"href":"https:\/\/myspainfood.com\/nl\/wp-json\/wp\/v2\/media\/38326"}],"wp:attachment":[{"href":"https:\/\/myspainfood.com\/nl\/wp-json\/wp\/v2\/media?parent=38325"}],"wp:term":[{"taxonomy":"product_brand","embeddable":true,"href":"https:\/\/myspainfood.com\/nl\/wp-json\/wp\/v2\/product_brand?post=38325"},{"taxonomy":"product_cat","embeddable":true,"href":"https:\/\/myspainfood.com\/nl\/wp-json\/wp\/v2\/product_cat?post=38325"},{"taxonomy":"product_tag","embeddable":true,"href":"https:\/\/myspainfood.com\/nl\/wp-json\/wp\/v2\/product_tag?post=38325"}],"curies":[{"name":"wp","href":"https:\/\/api.w.org\/{rel}","templated":true}]}}