{"id":38881,"date":"2025-04-10T12:09:21","date_gmt":"2025-04-10T10:09:21","guid":{"rendered":"https:\/\/myspainfood.com\/producto\/240-stuks-oti-ingemaakte-mossel-7-10-stukken\/"},"modified":"2025-04-10T12:09:21","modified_gmt":"2025-04-10T10:09:21","slug":"240-stuks-oti-ingemaakte-mossel-7-10-stukken","status":"publish","type":"product","link":"https:\/\/myspainfood.com\/nl\/producto\/240-stuks-oti-ingemaakte-mossel-7-10-stukken\/","title":{"rendered":"240 stuks. Oti ingemaakte mossel 7\/10 stukken"},"content":{"rendered":"<p>10 dozen van 24 eenheden - 240 eenheden aan 5,98 euro per stuk<\/p>\n<p>De Oti Mosselen 7\/10 stuks zijn een natuurlijk product dat op <a href=\"http:\/\/www.conservasoti.es\/paginas\/historia.html\" target=\"_blank\" rel=\"noopener noreferrer nofollow\">traditionele wijze<\/a> wordt bereid.<\/p>\n<p>Conservas Oti is een bedrijf met een familietraditie waarvan het goede werk van generatie op generatie is doorgegeven.<\/p>\n<p>Dankzij het harde werk en de inspanningen van de familie is <span class=\"negrita\">Conservas Oti<\/span> grotendeels in staat geweest om te groeien en uit te breiden.<\/p>\n<p>De belangrijkste bedrijfsgebieden zijn From the Sea, From the Land en From the Farm.<\/p>\n<p>Uit de zee: Mosselen, Ventresca, Sardinillas, Melva&#8230; Oti Mossel 7\/10 stuks <\/p>\n<p>Lokale producten zijn onder andere: Melkerwten, Witte Nierbonen, Pintobonen, Pardina Linzen&#8230;<\/p>\n<p>Van de boerderij: Pure schapenkaas, Ib\u00e9rico ham van eikel, Ib\u00e9rico salchich\u00f3n van eikel, Ib\u00e9rico chorizo van eikel,&#8230;<\/p>\n<h4>Belangrijkste voordelen van ingeblikt voedsel<\/h4>\n<ol>\n<li>Ze behouden alle voedingseigenschappen van het voedsel zelf. Het voedsel behoudt zijn versheid. <\/li>\n<li>De gebruikte voedingsmiddelen zijn gezond en daarom geschikt voor een optimaal dieet dankzij hun hoge vitamine- en eiwitgehalte.<\/li>\n<li>Deze producten hebben een langere levensduur (2-5 jaar is gebruikelijk).<\/li>\n<li>De conserven zijn heel gemakkelijk op te bergen omdat de verpakking gemakkelijk aan te brengen is.<\/li>\n<\/ol>\n<p>Als u tonijn of een ander soort <a href=\"https:\/\/latiendadesami.com\/categoria-producto\/conservas\/\" rel=\"noopener noreferrer nofollow\" target=\"_blank\">ingeblikt voedsel<\/a> wilt kopen, aarzel dan niet om een kijkje te nemen in onze online catalogus om de grote verscheidenheid aan <a href=\"https:\/\/latiendadesami.com\/categoria-producto\/conservas\/atun-y-bonito\/\" target=\"_blank\" rel=\"noopener noreferrer nofollow\">tonijn die we hebben te<\/a> bekijken.<\/p>\n<p>Schrijf ons voor meer informatie.<\/p>\n","protected":false},"excerpt":{"rendered":"<p>10 dozen van 24 eenheden - 240 eenheden aan 5,98 euro per stuk De Oti Mosselen 7\/10 stuks zijn een natuurlijk product dat op traditionele wijze wordt bereid. Conservas Oti is een bedrijf met een familietraditie waarvan het goede werk van generatie op generatie is doorgegeven. Dankzij het harde werk en de inspanningen van de [&hellip;]<\/p>\n","protected":false},"featured_media":24889,"template":"","meta":{"_et_pb_use_builder":"","_et_pb_old_content":"","_et_gb_content_width":""},"product_brand":[1075],"product_cat":[1929,3040,4067],"product_tag":[],"class_list":{"0":"post-38881","1":"product","2":"type-product","3":"status-publish","4":"has-post-thumbnail","6":"product_brand-oti","7":"product_cat-behoudt","8":"product_cat-groothandel","9":"product_cat-mosselen-nl-2","11":"first","12":"outofstock","13":"taxable","14":"shipping-taxable","15":"purchasable","16":"product-type-simple"},"_links":{"self":[{"href":"https:\/\/myspainfood.com\/nl\/wp-json\/wp\/v2\/product\/38881","targetHints":{"allow":["GET"]}}],"collection":[{"href":"https:\/\/myspainfood.com\/nl\/wp-json\/wp\/v2\/product"}],"about":[{"href":"https:\/\/myspainfood.com\/nl\/wp-json\/wp\/v2\/types\/product"}],"wp:featuredmedia":[{"embeddable":true,"href":"https:\/\/myspainfood.com\/nl\/wp-json\/wp\/v2\/media\/24889"}],"wp:attachment":[{"href":"https:\/\/myspainfood.com\/nl\/wp-json\/wp\/v2\/media?parent=38881"}],"wp:term":[{"taxonomy":"product_brand","embeddable":true,"href":"https:\/\/myspainfood.com\/nl\/wp-json\/wp\/v2\/product_brand?post=38881"},{"taxonomy":"product_cat","embeddable":true,"href":"https:\/\/myspainfood.com\/nl\/wp-json\/wp\/v2\/product_cat?post=38881"},{"taxonomy":"product_tag","embeddable":true,"href":"https:\/\/myspainfood.com\/nl\/wp-json\/wp\/v2\/product_tag?post=38881"}],"curies":[{"name":"wp","href":"https:\/\/api.w.org\/{rel}","templated":true}]}}