{"id":39994,"date":"2025-04-10T12:13:45","date_gmt":"2025-04-10T10:13:45","guid":{"rendered":"https:\/\/myspainfood.com\/producto\/ramon-bilbao-rioja-crianza-2020-oorsprongsbenaming-75-cl\/"},"modified":"2026-01-29T13:01:57","modified_gmt":"2026-01-29T12:01:57","slug":"ramon-bilbao-rioja-crianza-2020-oorsprongsbenaming-75-cl","status":"publish","type":"product","link":"https:\/\/myspainfood.com\/nl\/producto\/ramon-bilbao-rioja-crianza-2020-oorsprongsbenaming-75-cl\/","title":{"rendered":"Ramon Bilbao Rioja Crianza 2020 Oorsprongsbenaming 75 cl"},"content":{"rendered":"<p>Ontdek de voortreffelijkheid van Rioja met Ram\u00f3n Bilbao Crianza 2020, een rode wijn die de traditie en de innovatieve geest van een van de meest prestigieuze wijnmakerijen van Spanje weerspiegelt. Gemaakt met nauwgezette aandacht voor detail, is deze wijn een authentieke weergave van de kwaliteit en het karakter van de Rioja-regio. <\/p>\n<p>&nbsp;<\/p>\n<p>Het wijnhuis Ram\u00f3n Bilbao, opgericht in 1924, combineert de wijnbouwtraditie van Rioja met een innovatieve visie en cre\u00ebert wijnen die zowel een eerbetoon zijn aan het erfgoed van de regio als een uitdrukking van moderniteit. Ram\u00f3n Bilbao Crianza 2020 is een wijn die u uitnodigt om de rijkdom en diversiteit van Rioja te ontdekken, ideaal voor elke gelegenheid, van formele diners tot informele bijeenkomsten. <\/p>\n","protected":false},"excerpt":{"rendered":"<p>Ontdek de voortreffelijkheid van Rioja met Ram\u00f3n Bilbao Crianza 2020, een rode wijn die de traditie en de innovatieve geest van een van de meest prestigieuze wijnmakerijen van Spanje weerspiegelt. Gemaakt met nauwgezette aandacht voor detail, is deze wijn een authentieke weergave van de kwaliteit en het karakter van de Rioja-regio. &nbsp; Het wijnhuis Ram\u00f3n [&hellip;]<\/p>\n","protected":false},"featured_media":40000,"template":"","meta":{"_et_pb_use_builder":"","_et_pb_old_content":"","_et_gb_content_width":""},"product_brand":[1463],"product_cat":[4891,6293],"product_tag":[],"class_list":{"0":"post-39994","1":"product","2":"type-product","3":"status-publish","4":"has-post-thumbnail","6":"product_brand-ramon-bilbao","7":"product_cat-dranken","8":"product_cat-wijn-nl-2","10":"first","11":"outofstock","12":"taxable","13":"shipping-taxable","14":"product-type-variable"},"_links":{"self":[{"href":"https:\/\/myspainfood.com\/nl\/wp-json\/wp\/v2\/product\/39994","targetHints":{"allow":["GET"]}}],"collection":[{"href":"https:\/\/myspainfood.com\/nl\/wp-json\/wp\/v2\/product"}],"about":[{"href":"https:\/\/myspainfood.com\/nl\/wp-json\/wp\/v2\/types\/product"}],"wp:featuredmedia":[{"embeddable":true,"href":"https:\/\/myspainfood.com\/nl\/wp-json\/wp\/v2\/media\/40000"}],"wp:attachment":[{"href":"https:\/\/myspainfood.com\/nl\/wp-json\/wp\/v2\/media?parent=39994"}],"wp:term":[{"taxonomy":"product_brand","embeddable":true,"href":"https:\/\/myspainfood.com\/nl\/wp-json\/wp\/v2\/product_brand?post=39994"},{"taxonomy":"product_cat","embeddable":true,"href":"https:\/\/myspainfood.com\/nl\/wp-json\/wp\/v2\/product_cat?post=39994"},{"taxonomy":"product_tag","embeddable":true,"href":"https:\/\/myspainfood.com\/nl\/wp-json\/wp\/v2\/product_tag?post=39994"}],"curies":[{"name":"wp","href":"https:\/\/api.w.org\/{rel}","templated":true}]}}