{"id":40127,"date":"2025-04-10T12:14:06","date_gmt":"2025-04-10T10:14:06","guid":{"rendered":"https:\/\/myspainfood.com\/producto\/olympos-geelvintonijn-in-gepekelde-saus-18-kilo\/"},"modified":"2025-04-10T12:14:06","modified_gmt":"2025-04-10T10:14:06","slug":"olympos-geelvintonijn-in-gepekelde-saus-18-kilo","status":"publish","type":"product","link":"https:\/\/myspainfood.com\/nl\/producto\/olympos-geelvintonijn-in-gepekelde-saus-18-kilo\/","title":{"rendered":"Olympos Geelvintonijn in Gepekelde Saus 1,8 kilo"},"content":{"rendered":"<article class=\"4ever-article\" data-clipboard-cangjie=\"[\"root\",{\"copyFrom\":33891801},[\"p\",{\"jc\":\"left\",\"ind\":{},\"spacing\":{}},[\"span\",{\"data-type\":\"text\"},[\"span\",{\"data-type\":\"leaf\"},\"Descubre la excelencia del \"],[\"span\",{\"bold\":true,\"data-type\":\"leaf\"},\"At\u00fan Claro en Escabeche Olympos\"],[\"span\",{\"data-type\":\"leaf\"},\", una delicia gourmet que eleva tus comidas cotidianas. Seleccionado cuidadosamente y preparado con los m\u00e1s altos est\u00e1ndares de calidad, este at\u00fan claro ofrece un sabor aut\u00e9ntico y una textura suave que deleitar\u00e1 a tu paladar.\"]]],[\"p\",{\"jc\":\"left\",\"ind\":{},\"spacing\":{}},[\"span\",{\"data-type\":\"text\"},[\"span\",{\"data-type\":\"leaf\"},\"\"]]],[\"p\",{\"jc\":\"left\",\"ind\":{},\"spacing\":{}},[\"span\",{\"data-type\":\"text\"},[\"span\",{\"bold\":true,\"data-type\":\"leaf\"},\"Beneficios:\"]]],[\"p\",{\"list\":{\"listId\":\"ca7ejz8ee1c\",\"isOrdered\":false,\"level\":0},\"jc\":\"left\",\"spacing\":{}},[\"span\",{\"data-type\":\"text\"},[\"span\",{\"bold\":true,\"data-type\":\"leaf\"},\"F\u00e1cil de Usar:\"],[\"span\",{\"data-type\":\"leaf\"},\" Abre la lata y disfruta de su delicioso sabor directamente o como ingrediente principal en tus recetas favoritas.\"]]],[\"p\",{\"list\":{\"listId\":\"ca7ejz8ee1c\",\"isOrdered\":false,\"level\":0},\"jc\":\"left\",\"spacing\":{}},[\"span\",{\"data-type\":\"text\"},[\"span\",{\"bold\":true,\"data-type\":\"leaf\"},\"Saludable:\"],[\"span\",{\"data-type\":\"leaf\"},\" Bajo en grasas saturadas y libre de conservantes artificiales, es una opci\u00f3n nutritiva para toda la familia.\"]]],[\"p\",{\"list\":{\"listId\":\"ca7ejz8ee1c\",\"isOrdered\":false,\"level\":0},\"jc\":\"left\",\"spacing\":{}},[\"span\",{\"data-type\":\"text\"},[\"span\",{\"bold\":true,\"data-type\":\"leaf\"},\"Sabor Aut\u00e9ntico:\"],[\"span\",{\"data-type\":\"leaf\"},\" La preparaci\u00f3n en escabeche realza el sabor natural del at\u00fan, ofreci\u00e9ndote una experiencia gastron\u00f3mica \u00fanica.\"]]],[\"p\",{\"jc\":\"left\",\"ind\":{},\"spacing\":{}},[\"span\",{\"data-type\":\"text\"},[\"span\",{\"data-type\":\"leaf\"},\"\"]]],[\"p\",{\"jc\":\"left\",\"ind\":{},\"spacing\":{}},[\"span\",{\"data-type\":\"text\"},[\"span\",{\"bold\":true,\"data-type\":\"leaf\"},\"Recomendaciones de Uso:\"]]],[\"p\",{\"list\":{\"listId\":\"wuep2lhyiif\",\"isOrdered\":false,\"level\":0},\"jc\":\"left\",\"spacing\":{}},[\"span\",{\"data-type\":\"text\"},[\"span\",{\"bold\":true,\"data-type\":\"leaf\"},\"Ensaladas:\"],[\"span\",{\"data-type\":\"leaf\"},\" Comb\u00ednalo con vegetales frescos y un aderezo ligero para una ensalada nutritiva.\"]]],[\"p\",{\"list\":{\"listId\":\"wuep2lhyiif\",\"isOrdered\":false,\"level\":0},\"jc\":\"left\",\"spacing\":{}},[\"span\",{\"data-type\":\"text\"},[\"span\",{\"bold\":true,\"data-type\":\"leaf\"},\"Tapas:\"],[\"span\",{\"data-type\":\"leaf\"},\" \u00dasalo como ingrediente principal en tapas espa\u00f1olas, junto con pimientos, aceitunas y pan crujiente.\"]]],[\"p\",{\"list\":{\"listId\":\"wuep2lhyiif\",\"isOrdered\":false,\"level\":0},\"jc\":\"left\",\"spacing\":{}},[\"span\",{\"data-type\":\"text\"},[\"span\",{\"bold\":true,\"data-type\":\"leaf\"},\"Platos Principales:\"],[\"span\",{\"data-type\":\"leaf\"},\" A\u00f1\u00e1delo a pastas, arroces o guisos para un plato principal lleno de sabor y nutrientes.\"]]],[\"p\",{\"jc\":\"left\",\"ind\":{},\"spacing\":{}},[\"span\",{\"data-type\":\"text\"},[\"span\",{\"data-type\":\"leaf\"},\"\"]]],[\"p\",{\"jc\":\"left\",\"ind\":{},\"spacing\":{}},[\"span\",{\"data-type\":\"text\"},[\"span\",{\"bold\":true,\"data-type\":\"leaf\"},\"Conservaci\u00f3n:\"]]],[\"p\",{\"list\":{\"listId\":\"x5ptcu8sy7j\",\"isOrdered\":false,\"level\":0},\"jc\":\"left\",\"spacing\":{}},[\"span\",{\"data-type\":\"text\"},[\"span\",{\"data-type\":\"leaf\"},\"Almacenar en un lugar fresco y seco.\"]]],[\"p\",{\"list\":{\"listId\":\"x5ptcu8sy7j\",\"isOrdered\":false,\"level\":0},\"jc\":\"left\",\"spacing\":{}},[\"span\",{\"data-type\":\"text\"},[\"span\",{\"data-type\":\"leaf\"},\"Una vez abierto, mantener refrigerado y consumir en los pr\u00f3ximos 2 d\u00edas.\"]]]]\">Ontdek de uitmuntendheid van Olympos Pickled Yellowfin Tuna, een gastronomische verrukking die uw dagelijkse maaltijden verheft. Zorgvuldig geselecteerd en bereid volgens de hoogste kwaliteitsnormen, biedt deze lichte tonijn een authentieke smaak en een zachte textuur die uw smaakpapillen zullen verrukken: <\/p>\n<ul>\n<li>\n<div>Gemakkelijk te gebruiken: Open het blikje en geniet direct van de heerlijke smaak of als hoofdingredi\u00ebnt in uw favoriete recepten.<\/div>\n<\/li>\n<li>\n<div>Gezond: Laag in verzadigd vet en vrij van kunstmatige conserveringsmiddelen, het is een voedzame keuze voor het hele gezin.<\/div>\n<\/li>\n<li>\n<div>Authentieke smaak: De ingemaakte bereiding versterkt de natuurlijke smaak van de tonijn en biedt u een unieke gastronomische ervaring.<\/div>\n<\/li>\n<\/ul>\n<p>&nbsp;<\/p>\n<p>Aanbevelingen voor gebruik:<\/p>\n<ul>\n<li>\n<div>Salades: Combineer met verse groenten en een lichte dressing voor een voedzame salade.<\/div>\n<\/li>\n<li>\n<div>Tapas: Gebruik het als hoofdingredi\u00ebnt in Spaanse tapas, samen met pepers, olijven en knapperig brood.<\/div>\n<\/li>\n<li>\n<div>Hoofdgerechten: Voeg het toe aan pasta, rijstgerechten of stoofschotels voor een hoofdgerecht vol smaak en voedingsstoffen.<\/div>\n<\/li>\n<\/ul>\n<p>&nbsp;<\/p>\n<p>Behoud:<\/p>\n<ul>\n<li>\n<div>Bewaar op een koele, droge plaats.<\/div>\n<\/li>\n<li>\n<div>Eenmaal geopend, in de koelkast bewaren en binnen 2 dagen consumeren.<\/div>\n<\/li>\n<\/ul>\n<\/article>\n","protected":false},"excerpt":{"rendered":"<p>Ontdek de uitmuntendheid van Olympos Pickled Yellowfin Tuna, een gastronomische verrukking die uw dagelijkse maaltijden verheft. Zorgvuldig geselecteerd en bereid volgens de hoogste kwaliteitsnormen, biedt deze lichte tonijn een authentieke smaak en een zachte textuur die uw smaakpapillen zullen verrukken: Gemakkelijk te gebruiken: Open het blikje en geniet direct van de heerlijke smaak of als [&hellip;]<\/p>\n","protected":false},"featured_media":40133,"template":"","meta":{"_et_pb_use_builder":"","_et_pb_old_content":"","_et_gb_content_width":""},"product_brand":[1248],"product_cat":[1929,4327],"product_tag":[],"class_list":{"0":"post-40127","1":"product","2":"type-product","3":"status-publish","4":"has-post-thumbnail","6":"product_brand-olympos","7":"product_cat-behoudt","8":"product_cat-tonijn-en-bonito","10":"first","11":"outofstock","12":"taxable","13":"shipping-taxable","14":"product-type-variable"},"_links":{"self":[{"href":"https:\/\/myspainfood.com\/nl\/wp-json\/wp\/v2\/product\/40127","targetHints":{"allow":["GET"]}}],"collection":[{"href":"https:\/\/myspainfood.com\/nl\/wp-json\/wp\/v2\/product"}],"about":[{"href":"https:\/\/myspainfood.com\/nl\/wp-json\/wp\/v2\/types\/product"}],"wp:featuredmedia":[{"embeddable":true,"href":"https:\/\/myspainfood.com\/nl\/wp-json\/wp\/v2\/media\/40133"}],"wp:attachment":[{"href":"https:\/\/myspainfood.com\/nl\/wp-json\/wp\/v2\/media?parent=40127"}],"wp:term":[{"taxonomy":"product_brand","embeddable":true,"href":"https:\/\/myspainfood.com\/nl\/wp-json\/wp\/v2\/product_brand?post=40127"},{"taxonomy":"product_cat","embeddable":true,"href":"https:\/\/myspainfood.com\/nl\/wp-json\/wp\/v2\/product_cat?post=40127"},{"taxonomy":"product_tag","embeddable":true,"href":"https:\/\/myspainfood.com\/nl\/wp-json\/wp\/v2\/product_tag?post=40127"}],"curies":[{"name":"wp","href":"https:\/\/api.w.org\/{rel}","templated":true}]}}