{"id":41258,"date":"2025-04-10T12:12:29","date_gmt":"2025-04-10T10:12:29","guid":{"rendered":"https:\/\/myspainfood.com\/producto\/la-vieja-fabrica-perzik-jam-diet-280-g\/"},"modified":"2025-04-10T12:12:29","modified_gmt":"2025-04-10T10:12:29","slug":"la-vieja-fabrica-perzik-jam-diet-280-g","status":"publish","type":"product","link":"https:\/\/myspainfood.com\/nl\/producto\/la-vieja-fabrica-perzik-jam-diet-280-g\/","title":{"rendered":"La Vieja F\u00e1brica Perzik Jam DIET 280 g"},"content":{"rendered":"<p>La Vieja F\u00e1brica perzikjam voor di\u00ebten is een heerlijke optie voor mensen die willen genieten van de authentieke smaak van fruit zonder onnodige calorie\u00ebn aan hun dieet toe te voegen. Deze jam, gemaakt van geselecteerde perziken en volgens de traditionele ambachtelijke recepten van La Vieja F\u00e1brica, biedt een frisse en natuurlijke smaak. <\/p>\n<p><strong>Herkomst<\/strong>: Spanje Fabrikant: \u00c1ngel Camacho Alimentaci\u00f3n, S.L.<\/p>\n<p><strong>Adres van de fabrikant<\/strong>: Avda. del Pilar, 6 - 41530 Mor\u00f3n de la Frontera (Sevilla)<\/p>\n<p> <strong> Herkomst<\/strong>: Product van Spanje<\/p>\n<p><strong>Nettogewicht<\/strong>: 280 g<\/p>\n<p><strong>Extra verplichte informatie op het etiket<\/strong>: Bevat 55 g perzik per 100 g.<\/p>\n<p><strong>Totaal suikers<\/strong>: 42 g per 100 g.<\/p>\n","protected":false},"excerpt":{"rendered":"<p>La Vieja F\u00e1brica perzikjam voor di\u00ebten is een heerlijke optie voor mensen die willen genieten van de authentieke smaak van fruit zonder onnodige calorie\u00ebn aan hun dieet toe te voegen. Deze jam, gemaakt van geselecteerde perziken en volgens de traditionele ambachtelijke recepten van La Vieja F\u00e1brica, biedt een frisse en natuurlijke smaak. Herkomst: Spanje Fabrikant: [&hellip;]<\/p>\n","protected":false},"featured_media":41261,"template":"","meta":{"_et_pb_use_builder":"","_et_pb_old_content":"","_et_gb_content_width":""},"product_brand":[1460],"product_cat":[1929],"product_tag":[],"class_list":{"0":"post-41258","1":"product","2":"type-product","3":"status-publish","4":"has-post-thumbnail","6":"product_brand-la-vieja-fabrica","7":"product_cat-behoudt","9":"first","10":"outofstock","11":"taxable","12":"shipping-taxable","13":"product-type-variable"},"_links":{"self":[{"href":"https:\/\/myspainfood.com\/nl\/wp-json\/wp\/v2\/product\/41258","targetHints":{"allow":["GET"]}}],"collection":[{"href":"https:\/\/myspainfood.com\/nl\/wp-json\/wp\/v2\/product"}],"about":[{"href":"https:\/\/myspainfood.com\/nl\/wp-json\/wp\/v2\/types\/product"}],"wp:featuredmedia":[{"embeddable":true,"href":"https:\/\/myspainfood.com\/nl\/wp-json\/wp\/v2\/media\/41261"}],"wp:attachment":[{"href":"https:\/\/myspainfood.com\/nl\/wp-json\/wp\/v2\/media?parent=41258"}],"wp:term":[{"taxonomy":"product_brand","embeddable":true,"href":"https:\/\/myspainfood.com\/nl\/wp-json\/wp\/v2\/product_brand?post=41258"},{"taxonomy":"product_cat","embeddable":true,"href":"https:\/\/myspainfood.com\/nl\/wp-json\/wp\/v2\/product_cat?post=41258"},{"taxonomy":"product_tag","embeddable":true,"href":"https:\/\/myspainfood.com\/nl\/wp-json\/wp\/v2\/product_tag?post=41258"}],"curies":[{"name":"wp","href":"https:\/\/api.w.org\/{rel}","templated":true}]}}