{"id":42588,"date":"2025-04-10T12:11:39","date_gmt":"2025-04-10T10:11:39","guid":{"rendered":"https:\/\/myspainfood.com\/producto\/nieuw-zeelandse-mosselen-gebakken-in-ingemaakte-saus-7-10-stuks-portonovo\/"},"modified":"2025-04-10T12:11:39","modified_gmt":"2025-04-10T10:11:39","slug":"nieuw-zeelandse-mosselen-gebakken-in-ingemaakte-saus-7-10-stuks-portonovo","status":"publish","type":"product","link":"https:\/\/myspainfood.com\/nl\/producto\/nieuw-zeelandse-mosselen-gebakken-in-ingemaakte-saus-7-10-stuks-portonovo\/","title":{"rendered":"Nieuw-Zeelandse mosselen gebakken in ingemaakte saus 7-10 stuks Portonovo"},"content":{"rendered":"<p>Gekookt en gebakken in zonnebloemolie. De byssus wordt met de hand verwijderd en \u00e9\u00e9n voor \u00e9\u00e9n verpakt. Vergezeld van een unieke marinade van volledig natuurlijke ingredi\u00ebnten. Ingredi\u00ebnten: Nieuw-Zeelandse mosselen, escabeche (zonnebloemolie, rode wijnazijn, water, natuurlijke aroma&#8217;s, kruiden en zout).   <\/p>\n","protected":false},"excerpt":{"rendered":"<p>Gekookt en gebakken in zonnebloemolie. De byssus wordt met de hand verwijderd en \u00e9\u00e9n voor \u00e9\u00e9n verpakt. Vergezeld van een unieke marinade van volledig natuurlijke ingredi\u00ebnten. Ingredi\u00ebnten: Nieuw-Zeelandse mosselen, escabeche (zonnebloemolie, rode wijnazijn, water, natuurlijke aroma&#8217;s, kruiden en zout).<\/p>\n","protected":false},"featured_media":42594,"template":"","meta":{"_et_pb_use_builder":"","_et_pb_old_content":"","_et_gb_content_width":""},"product_brand":[1428],"product_cat":[1929,4054],"product_tag":[],"class_list":{"0":"post-42588","1":"product","2":"type-product","3":"status-publish","4":"has-post-thumbnail","6":"product_brand-portonovo","7":"product_cat-behoudt","8":"product_cat-mosselen-nl","10":"first","11":"instock","12":"taxable","13":"shipping-taxable","14":"purchasable","15":"product-type-variable"},"_links":{"self":[{"href":"https:\/\/myspainfood.com\/nl\/wp-json\/wp\/v2\/product\/42588","targetHints":{"allow":["GET"]}}],"collection":[{"href":"https:\/\/myspainfood.com\/nl\/wp-json\/wp\/v2\/product"}],"about":[{"href":"https:\/\/myspainfood.com\/nl\/wp-json\/wp\/v2\/types\/product"}],"wp:featuredmedia":[{"embeddable":true,"href":"https:\/\/myspainfood.com\/nl\/wp-json\/wp\/v2\/media\/42594"}],"wp:attachment":[{"href":"https:\/\/myspainfood.com\/nl\/wp-json\/wp\/v2\/media?parent=42588"}],"wp:term":[{"taxonomy":"product_brand","embeddable":true,"href":"https:\/\/myspainfood.com\/nl\/wp-json\/wp\/v2\/product_brand?post=42588"},{"taxonomy":"product_cat","embeddable":true,"href":"https:\/\/myspainfood.com\/nl\/wp-json\/wp\/v2\/product_cat?post=42588"},{"taxonomy":"product_tag","embeddable":true,"href":"https:\/\/myspainfood.com\/nl\/wp-json\/wp\/v2\/product_tag?post=42588"}],"curies":[{"name":"wp","href":"https:\/\/api.w.org\/{rel}","templated":true}]}}