{"id":43831,"date":"2025-04-10T12:11:14","date_gmt":"2025-04-10T10:11:14","guid":{"rendered":"https:\/\/myspainfood.com\/producto\/vermouth-cocktail-los-cantabros-025-lata-van-jairo-cuetao-gebotteld-door-bodegas-igarmi\/"},"modified":"2026-01-29T13:00:00","modified_gmt":"2026-01-29T12:00:00","slug":"vermouth-cocktail-los-cantabros-025-lata-van-jairo-cuetao-gebotteld-door-bodegas-igarmi","status":"publish","type":"product","link":"https:\/\/myspainfood.com\/nl\/producto\/vermouth-cocktail-los-cantabros-025-lata-van-jairo-cuetao-gebotteld-door-bodegas-igarmi\/","title":{"rendered":"Vermouth cocktail los C\u00e1ntabros 0,25 Lata van Jairo Cuetao gebotteld door bodegas Igarmi"},"content":{"rendered":"<p>Verm\u00fa los C\u00e1ntabros is een eerbetoon aan al die mannen en vrouwen die onze cultuur hebben weten te behouden en verspreiden.<\/p>\n<p>Ook onze wortels en tradities, vergezeld van beurzen, festivals, spelletjes en gastronomie, van de zee tot de bergen van ons geliefde Cantabri\u00eb.<\/p>\n<p>Dit product wordt gebotteld door Bodegas Igarmi.  <\/p>\n<p>Bodegas Igarmi presenteert een traditie die sinds 1890 wordt gekenmerkt door kwaliteit en klantenservice.<\/p>\n<p>Een familiebedrijf met passie en toewijding voor wijn, dat wijnen bottelt en op de markt brengt met een onovertroffen prijs-kwaliteitverhouding, die zeer gewaardeerd worden op de markt en door de consumenten.<\/p>\n<p>Bodegas Igarmi heeft 3.000 m\u00b2 aan faciliteiten in de stad Heras met een opslagcapaciteit van ongeveer een miljoen liter.<\/p>\n<p>Het is ook het grootste wijnhuis in Cantabri\u00eb.<\/p>\n<p>Het is een geweldig team van meer dan 30 mensen die zich inzetten om de klant het beste product en de beste service te bieden, waar wij ons om onderscheiden.<\/p>\n<p>Ze hebben een wagenpark van 20 voertuigen voor de levering en distributie van producten in heel Cantabri\u00eb en aangrenzende gemeenschappen.<\/p>\n<p>Als u Vermouth Los C\u00e1ntabros 5 liter Bag in Box of andere dranken wilt kopen, aarzel dan niet om een kijkje te nemen in onze online catalogus om de grote verscheidenheid aan dranken die we hebben te bekijken.<\/p>\n<p>Schrijf ons voor meer informatie.<\/p>\n","protected":false},"excerpt":{"rendered":"<p>Verm\u00fa los C\u00e1ntabros is een eerbetoon aan al die mannen en vrouwen die onze cultuur hebben weten te behouden en verspreiden. Ook onze wortels en tradities, vergezeld van beurzen, festivals, spelletjes en gastronomie, van de zee tot de bergen van ons geliefde Cantabri\u00eb. Dit product wordt gebotteld door Bodegas Igarmi. Bodegas Igarmi presenteert een traditie [&hellip;]<\/p>\n","protected":false},"featured_media":43835,"template":"","meta":{"_et_pb_use_builder":"","_et_pb_old_content":"","_et_gb_content_width":""},"product_brand":[1244,1245],"product_cat":[4891,5808],"product_tag":[5812],"class_list":{"0":"post-43831","1":"product","2":"type-product","3":"status-publish","4":"has-post-thumbnail","6":"product_brand-igarmi","7":"product_brand-los-cantabros","8":"product_cat-dranken","9":"product_cat-vermout","10":"product_tag-igarmi-nl","12":"first","13":"outofstock","14":"featured","15":"taxable","16":"shipping-taxable","17":"product-type-variable"},"_links":{"self":[{"href":"https:\/\/myspainfood.com\/nl\/wp-json\/wp\/v2\/product\/43831","targetHints":{"allow":["GET"]}}],"collection":[{"href":"https:\/\/myspainfood.com\/nl\/wp-json\/wp\/v2\/product"}],"about":[{"href":"https:\/\/myspainfood.com\/nl\/wp-json\/wp\/v2\/types\/product"}],"wp:featuredmedia":[{"embeddable":true,"href":"https:\/\/myspainfood.com\/nl\/wp-json\/wp\/v2\/media\/43835"}],"wp:attachment":[{"href":"https:\/\/myspainfood.com\/nl\/wp-json\/wp\/v2\/media?parent=43831"}],"wp:term":[{"taxonomy":"product_brand","embeddable":true,"href":"https:\/\/myspainfood.com\/nl\/wp-json\/wp\/v2\/product_brand?post=43831"},{"taxonomy":"product_cat","embeddable":true,"href":"https:\/\/myspainfood.com\/nl\/wp-json\/wp\/v2\/product_cat?post=43831"},{"taxonomy":"product_tag","embeddable":true,"href":"https:\/\/myspainfood.com\/nl\/wp-json\/wp\/v2\/product_tag?post=43831"}],"curies":[{"name":"wp","href":"https:\/\/api.w.org\/{rel}","templated":true}]}}