{"id":48669,"date":"2025-04-10T12:07:47","date_gmt":"2025-04-10T10:07:47","guid":{"rendered":"https:\/\/myspainfood.com\/producto\/manzanilla-4-kg-242-aperitief\/"},"modified":"2025-04-10T12:07:47","modified_gmt":"2025-04-10T10:07:47","slug":"manzanilla-4-kg-242-aperitief","status":"publish","type":"product","link":"https:\/\/myspainfood.com\/nl\/producto\/manzanilla-4-kg-242-aperitief\/","title":{"rendered":"Manzanilla 4 kg 242 aperitief"},"content":{"rendered":"<p>De naam &#8220;manzanilla&#8221; wordt gegeven aan verschillende soorten olijfbomen (Olea europaea). Deze naam wordt ook gegeven aan de vrucht of olijf die ze produceren. De belangrijkste vari\u00ebteiten zijn manzanilla sevillana, manzanilla cacere\u00f1a en manzanilla alore\u00f1a.    <\/p>\n","protected":false},"excerpt":{"rendered":"<p>De naam &#8220;manzanilla&#8221; wordt gegeven aan verschillende soorten olijfbomen (Olea europaea). Deze naam wordt ook gegeven aan de vrucht of olijf die ze produceren. De belangrijkste vari\u00ebteiten zijn manzanilla sevillana, manzanilla cacere\u00f1a en manzanilla alore\u00f1a.<\/p>\n","protected":false},"featured_media":48671,"template":"","meta":{"_et_pb_use_builder":"","_et_pb_old_content":"","_et_gb_content_width":""},"product_brand":[1069],"product_cat":[1759,1758],"product_tag":[2040],"class_list":{"0":"post-48669","1":"product","2":"type-product","3":"status-publish","4":"has-post-thumbnail","6":"product_brand-sangar","7":"product_cat-olijven","8":"product_cat-pickles-nl","9":"product_tag-kamille-nl","11":"first","12":"outofstock","13":"taxable","14":"shipping-taxable","15":"purchasable","16":"product-type-simple"},"_links":{"self":[{"href":"https:\/\/myspainfood.com\/nl\/wp-json\/wp\/v2\/product\/48669","targetHints":{"allow":["GET"]}}],"collection":[{"href":"https:\/\/myspainfood.com\/nl\/wp-json\/wp\/v2\/product"}],"about":[{"href":"https:\/\/myspainfood.com\/nl\/wp-json\/wp\/v2\/types\/product"}],"wp:featuredmedia":[{"embeddable":true,"href":"https:\/\/myspainfood.com\/nl\/wp-json\/wp\/v2\/media\/48671"}],"wp:attachment":[{"href":"https:\/\/myspainfood.com\/nl\/wp-json\/wp\/v2\/media?parent=48669"}],"wp:term":[{"taxonomy":"product_brand","embeddable":true,"href":"https:\/\/myspainfood.com\/nl\/wp-json\/wp\/v2\/product_brand?post=48669"},{"taxonomy":"product_cat","embeddable":true,"href":"https:\/\/myspainfood.com\/nl\/wp-json\/wp\/v2\/product_cat?post=48669"},{"taxonomy":"product_tag","embeddable":true,"href":"https:\/\/myspainfood.com\/nl\/wp-json\/wp\/v2\/product_tag?post=48669"}],"curies":[{"name":"wp","href":"https:\/\/api.w.org\/{rel}","templated":true}]}}