{"id":49047,"date":"2025-04-10T12:09:49","date_gmt":"2025-04-10T10:09:49","guid":{"rendered":"https:\/\/myspainfood.com\/producto\/120-und-artisjokharten-naturel-10-14-extra-vruchten\/"},"modified":"2025-04-10T12:09:49","modified_gmt":"2025-04-10T10:09:49","slug":"120-und-artisjokharten-naturel-10-14-extra-vruchten","status":"publish","type":"product","link":"https:\/\/myspainfood.com\/nl\/producto\/120-und-artisjokharten-naturel-10-14-extra-vruchten\/","title":{"rendered":"120 und Artisjokharten, naturel 10\/14 extra vruchten"},"content":{"rendered":"<p>De Artisjokharten naturel 10\/14 extra vruchten zijn een natuurlijk product dat op <a href=\"http:\/\/www.conservasoti.es\/paginas\/historia.html\" target=\"_blank\" rel=\"noopener noreferrer nofollow\">ambachtelijke<\/a> wijze is verwerkt.<\/p>\n<p>Ingredi\u00ebnten: Artisjokken, water, zout, zuurteregelaar: citroenzuur en antioxidant: ascorbinezuur.<\/p>\n<p>Conservas Oti is een bedrijf met een familietraditie waarvan het goede werk van generatie op generatie is doorgegeven.<\/p>\n<p>Dankzij het harde werk en de inspanningen van de familie is <span class=\"negrita\">Conservas Oti<\/span> grotendeels in staat geweest om te groeien en uit te breiden.<\/p>\n<p>De belangrijkste bedrijfsgebieden zijn From the Sea, From the Land en From the Farm.<\/p>\n<p>Uit de zee: Mosselen, Ventresca, Sardinillas, Melva&#8230;<\/p>\n<p>Lokale producten zijn onder andere: Melkerwten, Witte Nierbonen, Pintobonen, Pardina Linzen&#8230; Artisjokharten, naturel 10\/14 extra vruchten <\/p>\n<p>Van de boerderij: Pure schapenkaas, Ib\u00e9rico ham van eikel, Ib\u00e9rico salchich\u00f3n van eikel, Ib\u00e9rico chorizo van eikel,&#8230;<\/p>\n<h4>Belangrijkste voordelen van ingeblikt voedsel<\/h4>\n<ol>\n<li>Ze behouden alle voedingseigenschappen van het voedsel zelf. Het voedsel behoudt zijn versheid. <\/li>\n<li>De gebruikte voedingsmiddelen zijn gezond en daarom geschikt voor een optimaal dieet dankzij hun hoge vitamine- en eiwitgehalte.<\/li>\n<li>Deze producten hebben een langere levensduur (2-5 jaar is gebruikelijk).<\/li>\n<li>De conserven zijn heel gemakkelijk op te bergen omdat de verpakking gemakkelijk aan te brengen is.<\/li>\n<\/ol>\n<p>Als u tonijn of een ander soort <a href=\"https:\/\/latiendadesami.com\/categoria-producto\/conservas\/\" rel=\"noopener noreferrer nofollow\" target=\"_blank\">ingeblikt voedsel<\/a> wilt kopen, aarzel dan niet om een kijkje te nemen in onze online catalogus om de grote verscheidenheid aan <a href=\"https:\/\/latiendadesami.com\/categoria-producto\/conservas\/atun-y-bonito\/\" target=\"_blank\" rel=\"noopener noreferrer nofollow\">tonijn die we hebben te<\/a> bekijken.<\/p>\n<p>Schrijf ons voor meer informatie.<\/p>\n","protected":false},"excerpt":{"rendered":"<p>Artisjokharten, naturel 10\/14 extra vruchten<\/p>\n","protected":false},"featured_media":47014,"template":"","meta":{"_et_pb_use_builder":"","_et_pb_old_content":"","_et_gb_content_width":""},"product_brand":[1075],"product_cat":[4754,1929,3040],"product_tag":[4755],"class_list":{"0":"post-49047","1":"product","2":"type-product","3":"status-publish","4":"has-post-thumbnail","6":"product_brand-oti","7":"product_cat-artisjokken","8":"product_cat-behoudt","9":"product_cat-groothandel","10":"product_tag-harten","12":"first","13":"outofstock","14":"taxable","15":"shipping-taxable","16":"purchasable","17":"product-type-simple"},"_links":{"self":[{"href":"https:\/\/myspainfood.com\/nl\/wp-json\/wp\/v2\/product\/49047","targetHints":{"allow":["GET"]}}],"collection":[{"href":"https:\/\/myspainfood.com\/nl\/wp-json\/wp\/v2\/product"}],"about":[{"href":"https:\/\/myspainfood.com\/nl\/wp-json\/wp\/v2\/types\/product"}],"wp:featuredmedia":[{"embeddable":true,"href":"https:\/\/myspainfood.com\/nl\/wp-json\/wp\/v2\/media\/47014"}],"wp:attachment":[{"href":"https:\/\/myspainfood.com\/nl\/wp-json\/wp\/v2\/media?parent=49047"}],"wp:term":[{"taxonomy":"product_brand","embeddable":true,"href":"https:\/\/myspainfood.com\/nl\/wp-json\/wp\/v2\/product_brand?post=49047"},{"taxonomy":"product_cat","embeddable":true,"href":"https:\/\/myspainfood.com\/nl\/wp-json\/wp\/v2\/product_cat?post=49047"},{"taxonomy":"product_tag","embeddable":true,"href":"https:\/\/myspainfood.com\/nl\/wp-json\/wp\/v2\/product_tag?post=49047"}],"curies":[{"name":"wp","href":"https:\/\/api.w.org\/{rel}","templated":true}]}}