{"id":49144,"date":"2025-04-10T12:10:00","date_gmt":"2025-04-10T10:10:00","guid":{"rendered":"https:\/\/myspainfood.com\/producto\/alino-de-mi-pueblo-chicon-olijven-900-gram-pak-6-stuks\/"},"modified":"2025-04-10T12:10:00","modified_gmt":"2025-04-10T10:10:00","slug":"alino-de-mi-pueblo-chicon-olijven-900-gram-pak-6-stuks","status":"publish","type":"product","link":"https:\/\/myspainfood.com\/nl\/producto\/alino-de-mi-pueblo-chicon-olijven-900-gram-pak-6-stuks\/","title":{"rendered":"Ali\u00f1o de mi pueblo Chic\u00f3n olijven 900 gram pak 6 stuks"},"content":{"rendered":"<p>De &#8220;Ali\u00f1o de mi Pueblo&#8221; <strong>manzanilla-olijven<\/strong> zijn <a href=\"https:\/\/aceitunaschiconlebron.com\/catalogo-productos\/comprar-aceitunas\/deshuesadas\/\" target=\"_blank\" rel=\"noopener noreferrer nofollow\">ontpitte olijven<\/a> die volgens een traditioneel recept op smaak zijn gebracht met de beste ingredi\u00ebnten.<\/p>\n<p>Het gebruik van natuurlijke kruiden en temperatuurbeheersing zijn het geheim om de speciale smaak van deze olijven te bereiken.<\/p>\n<p>Ali\u00f1o de mi pueblo olijven zijn zacht en het sappige vruchtvlees geeft ze een onmiskenbare smaak.<\/p>\n<p>Gedrenkt in pekel en behandeld om hun zuurgraad te verlagen, zijn de zelfgemaakte <a href=\"https:\/\/latiendadesami.com\/categoria-producto\/encurtidos\/\" target=\"_blank\" rel=\"noopener noreferrer nofollow\">ingemaakte<\/a> olijven een veelvoorkomend beeld op veel terrassen en in restaurants.<\/p>\n<h3>Voordelen van Ali\u00f1o de mi Pueblo olijven<\/h3>\n<p>Kent u de vele voordelen van deze <strong>olijven<\/strong>? Ze zijn zeer effectief in het voorkomen van hart- en vaatziekten in het algemeen. <\/p>\n<p>Dit komt door het hoge gehalte aan onverzadigde vetten. Daarnaast bevat het veel ijzer en vezels en is het zeer verzadigend, waardoor het een perfect tussendoortje is. <\/p>\n<p>Als u olijven of andere soorten <a href=\"https:\/\/latiendadesami.com\/categoria-producto\/encurtidos\/\" rel=\"noopener noreferrer nofollow\" target=\"_blank\">augurken<\/a> wilt kopen, aarzel dan niet om een kijkje te nemen in onze online catalogus om de grote verscheidenheid aan <a href=\"https:\/\/latiendadesami.com\/categoria-producto\/encurtidos\/aceitunas\/\" target=\"_blank\" rel=\"noopener noreferrer nofollow\">olijven<\/a> die we hebben te bekijken.<\/p>\n","protected":false},"excerpt":{"rendered":"<p>De &#8220;Ali\u00f1o de mi Pueblo&#8221; manzanilla-olijven zijn ontpitte olijven die volgens een traditioneel recept op smaak zijn gebracht met de beste ingredi\u00ebnten. Het gebruik van natuurlijke kruiden en temperatuurbeheersing zijn het geheim om de speciale smaak van deze olijven te bereiken. Ali\u00f1o de mi pueblo olijven zijn zacht en het sappige vruchtvlees geeft ze een [&hellip;]<\/p>\n","protected":false},"featured_media":49149,"template":"","meta":{"_et_pb_use_builder":"","_et_pb_old_content":"","_et_gb_content_width":""},"product_brand":[1036],"product_cat":[3040,3165],"product_tag":[9929],"class_list":{"0":"post-49144","1":"product","2":"type-product","3":"status-publish","4":"has-post-thumbnail","6":"product_brand-chicon","7":"product_cat-groothandel","8":"product_cat-pickles-nl-2","9":"product_tag-dorp","11":"first","12":"instock","13":"taxable","14":"shipping-taxable","15":"purchasable","16":"product-type-variable"},"_links":{"self":[{"href":"https:\/\/myspainfood.com\/nl\/wp-json\/wp\/v2\/product\/49144","targetHints":{"allow":["GET"]}}],"collection":[{"href":"https:\/\/myspainfood.com\/nl\/wp-json\/wp\/v2\/product"}],"about":[{"href":"https:\/\/myspainfood.com\/nl\/wp-json\/wp\/v2\/types\/product"}],"wp:featuredmedia":[{"embeddable":true,"href":"https:\/\/myspainfood.com\/nl\/wp-json\/wp\/v2\/media\/49149"}],"wp:attachment":[{"href":"https:\/\/myspainfood.com\/nl\/wp-json\/wp\/v2\/media?parent=49144"}],"wp:term":[{"taxonomy":"product_brand","embeddable":true,"href":"https:\/\/myspainfood.com\/nl\/wp-json\/wp\/v2\/product_brand?post=49144"},{"taxonomy":"product_cat","embeddable":true,"href":"https:\/\/myspainfood.com\/nl\/wp-json\/wp\/v2\/product_cat?post=49144"},{"taxonomy":"product_tag","embeddable":true,"href":"https:\/\/myspainfood.com\/nl\/wp-json\/wp\/v2\/product_tag?post=49144"}],"curies":[{"name":"wp","href":"https:\/\/api.w.org\/{rel}","templated":true}]}}