{"id":49597,"date":"2025-04-10T12:07:46","date_gmt":"2025-04-10T10:07:46","guid":{"rendered":"https:\/\/myspainfood.com\/producto\/manzanilla-4-kg-kaliber-180-200\/"},"modified":"2025-04-10T12:07:46","modified_gmt":"2025-04-10T10:07:46","slug":"manzanilla-4-kg-kaliber-180-200","status":"publish","type":"product","link":"https:\/\/myspainfood.com\/nl\/producto\/manzanilla-4-kg-kaliber-180-200\/","title":{"rendered":"Manzanilla 4 kg kaliber 180\/200"},"content":{"rendered":"<p>Manzanilla-olijven 180\/200 kaliber 4kg behouden hun <a href=\"https:\/\/www.google.com\/search?q=aceituna+manzanilla+calibre&amp;tbm=isch&amp;ved=2ahUKEwjzs-WOhPD1AhWHh1wKHXXjAgAQ2-cCegQIABAA&amp;oq=aceituna+manzanilla+calibre&amp;gs_lcp=CgNpbWcQA1CzBli4GGC8GWgAcAB4AIABbYgBzQySAQQxNy4ymAEAoAEBqgELZ3dzLXdpei1pbWfAAQE&amp;sclient=img&amp;ei=6FcCYvOfBoeP8gL1xgs&amp;bih=780&amp;biw=1577\" target=\"_blank\" rel=\"noopener noreferrer nofollow\">oorspronkelijke<\/a> vorm, waardoor de pit in de vrucht blijft.<\/p>\n<p>Verschillende vari\u00ebteiten van de olijfboom (Olea europaea) staan bekend als kamille.<\/p>\n<p>Deze naam wordt ook gegeven aan de vrucht of olijf die ze produceren.<\/p>\n<p>De belangrijkste vari\u00ebteiten zijn manzanilla sevillana, manzanilla cacere\u00f1a en manzanilla alore\u00f1a.<\/p>\n<p>Het is aan te raden om deze hele olijven op een koele, droge plaats te bewaren, uit het zonlicht.<\/p>\n<h3>Voordelen van Kamille 180\/200 kaliber 4kg<\/h3>\n<p>Kent u de vele voordelen van deze olijven? Ze zijn zeer effectief in het voorkomen van hart- en vaatziekten in het algemeen. <\/p>\n<p>Dit komt door het hoge gehalte aan onverzadigde vetten. Daarnaast bevat het veel ijzer en vezels en is het zeer verzadigend, waardoor het een perfect tussendoortje is. <\/p>\n<p>Als u olijven of andere soorten <a href=\"https:\/\/latiendadesami.com\/categoria-producto\/encurtidos\/\" rel=\"noopener noreferrer nofollow\" target=\"_blank\">augurken<\/a> wilt kopen, aarzel dan niet om een kijkje te nemen in onze online catalogus om de grote verscheidenheid aan <a href=\"https:\/\/latiendadesami.com\/categoria-producto\/encurtidos\/aceitunas\/\" target=\"_blank\" rel=\"noopener noreferrer nofollow\">olijven<\/a> die we hebben te bekijken.<\/p>\n","protected":false},"excerpt":{"rendered":"<p>Manzanilla-olijven 180\/200 kaliber 4kg behouden hun oorspronkelijke vorm, waardoor de pit in de vrucht blijft. Verschillende vari\u00ebteiten van de olijfboom (Olea europaea) staan bekend als kamille. Deze naam wordt ook gegeven aan de vrucht of olijf die ze produceren. De belangrijkste vari\u00ebteiten zijn manzanilla sevillana, manzanilla cacere\u00f1a en manzanilla alore\u00f1a. Het is aan te raden [&hellip;]<\/p>\n","protected":false},"featured_media":49598,"template":"","meta":{"_et_pb_use_builder":"","_et_pb_old_content":"","_et_gb_content_width":""},"product_brand":[1069],"product_cat":[1759,1758],"product_tag":[2040],"class_list":{"0":"post-49597","1":"product","2":"type-product","3":"status-publish","4":"has-post-thumbnail","6":"product_brand-sangar","7":"product_cat-olijven","8":"product_cat-pickles-nl","9":"product_tag-kamille-nl","11":"first","12":"outofstock","13":"taxable","14":"shipping-taxable","15":"purchasable","16":"product-type-simple"},"_links":{"self":[{"href":"https:\/\/myspainfood.com\/nl\/wp-json\/wp\/v2\/product\/49597","targetHints":{"allow":["GET"]}}],"collection":[{"href":"https:\/\/myspainfood.com\/nl\/wp-json\/wp\/v2\/product"}],"about":[{"href":"https:\/\/myspainfood.com\/nl\/wp-json\/wp\/v2\/types\/product"}],"wp:featuredmedia":[{"embeddable":true,"href":"https:\/\/myspainfood.com\/nl\/wp-json\/wp\/v2\/media\/49598"}],"wp:attachment":[{"href":"https:\/\/myspainfood.com\/nl\/wp-json\/wp\/v2\/media?parent=49597"}],"wp:term":[{"taxonomy":"product_brand","embeddable":true,"href":"https:\/\/myspainfood.com\/nl\/wp-json\/wp\/v2\/product_brand?post=49597"},{"taxonomy":"product_cat","embeddable":true,"href":"https:\/\/myspainfood.com\/nl\/wp-json\/wp\/v2\/product_cat?post=49597"},{"taxonomy":"product_tag","embeddable":true,"href":"https:\/\/myspainfood.com\/nl\/wp-json\/wp\/v2\/product_tag?post=49597"}],"curies":[{"name":"wp","href":"https:\/\/api.w.org\/{rel}","templated":true}]}}