{"id":62943,"date":"2025-10-10T12:25:49","date_gmt":"2025-10-10T10:25:49","guid":{"rendered":"https:\/\/myspainfood.com\/producto\/mosselen-in-ingemaakte-saus-6-8-stuks-biologische-olijfolie-rias-baixas-115-g\/"},"modified":"2025-10-10T12:25:49","modified_gmt":"2025-10-10T10:25:49","slug":"mosselen-in-ingemaakte-saus-6-8-stuks-biologische-olijfolie-rias-baixas-115-g","status":"publish","type":"product","link":"https:\/\/myspainfood.com\/nl\/producto\/mosselen-in-ingemaakte-saus-6-8-stuks-biologische-olijfolie-rias-baixas-115-g\/","title":{"rendered":"Mosselen in ingemaakte saus 6\/8 stuks biologische olijfolie Rias Baixas 115 g"},"content":{"rendered":"<p>De Galicische mossel (mytilus galloprovincialis) is in Spanje al de belangrijkste gekweekte soort van de 21e eeuw geworden. En er moet wel iets zijn met mosselen van onze kusten, want al in de 4e eeuw voor Christus werden ze gegeten door de bewoners van de Castros en vandaag de dag zijn er meer dan 3000 mosselbanken nodig om aan de groeiende marktvraag te voldoen. <\/p>\n<p>CONSERVAS R\u00cdAS BAIXAS 1907 selecteert de mosselen van de best gelegen mosselbanken en wacht geduldig op het juiste moment om ze eruit te halen, wanneer het weekdier op zijn beste moment van rijpheid is. Wij breken liever voorraden af dan u een kuitmossel van lage kwaliteit aan te bieden. <\/p>\n<p>Nadat de mosselen gewassen en gezuiverd zijn, worden ze gestoomd en worden de baarden voorzichtig verwijderd om de mosselen niet te beschadigen. Daarna bakken we ze in goede olie en nadat we de juiste maten hebben geselecteerd, pakken we ze \u00e9\u00e9n voor \u00e9\u00e9n met de hand in, zodat u bij het openen van het blik een prachtig zicht krijgt op \u00e9\u00e9n van onze sterproducten. <\/p>\n<p>Het andere geheim waardoor onze mosselen een van de meest gewaardeerde op de markt zijn, is onze escabeche, die met de hand wordt gemaakt volgens een recept dat we van generaties geleden hebben ge\u00ebrfd. We gebruiken paprika en rode wijnazijn van de hoogste kwaliteit, biologische extra vergine olijfolie* en we maken het af met natuurlijke laurierblaadjes. <\/p>\n<p>En zoals u waarschijnlijk al weet, zijn Galicische mosselen een uitstekende bron van eiwitten, met voedingswaarden die vergelijkbaar zijn met die van kreeft of heek. Maar naast rijk aan prote\u00efne bevat het weinig calorie\u00ebn en is het rijk aan vitamine A, B-vitamines, vitamine C, E en K, evenals mineralen: calcium, koper, fosfor, ijzer, magnesium, mangaan, kalium, selenium, natrium, jodium en zink. <\/p>\n","protected":false},"excerpt":{"rendered":"<p>De Galicische mossel (mytilus galloprovincialis) is in Spanje al de belangrijkste gekweekte soort van de 21e eeuw geworden. En er moet wel iets zijn met mosselen van onze kusten, want al in de 4e eeuw voor Christus werden ze gegeten door de bewoners van de Castros en vandaag de dag zijn er meer dan 3000 [&hellip;]<\/p>\n","protected":false},"featured_media":59363,"template":"","meta":{"_et_pb_use_builder":"","_et_pb_old_content":"","_et_gb_content_width":""},"product_brand":[11014],"product_cat":[1929,4067,11059],"product_tag":[],"class_list":{"0":"post-62943","1":"product","2":"type-product","3":"status-publish","4":"has-post-thumbnail","6":"product_brand-rias-baixas","7":"product_cat-behoudt","8":"product_cat-mosselen-nl-2","9":"product_cat-nieuw","11":"first","12":"instock","13":"taxable","14":"shipping-taxable","15":"purchasable","16":"product-type-variable"},"_links":{"self":[{"href":"https:\/\/myspainfood.com\/nl\/wp-json\/wp\/v2\/product\/62943","targetHints":{"allow":["GET"]}}],"collection":[{"href":"https:\/\/myspainfood.com\/nl\/wp-json\/wp\/v2\/product"}],"about":[{"href":"https:\/\/myspainfood.com\/nl\/wp-json\/wp\/v2\/types\/product"}],"wp:featuredmedia":[{"embeddable":true,"href":"https:\/\/myspainfood.com\/nl\/wp-json\/wp\/v2\/media\/59363"}],"wp:attachment":[{"href":"https:\/\/myspainfood.com\/nl\/wp-json\/wp\/v2\/media?parent=62943"}],"wp:term":[{"taxonomy":"product_brand","embeddable":true,"href":"https:\/\/myspainfood.com\/nl\/wp-json\/wp\/v2\/product_brand?post=62943"},{"taxonomy":"product_cat","embeddable":true,"href":"https:\/\/myspainfood.com\/nl\/wp-json\/wp\/v2\/product_cat?post=62943"},{"taxonomy":"product_tag","embeddable":true,"href":"https:\/\/myspainfood.com\/nl\/wp-json\/wp\/v2\/product_tag?post=62943"}],"curies":[{"name":"wp","href":"https:\/\/api.w.org\/{rel}","templated":true}]}}