{"id":63020,"date":"2025-10-10T12:25:49","date_gmt":"2025-10-10T10:25:49","guid":{"rendered":"https:\/\/myspainfood.com\/producto\/scheermessen-uit-finisterre-in-rias-baixas-biologische-olijfolie-115-g\/"},"modified":"2025-10-10T12:25:49","modified_gmt":"2025-10-10T10:25:49","slug":"scheermessen-uit-finisterre-in-rias-baixas-biologische-olijfolie-115-g","status":"publish","type":"product","link":"https:\/\/myspainfood.com\/nl\/producto\/scheermessen-uit-finisterre-in-rias-baixas-biologische-olijfolie-115-g\/","title":{"rendered":"Scheermessen uit Finisterre in Rias Baixas biologische olijfolie 115 g"},"content":{"rendered":"<p>Scheermessen worden op veel plaatsen in onze prachtige R\u00edas gewonnen, maar er is er \u00e9\u00e9n waar scheermessen en longueirones de hoogste kwaliteit bereiken: Finisterre (Fisterra). En omdat het niet anders kan, kopen we bij CONSERVAS R\u00cdAS BAIXAS 1907 alleen maar scheermessen van deze paradijselijke stranden en alleen maar schelpdieren die \u00e9\u00e9n voor \u00e9\u00e9n gevangen worden door vrije duikers om ervoor te zorgen dat de natuurlijke omgeving behouden blijft, zodat ook toekomstige generaties van deze delicatesse kunnen genieten. <\/p>\n<p>Het verse scheermes wordt gezuiverd in zout water om eventueel achtergebleven zand te verwijderen en vervolgens zorgvuldig verpakt in onze faciliteiten in Moa\u00f1a.<\/p>\n<p>En hoewel de Finisterre scheermessen al een delicatesse op zich zijn, hebben we ervoor gekozen om ze te presenteren in biologische extra vierge olijfolie*. Het resultaat is spectaculair en we nodigen u uit om het te proberen. <\/p>\n<p>Bovendien bevatten scheermessen weinig calorie\u00ebn en lipiden. Aan de andere kant zijn scheermessen rijk aan meervoudig onverzadigde vetzuren OMEGA 3, en daarom wordt de consumptie ervan sterk aanbevolen. <\/p>\n","protected":false},"excerpt":{"rendered":"<p>Scheermessen worden op veel plaatsen in onze prachtige R\u00edas gewonnen, maar er is er \u00e9\u00e9n waar scheermessen en longueirones de hoogste kwaliteit bereiken: Finisterre (Fisterra). En omdat het niet anders kan, kopen we bij CONSERVAS R\u00cdAS BAIXAS 1907 alleen maar scheermessen van deze paradijselijke stranden en alleen maar schelpdieren die \u00e9\u00e9n voor \u00e9\u00e9n gevangen worden [&hellip;]<\/p>\n","protected":false},"featured_media":59290,"template":"","meta":{"_et_pb_use_builder":"","_et_pb_old_content":"","_et_gb_content_width":""},"product_brand":[11014],"product_cat":[1929,11059,7684],"product_tag":[],"class_list":{"0":"post-63020","1":"product","2":"type-product","3":"status-publish","4":"has-post-thumbnail","6":"product_brand-rias-baixas","7":"product_cat-behoudt","8":"product_cat-nieuw","9":"product_cat-scheermessen","11":"first","12":"instock","13":"taxable","14":"shipping-taxable","15":"purchasable","16":"product-type-variable"},"_links":{"self":[{"href":"https:\/\/myspainfood.com\/nl\/wp-json\/wp\/v2\/product\/63020","targetHints":{"allow":["GET"]}}],"collection":[{"href":"https:\/\/myspainfood.com\/nl\/wp-json\/wp\/v2\/product"}],"about":[{"href":"https:\/\/myspainfood.com\/nl\/wp-json\/wp\/v2\/types\/product"}],"wp:featuredmedia":[{"embeddable":true,"href":"https:\/\/myspainfood.com\/nl\/wp-json\/wp\/v2\/media\/59290"}],"wp:attachment":[{"href":"https:\/\/myspainfood.com\/nl\/wp-json\/wp\/v2\/media?parent=63020"}],"wp:term":[{"taxonomy":"product_brand","embeddable":true,"href":"https:\/\/myspainfood.com\/nl\/wp-json\/wp\/v2\/product_brand?post=63020"},{"taxonomy":"product_cat","embeddable":true,"href":"https:\/\/myspainfood.com\/nl\/wp-json\/wp\/v2\/product_cat?post=63020"},{"taxonomy":"product_tag","embeddable":true,"href":"https:\/\/myspainfood.com\/nl\/wp-json\/wp\/v2\/product_tag?post=63020"}],"curies":[{"name":"wp","href":"https:\/\/api.w.org\/{rel}","templated":true}]}}